{"id":263,"date":"2012-02-09T15:33:11","date_gmt":"2012-02-09T15:33:11","guid":{"rendered":"http:\/\/www2.unifap.br\/cambientais\/?page_id=263"},"modified":"2024-09-17T11:45:08","modified_gmt":"2024-09-17T11:45:08","slug":"projeto-politico-pedagogico","status":"publish","type":"page","link":"http:\/\/www2.unifap.br\/cambientais\/sobre-o-curso\/projeto-politico-pedagogico\/","title":{"rendered":"Projeto Pedag\u00f3gico do Curso"},"content":{"rendered":"\t\t<div data-elementor-type=\"wp-page\" data-elementor-id=\"263\" class=\"elementor elementor-263\">\n\t\t\t\t\t\t<section class=\"elementor-section elementor-top-section elementor-element elementor-element-da708eb elementor-section-boxed elementor-section-height-default elementor-section-height-default\" data-id=\"da708eb\" data-element_type=\"section\" data-e-type=\"section\">\n\t\t\t\t\t\t<div class=\"elementor-container elementor-column-gap-default\">\n\t\t\t\t\t<div class=\"elementor-column elementor-col-100 elementor-top-column elementor-element elementor-element-f8a6bf0\" data-id=\"f8a6bf0\" data-element_type=\"column\" data-e-type=\"column\">\n\t\t\t<div class=\"elementor-widget-wrap elementor-element-populated\">\n\t\t\t\t\t\t<div class=\"elementor-element elementor-element-2bd7628 elementor-widget elementor-widget-text-editor\" data-id=\"2bd7628\" data-element_type=\"widget\" data-e-type=\"widget\" data-widget_type=\"text-editor.default\">\n\t\t\t\t<div class=\"elementor-widget-container\">\n\t\t\t\t\t\t\t\t\t<p style=\"text-align: left\"><span style=\"color: #000000\">Um dos pilares conceituais das Ci\u00eancias Ambientais envolve cr\u00edtica \u00e0 excessiva especializa\u00e7\u00e3o disciplinar e \u00e0 consequente fragmenta\u00e7\u00e3o do conhecimento. Embora esta cr\u00edtica receba apoio de algumas das mais respeit\u00e1veis correntes filos\u00f3ficas do pensamento contempor\u00e2neo, \u00e9 imposs\u00edvel negar que uma nova forma de fazer ci\u00eancia est\u00e1 longe de se materializar em resultados efetivos do ponto de vista da sustentabilidade socioambiental. Ambientalistas, economistas, ge\u00f3logos, bi\u00f3logos, ge\u00f3grafos, engenheiros, cientistas sociais, dentre outros, devem enfrentar e desafiar os problemas e as crises ambientais com abertura de esp\u00edrito, com curiosidade universalista, contudo, for\u00e7osamente \u2013 at\u00e9 aqui, ao menos \u2013 no \u00e2mbito de suas disciplinas.<\/span><\/p><p style=\"text-align: left\"><span style=\"color: #000000\">Estruturado segundo o regime semestral, o curr\u00edculo pleno do Curso de Ci\u00eancias Ambientais compreende uma carga hor\u00e1ria de 3.390 horas, distribu\u00eddas em Disciplinas Obrigat\u00f3rias (2.100 horas), Disciplinas Optativas (240 horas), Trabalho de Conclus\u00e3o de Curso \u2013 TCC (120 horas), Est\u00e1gio Supervisionado Obrigat\u00f3rio &#8211; ESO (360 horas), Atividades Curriculares Complementares &#8211; ACC (210 horas) e Atividade Curricular de Extens\u00e3o &#8211; ACE (360 horas).<\/span><\/p><p style=\"text-align: left\"><span style=\"color: #000000\">Mesmo n\u00e3o tendo diretriz curricular espec\u00edfica, o projeto pedag\u00f3gico do curso em Ci\u00eancias Ambientais, pela sua concep\u00e7\u00e3o, valoriza a forma\u00e7\u00e3o de um profissional com compet\u00eancia intelectual para refletir a heterogeneidade das demandas sociais e apto a enfrentar os desafios das din\u00e2micas de transforma\u00e7\u00f5es educacionais e profissionais.<\/span><\/p><p><span style=\"color: #000000\">Acesse abaixo o PPC do curso:<\/span><\/p><ul><li><span style=\"color: #0000ff\"><a style=\"color: #0000ff\" href=\"http:\/\/www2.unifap.br\/cambientais\/files\/2023\/03\/Projeto-Politico-Pedagogico-Ciencias-Ambientais.pdf\">Projeto Pedag\u00f3gico do Curso (2010)<\/a><\/span><\/li><li><a href=\"http:\/\/www2.unifap.br\/cambientais\/files\/2024\/09\/PPC_CienciasAmbientais_Aprovado_2024.pdf\"><span style=\"color: #0000ff\">Projeto Pedag\u00f3gico do Curso (2024)<\/span><\/a><\/li><\/ul>\t\t\t\t\t\t\t\t<\/div>\n\t\t\t\t<\/div>\n\t\t\t\t\t<\/div>\n\t\t<\/div>\n\t\t\t\t\t<\/div>\n\t\t<\/section>\n\t\t\t\t<section class=\"elementor-section elementor-top-section elementor-element elementor-element-25d69e87 elementor-section-boxed elementor-section-height-default elementor-section-height-default\" data-id=\"25d69e87\" data-element_type=\"section\" data-e-type=\"section\">\n\t\t\t\t\t\t<div class=\"elementor-container elementor-column-gap-default\">\n\t\t\t\t\t<div class=\"elementor-column elementor-col-100 elementor-top-column elementor-element elementor-element-3e5cd17e\" data-id=\"3e5cd17e\" data-element_type=\"column\" data-e-type=\"column\">\n\t\t\t<div class=\"elementor-widget-wrap elementor-element-populated\">\n\t\t\t\t\t\t<div class=\"elementor-element elementor-element-d1d2fdd elementor-widget-divider--view-line elementor-widget elementor-widget-divider\" data-id=\"d1d2fdd\" data-element_type=\"widget\" data-e-type=\"widget\" data-widget_type=\"divider.default\">\n\t\t\t\t<div class=\"elementor-widget-container\">\n\t\t\t\t\t\t\t<div class=\"elementor-divider\">\n\t\t\t<span class=\"elementor-divider-separator\">\n\t\t\t\t\t\t<\/span>\n\t\t<\/div>\n\t\t\t\t\t\t<\/div>\n\t\t\t\t<\/div>\n\t\t\t\t<div class=\"elementor-element elementor-element-4eb7e5f elementor-widget elementor-widget-spacer\" data-id=\"4eb7e5f\" data-element_type=\"widget\" data-e-type=\"widget\" data-widget_type=\"spacer.default\">\n\t\t\t\t<div class=\"elementor-widget-container\">\n\t\t\t\t\t\t\t<div class=\"elementor-spacer\">\n\t\t\t<div class=\"elementor-spacer-inner\"><\/div>\n\t\t<\/div>\n\t\t\t\t\t\t<\/div>\n\t\t\t\t<\/div>\n\t\t\t\t<div class=\"elementor-element elementor-element-4de81f09 elementor-button-info elementor-align-left elementor-widget elementor-widget-button\" data-id=\"4de81f09\" data-element_type=\"widget\" data-e-type=\"widget\" data-widget_type=\"button.default\">\n\t\t\t\t<div class=\"elementor-widget-container\">\n\t\t\t\t\t\t\t\t\t<div class=\"elementor-button-wrapper\">\n\t\t\t\t\t<a class=\"elementor-button elementor-button-link elementor-size-md\" href=\"https:\/\/www2.unifap.br\/cambientais\">\n\t\t\t\t\t\t<span class=\"elementor-button-content-wrapper\">\n\t\t\t\t\t\t<span class=\"elementor-button-icon\">\n\t\t\t\t<i aria-hidden=\"true\" class=\"fas fa-home\"><\/i>\t\t\t<\/span>\n\t\t\t\t\t\t\t\t\t<span class=\"elementor-button-text\">In\u00edcio<\/span>\n\t\t\t\t\t<\/span>\n\t\t\t\t\t<\/a>\n\t\t\t\t<\/div>\n\t\t\t\t\t\t\t\t<\/div>\n\t\t\t\t<\/div>\n\t\t\t\t\t<\/div>\n\t\t<\/div>\n\t\t\t\t\t<\/div>\n\t\t<\/section>\n\t\t\t\t<\/div>\n\t\t","protected":false},"excerpt":{"rendered":"<p>Um dos pilares conceituais das Ci\u00eancias Ambientais envolve cr\u00edtica \u00e0 excessiva especializa\u00e7\u00e3o disciplinar e \u00e0 consequente fragmenta\u00e7\u00e3o do conhecimento. Embora esta cr\u00edtica receba apoio de algumas das mais respeit\u00e1veis correntes filos\u00f3ficas do pensamento contempor\u00e2neo, \u00e9 imposs\u00edvel negar que uma nova forma de fazer ci\u00eancia est\u00e1 longe de se materializar em \u2026 <a class=\"continue-reading-link\" href=\"http:\/\/www2.unifap.br\/cambientais\/sobre-o-curso\/projeto-politico-pedagogico\/\"> Continue Lendo <span class=\"meta-nav\">&rarr; <\/span><\/a><\/p>\n","protected":false},"author":3976,"featured_media":0,"parent":18,"menu_order":0,"comment_status":"open","ping_status":"open","template":"","meta":{"inline_featured_image":false,"ngg_post_thumbnail":0,"footnotes":""},"class_list":["post-263","page","type-page","status-publish","hentry"],"_links":{"self":[{"href":"http:\/\/www2.unifap.br\/cambientais\/wp-json\/wp\/v2\/pages\/263","targetHints":{"allow":["GET"]}}],"collection":[{"href":"http:\/\/www2.unifap.br\/cambientais\/wp-json\/wp\/v2\/pages"}],"about":[{"href":"http:\/\/www2.unifap.br\/cambientais\/wp-json\/wp\/v2\/types\/page"}],"author":[{"embeddable":true,"href":"http:\/\/www2.unifap.br\/cambientais\/wp-json\/wp\/v2\/users\/3976"}],"replies":[{"embeddable":true,"href":"http:\/\/www2.unifap.br\/cambientais\/wp-json\/wp\/v2\/comments?post=263"}],"version-history":[{"count":34,"href":"http:\/\/www2.unifap.br\/cambientais\/wp-json\/wp\/v2\/pages\/263\/revisions"}],"predecessor-version":[{"id":4330,"href":"http:\/\/www2.unifap.br\/cambientais\/wp-json\/wp\/v2\/pages\/263\/revisions\/4330"}],"up":[{"embeddable":true,"href":"http:\/\/www2.unifap.br\/cambientais\/wp-json\/wp\/v2\/pages\/18"}],"wp:attachment":[{"href":"http:\/\/www2.unifap.br\/cambientais\/wp-json\/wp\/v2\/media?parent=263"}],"curies":[{"name":"wp","href":"https:\/\/api.w.org\/{rel}","templated":true}]}}