{"id":2750,"date":"2023-03-27T19:47:19","date_gmt":"2023-03-27T19:47:19","guid":{"rendered":"https:\/\/www2.unifap.br\/cambientais\/?page_id=2750"},"modified":"2026-02-20T11:06:02","modified_gmt":"2026-02-20T11:06:02","slug":"atividades-curriculares-complementares-acc","status":"publish","type":"page","link":"http:\/\/www2.unifap.br\/cambientais\/atividades-curriculares-complementares-acc\/","title":{"rendered":"Atividades Curriculares Complementares &#8211; ACC"},"content":{"rendered":"\t\t<div data-elementor-type=\"wp-page\" data-elementor-id=\"2750\" class=\"elementor elementor-2750\">\n\t\t\t\t\t\t<section class=\"elementor-section elementor-top-section elementor-element elementor-element-45434d6 elementor-section-boxed elementor-section-height-default elementor-section-height-default\" data-id=\"45434d6\" data-element_type=\"section\" data-e-type=\"section\">\n\t\t\t\t\t\t<div class=\"elementor-container elementor-column-gap-default\">\n\t\t\t\t\t<div class=\"elementor-column elementor-col-100 elementor-top-column elementor-element elementor-element-6c74dce\" data-id=\"6c74dce\" data-element_type=\"column\" data-e-type=\"column\">\n\t\t\t<div class=\"elementor-widget-wrap elementor-element-populated\">\n\t\t\t\t\t\t<div class=\"elementor-element elementor-element-511c1b0 elementor-widget elementor-widget-text-editor\" data-id=\"511c1b0\" data-element_type=\"widget\" data-e-type=\"widget\" data-widget_type=\"text-editor.default\">\n\t\t\t\t<div class=\"elementor-widget-container\">\n\t\t\t\t\t\t\t\t\t<p><span style=\"color: #000000\">As Atividades Curriculares Complementares (ACC) s\u00e3o entendidas como componente curricular obrigat\u00f3rio da matriz dos Cursos de Gradua\u00e7\u00e3o, que se materializa por interm\u00e9dio de estudos e atividades independentes, n\u00e3o compreendidas nas pr\u00e1ticas previstas no desenvolvimento regular das disciplinas. T\u00eam por finalidade estimular e possibilitar aos discentes um aprofundamento e a diversifica\u00e7\u00e3o da forma\u00e7\u00e3o profissional, cultural e social, em conson\u00e2ncia com as diretrizes curriculares nacionais e tornar-se parte integrante do PPC. A realiza\u00e7\u00e3o das atividades complementares dever\u00e1 sempre seguir o preconizado na resolu\u00e7\u00e3o no 24\/2008 de 22 de outubro de 2008 do CONSU\/UNIFAP.<\/span><\/p><p><span style=\"color: #000000\">As AC devem ser integralizadas no decorrer do Curso e tem a carga hor\u00e1ria m\u00ednima de 210 horas, conforme expresso na Resolu\u00e7\u00e3o n\u00ba 024\/2008 \u2013 CONSU (BRASIL\/UNIFAP, 2008), que disp\u00f5e sobre as diretrizes das Atividades Complementares no \u00e2mbito da UNIFAP. O aluno, durante os semestres letivos ap\u00f3s seu ingresso curso, poder\u00e1 pleitear os cr\u00e9ditos de AC em seu hist\u00f3rico escolar, mediante protocolo junto \u00e0 Coordena\u00e7\u00e3o do Curso de Ci\u00eancias Ambientais<\/span><\/p><p><span style=\"color: #000000\">Os discentes podem, a qualquer tempo, mediante totaliza\u00e7\u00e3o das 210 h, solicitar os cr\u00e9ditos de ACC em seu hist\u00f3rico escolar, mediante protocolo junto \u00e0 Coordena\u00e7\u00e3o do Curso de Ci\u00eancias Ambientais.<\/span><\/p><p><strong><span style=\"color: #000000\">PROCEDIMENTOS PARA SOLICITAR O CR\u00c9DITO DE ACC&#8217;s JUNTO \u00c0 COORDENA\u00c7\u00c3O DO CURSO<\/span><\/strong><\/p><p><span style=\"color: #000000\">1. Juntar os certificados de ACC&#8217;s;<\/span><\/p><p><span style=\"color: #000000\">2. Preencher a &#8220;<span style=\"color: #339966\"><strong><a style=\"color: #339966\" href=\"http:\/\/www2.unifap.br\/cambientais\/files\/2023\/03\/Relacao-de-Documentos-para-Atividades-Complementares-a-ser-preenchida-pelo-a-discente.pdf\">Rela\u00e7\u00e3o de Documentos para Atividades Curriculares Complementares<\/a><\/strong><\/span>&#8220;;<\/span><\/p><p><span style=\"color: #000000\">3. Preencher seu nome e matr\u00edcula na &#8220;<span style=\"color: #339966\"><strong><a style=\"color: #339966\" href=\"http:\/\/www2.unifap.br\/cambientais\/files\/2023\/03\/Anexo-1-FICHA-DE-AVALIACAO-E-INTEGRACAO-DE-ATIVIDADES-COMPLEMENTARES.pdf\">Ficha de avalia\u00e7\u00e3o de atividades curriculares complementares<\/a><\/strong><\/span>&#8220;;<\/span><\/p><p><span style=\"color: #000000\">4. Encaminhar os documentos\/certificados (item 1) e os documentos desta lista (itens 2-3) em formato <b>PDF \u00fanico<\/b> para o e-mail: <span style=\"color: #0000ff\">ciencias.ambientais@unifap.br<\/span><\/span><\/p><p><span style=\"color: #000000\"> Abaixo est\u00e1 dispon\u00edvel o Regimento do Curso de Ci\u00eancias Ambientais relacionado \u00e0s Atividades Curriculares Complementares (ACC):<\/span><\/p><ul><li><strong><a href=\"http:\/\/www2.unifap.br\/cambientais\/files\/2023\/03\/Regulamento-para-Atividades-Complementares-%E2%80%93-AC-do-Curso-de-Bacharelado-em-Ciencias-Ambientais.pdf\">Regulamento para Atividades Complementares \u2013 ACC<\/a><\/strong><\/li><\/ul>\t\t\t\t\t\t\t\t<\/div>\n\t\t\t\t<\/div>\n\t\t\t\t\t<\/div>\n\t\t<\/div>\n\t\t\t\t\t<\/div>\n\t\t<\/section>\n\t\t\t\t<section class=\"elementor-section elementor-top-section elementor-element elementor-element-a974106 elementor-section-boxed elementor-section-height-default elementor-section-height-default\" data-id=\"a974106\" data-element_type=\"section\" data-e-type=\"section\">\n\t\t\t\t\t\t<div class=\"elementor-container elementor-column-gap-default\">\n\t\t\t\t\t<div class=\"elementor-column elementor-col-100 elementor-top-column elementor-element elementor-element-2482f20\" data-id=\"2482f20\" data-element_type=\"column\" data-e-type=\"column\">\n\t\t\t<div class=\"elementor-widget-wrap elementor-element-populated\">\n\t\t\t\t\t\t<div class=\"elementor-element elementor-element-86e1f29 elementor-widget-divider--view-line elementor-widget elementor-widget-divider\" data-id=\"86e1f29\" data-element_type=\"widget\" data-e-type=\"widget\" data-widget_type=\"divider.default\">\n\t\t\t\t<div class=\"elementor-widget-container\">\n\t\t\t\t\t\t\t<div class=\"elementor-divider\">\n\t\t\t<span class=\"elementor-divider-separator\">\n\t\t\t\t\t\t<\/span>\n\t\t<\/div>\n\t\t\t\t\t\t<\/div>\n\t\t\t\t<\/div>\n\t\t\t\t\t<\/div>\n\t\t<\/div>\n\t\t\t\t\t<\/div>\n\t\t<\/section>\n\t\t\t\t<section class=\"elementor-section elementor-top-section elementor-element elementor-element-e4ec054 elementor-section-boxed elementor-section-height-default elementor-section-height-default\" data-id=\"e4ec054\" data-element_type=\"section\" data-e-type=\"section\">\n\t\t\t\t\t\t<div class=\"elementor-container elementor-column-gap-default\">\n\t\t\t\t\t<div class=\"elementor-column elementor-col-100 elementor-top-column elementor-element elementor-element-dff9c17\" data-id=\"dff9c17\" data-element_type=\"column\" data-e-type=\"column\">\n\t\t\t<div class=\"elementor-widget-wrap elementor-element-populated\">\n\t\t\t\t\t\t<div class=\"elementor-element elementor-element-e9ab3bc elementor-button-info elementor-widget elementor-widget-button\" data-id=\"e9ab3bc\" data-element_type=\"widget\" data-e-type=\"widget\" data-widget_type=\"button.default\">\n\t\t\t\t<div class=\"elementor-widget-container\">\n\t\t\t\t\t\t\t\t\t<div class=\"elementor-button-wrapper\">\n\t\t\t\t\t<a class=\"elementor-button elementor-button-link elementor-size-sm\" href=\"https:\/\/www2.unifap.br\/cambientais\/\">\n\t\t\t\t\t\t<span class=\"elementor-button-content-wrapper\">\n\t\t\t\t\t\t<span class=\"elementor-button-icon\">\n\t\t\t\t<i aria-hidden=\"true\" class=\"fas fa-home\"><\/i>\t\t\t<\/span>\n\t\t\t\t\t\t\t\t\t<span class=\"elementor-button-text\">In\u00edcio<\/span>\n\t\t\t\t\t<\/span>\n\t\t\t\t\t<\/a>\n\t\t\t\t<\/div>\n\t\t\t\t\t\t\t\t<\/div>\n\t\t\t\t<\/div>\n\t\t\t\t\t<\/div>\n\t\t<\/div>\n\t\t\t\t\t<\/div>\n\t\t<\/section>\n\t\t\t\t<\/div>\n\t\t","protected":false},"excerpt":{"rendered":"<p>As Atividades Curriculares Complementares (ACC) s\u00e3o entendidas como componente curricular obrigat\u00f3rio da matriz dos Cursos de Gradua\u00e7\u00e3o, que se materializa por interm\u00e9dio de estudos e atividades independentes, n\u00e3o compreendidas nas pr\u00e1ticas previstas no desenvolvimento regular das disciplinas. T\u00eam por finalidade estimular e possibilitar aos discentes um aprofundamento e a diversifica\u00e7\u00e3o \u2026 <a class=\"continue-reading-link\" href=\"http:\/\/www2.unifap.br\/cambientais\/atividades-curriculares-complementares-acc\/\"> Continue Lendo <span class=\"meta-nav\">&rarr; <\/span><\/a><\/p>\n","protected":false},"author":3976,"featured_media":0,"parent":0,"menu_order":0,"comment_status":"closed","ping_status":"closed","template":"","meta":{"inline_featured_image":false,"ngg_post_thumbnail":0,"footnotes":""},"class_list":["post-2750","page","type-page","status-publish","hentry"],"_links":{"self":[{"href":"http:\/\/www2.unifap.br\/cambientais\/wp-json\/wp\/v2\/pages\/2750","targetHints":{"allow":["GET"]}}],"collection":[{"href":"http:\/\/www2.unifap.br\/cambientais\/wp-json\/wp\/v2\/pages"}],"about":[{"href":"http:\/\/www2.unifap.br\/cambientais\/wp-json\/wp\/v2\/types\/page"}],"author":[{"embeddable":true,"href":"http:\/\/www2.unifap.br\/cambientais\/wp-json\/wp\/v2\/users\/3976"}],"replies":[{"embeddable":true,"href":"http:\/\/www2.unifap.br\/cambientais\/wp-json\/wp\/v2\/comments?post=2750"}],"version-history":[{"count":31,"href":"http:\/\/www2.unifap.br\/cambientais\/wp-json\/wp\/v2\/pages\/2750\/revisions"}],"predecessor-version":[{"id":5204,"href":"http:\/\/www2.unifap.br\/cambientais\/wp-json\/wp\/v2\/pages\/2750\/revisions\/5204"}],"wp:attachment":[{"href":"http:\/\/www2.unifap.br\/cambientais\/wp-json\/wp\/v2\/media?parent=2750"}],"curies":[{"name":"wp","href":"https:\/\/api.w.org\/{rel}","templated":true}]}}