{"id":2845,"date":"2023-03-28T03:33:58","date_gmt":"2023-03-28T03:33:58","guid":{"rendered":"https:\/\/www2.unifap.br\/cambientais\/?page_id=2845"},"modified":"2024-03-04T02:48:53","modified_gmt":"2024-03-04T02:48:53","slug":"extensao","status":"publish","type":"page","link":"http:\/\/www2.unifap.br\/cambientais\/extensao\/","title":{"rendered":"Extens\u00e3o"},"content":{"rendered":"\t\t<div data-elementor-type=\"wp-page\" data-elementor-id=\"2845\" class=\"elementor elementor-2845\">\n\t\t\t\t\t\t<section class=\"elementor-section elementor-top-section elementor-element elementor-element-690993a elementor-section-boxed elementor-section-height-default elementor-section-height-default\" data-id=\"690993a\" data-element_type=\"section\" data-e-type=\"section\">\n\t\t\t\t\t\t<div class=\"elementor-container elementor-column-gap-default\">\n\t\t\t\t\t<div class=\"elementor-column elementor-col-100 elementor-top-column elementor-element elementor-element-d69d588\" data-id=\"d69d588\" data-element_type=\"column\" data-e-type=\"column\">\n\t\t\t<div class=\"elementor-widget-wrap elementor-element-populated\">\n\t\t\t\t\t\t<div class=\"elementor-element elementor-element-499e09b elementor-widget elementor-widget-text-editor\" data-id=\"499e09b\" data-element_type=\"widget\" data-e-type=\"widget\" data-widget_type=\"text-editor.default\">\n\t\t\t\t<div class=\"elementor-widget-container\">\n\t\t\t\t\t\t\t\t\t<p><span style=\"color: #000000\">Em adequa\u00e7\u00e3o \u00e0s pol\u00edticas de extens\u00e3o universit\u00e1ria concernentes ao PDI da UNIFAP, o Curso de Bacharelado em Ci\u00eancias Ambientais desenvolve projetos e a\u00e7\u00f5es de extens\u00e3o, sob responsabilidade de professores e professoras do curso e normatizados com a anu\u00eancia do colegiado e das c\u00e2maras competentes da universidade. Aos docentes, segue um <\/span><span style=\"color: #0000ff\"><a style=\"color: #0000ff\" href=\"http:\/\/www2.unifap.br\/cambientais\/files\/2024\/03\/Tutorial-Extensao-CCAMB-UNIFAP_vfev_2024-1.pdf\">tutorial<\/a><\/span><span style=\"color: #000000\"> com o fluxo de submiss\u00e3o das diversas modalidades extensionistas no \u00e2mbito do colegiado e da UNIFAP.<\/span><\/p><p>\u00a0<\/p><table width=\"652\"><tbody><tr><td width=\"179\"><p><span style=\"color: #000000\"><strong>T\u00edtulo do Projeto\/A\u00e7\u00e3o<\/strong><\/span><\/p><\/td><td width=\"198\"><p><span style=\"color: #000000\"><strong>Objetivo<\/strong><\/span><\/p><\/td><td width=\"274\"><p><span style=\"color: #000000\"><strong>Coordenador e\/ou Colaborador<\/strong><\/span><\/p><\/td><\/tr><tr><td width=\"179\"><p><span style=\"color: #000000\"><strong>I WORKSHOP DE BIOLOGIA<\/strong><\/span><\/p><\/td><td width=\"198\"><p><span style=\"color: #000000\">Proporcionar a amplia\u00e7\u00e3o conhecimentos nos alunos de gradua\u00e7\u00e3o e p\u00f3s-gradua\u00e7\u00e3o voltados a \u00e1rea de Bot\u00e2nica, nas \u00e1reas de Gen\u00e9tica vegetal, Antomia vegetal, Gen\u00e9tica vegetal, Ecologia vegetal e Fisiologia Vegetal.<\/span><\/p><\/td><td width=\"274\"><p><span style=\"color: #000000\">Prof. Dr. Jos\u00e9 J\u00falio Toledo<\/span><\/p><p><span style=\"color: #000000\">Colaborador<\/span><\/p><\/td><\/tr><tr><td width=\"179\"><p><span style=\"color: #000000\"><strong>PROJETO DE EXTENS\u00c3O ACAD\u00caMICO: I VIRADA CIENT\u00cdFICA DE CI\u00caNCIAS AMBIENTAIS<\/strong><\/span><\/p><\/td><td width=\"198\"><p><span style=\"color: #000000\">Integrar a comunidade cientifica do Curso de Ci\u00eancias Ambientais da Universidade Federal do Amap\u00e1 para fortalecimento do trip\u00e9 acad\u00eamico, ensino, pesquisa e extens\u00e3o do Curso.<\/span><\/p><\/td><td width=\"274\"><p><span style=\"color: #000000\">Profa. Ma. Regina C\u00e9lis Martins Ferreira<\/span><\/p><p><span style=\"color: #000000\">Coordenadora<\/span><\/p><p><span style=\"color: #000000\">Prof. Dr. Marcelo Jos\u00e9 de Oliveira<\/span><\/p><p><span style=\"color: #000000\">Colaborador<\/span><\/p><p><span style=\"color: #000000\">Prof. Dr. Arialdo Martins da Silveira J\u00fanior<\/span><\/p><p><span style=\"color: #000000\">Colaborador<\/span><\/p><p>\u00a0<\/p><\/td><\/tr><tr><td width=\"179\"><p><span style=\"color: #000000\"><strong>Projeto Manjeric\u00e3o Plantas e saberes: valoriza\u00e7\u00e3o do conhecimento tradicional e conserva\u00e7\u00e3o sociobiodiversidade no Estado do Amap\u00e1<\/strong><\/span><\/p><\/td><td width=\"198\"><p><span style=\"color: #000000\">Divulgar atrav\u00e9s de oficinas o conhecimento tradicional sobre plantas medicinais no Estado do Amap\u00e1\/AP<\/span><\/p><\/td><td width=\"274\"><p><span style=\"color: #000000\">Profa. Dra. Alzira Marques de Oliveira<\/span><\/p><p><span style=\"color: #000000\">Coordenadora<\/span><\/p><\/td><\/tr><tr><td width=\"179\"><p><span style=\"color: #000000\"><strong>Pandemia, Trabalho e Economia Verde Solid\u00e1ria no Amap\u00e1: apoio a produ\u00e7\u00e3o das mulheres da floresta<\/strong><\/span><\/p><\/td><td width=\"198\"><p><span style=\"color: #000000\">Apoiar iniciativas de organiza\u00e7\u00e3o do trabalho artesanal e agroecol\u00f3gica em economia verde solid\u00e1ria de mulheres da floresta do Amap\u00e1.<\/span><\/p><\/td><td width=\"274\"><p><span style=\"color: #000000\">Prof. Dr. Marco Ant\u00f4nio Augusto Chagas<\/span><\/p><p><span style=\"color: #000000\">Coordenador<\/span><\/p><\/td><\/tr><tr><td width=\"179\"><p><span style=\"color: #000000\"><strong>Educa\u00e7\u00e3o Ambiental e Plantas Medicinais na comunidade do Distrito de Mazag\u00e3o Velho, Amap\u00e1<\/strong><\/span><\/p><\/td><td width=\"198\"><p><span style=\"color: #000000\">Resgatar o conhecimento tradicional acerca das plantas medicinais visando a valoriza\u00e7\u00e3o desse patrim\u00f4nio cultural imaterial.<\/span><\/p><p><span style=\"color: #000000\">Despertar valores socioambientais em prol da conserva\u00e7\u00e3o ambiental e da sustentabilidade dos recursos naturais.<\/span><\/p><\/td><td width=\"274\"><p><span style=\"color: #000000\">Profa. Dra. Alzira Marques de Oliveira<\/span><\/p><p><span style=\"color: #000000\">Coordenadora<\/span><\/p><\/td><\/tr><tr><td width=\"179\"><p><span style=\"color: #000000\"><strong>Avalia\u00e7\u00e3o da percep\u00e7\u00e3o de moradores ribeirinhos sobre os impactos das usinas hidrel\u00e9tricas na bacia do Rio Araguari<\/strong><\/span><\/p><\/td><td width=\"198\"><p><span style=\"color: #000000\">Avaliar se conflitos de conserva\u00e7\u00e3o entre moradores locais e fauna silvestre sofrem altera\u00e7\u00e3o em \u00e1reas pr\u00f3ximas \u00e0 usinas hidrel\u00e9tricas e de barragem.<\/span><\/p><\/td><td width=\"274\"><p><span style=\"color: #000000\">Prof. Dr. Darren Norris<\/span><\/p><p><span style=\"color: #000000\">Colaborador<\/span><\/p><p>\u00a0<\/p><\/td><\/tr><tr><td width=\"179\"><p><span style=\"color: #000000\"><strong>Geotecnologias aplicadas ao estudo de alternativas locacionais de obras de saneamento b\u00e1sico de significativo impacto ambiental no munic\u00edpio de Macap\u00e1<\/strong><\/span><\/p><\/td><td width=\"198\"><p><span style=\"color: #000000\">Selecionar um n\u00famero reduzido de \u00e1reas que apresentem maior potencial de viabilidade ambiental para a implanta\u00e7\u00e3o de obras de saneamento.<\/span><\/p><\/td><td width=\"274\"><p><span style=\"color: #000000\">Profa. Dra. Julieta Bramorski<\/span><\/p><p><span style=\"color: #000000\">Coordenadora<\/span><\/p><p><span style=\"color: #000000\">Prof. Dr. Marcelo Jos\u00e9 de Oliveira<\/span><\/p><p><span style=\"color: #000000\">Colaborador<\/span><\/p><p><span style=\"color: #000000\">Prof. Dr. S\u00e1vio Luis Carmona dos Santos<\/span><\/p><p><span style=\"color: #000000\">Colaborador<\/span><\/p><p>\u00a0<\/p><\/td><\/tr><tr><td width=\"179\"><p><span style=\"color: #000000\"><strong>A\u00e7\u00f5es de educa\u00e7\u00e3o ambiental e atitudes conservacionistas em \u00c1reas de Prote\u00e7\u00e3o Ambiental (APA) localizadas em zonas de expans\u00e3o urbana de Macap\u00e1<\/strong><\/span><\/p><\/td><td width=\"198\"><p><span style=\"color: #000000\">Desenvolver a\u00e7\u00f5es de Educa\u00e7\u00e3o Ambiental envolvendo atores sociais em unidades de conserva\u00e7\u00e3o;<\/span><\/p><p><span style=\"color: #000000\">Gerar conhecimento t\u00e9cnico-cient\u00edfico na universidade maximizando sua extens\u00e3o aos segmentos da sociedade<\/span><\/p><\/td><td width=\"274\"><p><span style=\"color: #000000\">Prof. Dr. Arialdo Martins da Silveira J\u00fanior<\/span><\/p><p><span style=\"color: #000000\">Coordenador<\/span><\/p><p>\u00a0<\/p><\/td><\/tr><tr><td width=\"179\"><p><span style=\"color: #000000\"><strong>Monitoramento ambiental atrav\u00e9s de geotecnologias: delimita\u00e7\u00e3o das denominadas \u00e1reas de \u201cressacas\u201d com insumos da Base Cartogr\u00e1fica Digital e Cont\u00ednua do Amap\u00e1<\/strong><\/span><\/p><\/td><td width=\"198\"><p><span style=\"color: #000000\">Treinamento e capacita\u00e7\u00e3o em ferramentas de geoprocessamento e an\u00e1lise espacial voltados para estudos e monitoramento ambiental<\/span><\/p><\/td><td width=\"274\"><p><span style=\"color: #000000\">Profa. Me. Herondino dos Santos Filho<\/span><\/p><p><span style=\"color: #000000\">Coordenador<\/span><\/p><p><span style=\"color: #000000\">Prof. Dr. Marcelo Jos\u00e9 de Oliveira<\/span><\/p><p><span style=\"color: #000000\">Colaborador<\/span><\/p><p><span style=\"color: #000000\">Prof. Dr. S\u00e1vio Luis Carmona dos Santos<\/span><\/p><p><span style=\"color: #000000\">Colaborador<\/span><\/p><p>\u00a0<\/p><\/td><\/tr><\/tbody><\/table>\t\t\t\t\t\t\t\t<\/div>\n\t\t\t\t<\/div>\n\t\t\t\t\t<\/div>\n\t\t<\/div>\n\t\t\t\t\t<\/div>\n\t\t<\/section>\n\t\t\t\t<section class=\"elementor-section elementor-top-section elementor-element elementor-element-afae4b7 elementor-section-boxed elementor-section-height-default elementor-section-height-default\" data-id=\"afae4b7\" data-element_type=\"section\" data-e-type=\"section\">\n\t\t\t\t\t\t<div class=\"elementor-container elementor-column-gap-default\">\n\t\t\t\t\t<div class=\"elementor-column elementor-col-100 elementor-top-column elementor-element elementor-element-7ee562b\" data-id=\"7ee562b\" data-element_type=\"column\" data-e-type=\"column\">\n\t\t\t<div class=\"elementor-widget-wrap elementor-element-populated\">\n\t\t\t\t\t\t<div class=\"elementor-element elementor-element-c61cf91 elementor-widget-divider--view-line elementor-widget elementor-widget-divider\" data-id=\"c61cf91\" data-element_type=\"widget\" data-e-type=\"widget\" data-widget_type=\"divider.default\">\n\t\t\t\t<div class=\"elementor-widget-container\">\n\t\t\t\t\t\t\t<div class=\"elementor-divider\">\n\t\t\t<span class=\"elementor-divider-separator\">\n\t\t\t\t\t\t<\/span>\n\t\t<\/div>\n\t\t\t\t\t\t<\/div>\n\t\t\t\t<\/div>\n\t\t\t\t\t<\/div>\n\t\t<\/div>\n\t\t\t\t\t<\/div>\n\t\t<\/section>\n\t\t\t\t<section class=\"elementor-section elementor-top-section elementor-element elementor-element-dc4fa59 elementor-section-boxed elementor-section-height-default elementor-section-height-default\" data-id=\"dc4fa59\" data-element_type=\"section\" data-e-type=\"section\">\n\t\t\t\t\t\t<div class=\"elementor-container elementor-column-gap-default\">\n\t\t\t\t\t<div class=\"elementor-column elementor-col-100 elementor-top-column elementor-element elementor-element-487ee2a\" data-id=\"487ee2a\" data-element_type=\"column\" data-e-type=\"column\">\n\t\t\t<div class=\"elementor-widget-wrap elementor-element-populated\">\n\t\t\t\t\t\t<div class=\"elementor-element elementor-element-d4da6db elementor-button-info elementor-widget elementor-widget-button\" data-id=\"d4da6db\" data-element_type=\"widget\" data-e-type=\"widget\" data-widget_type=\"button.default\">\n\t\t\t\t<div class=\"elementor-widget-container\">\n\t\t\t\t\t\t\t\t\t<div class=\"elementor-button-wrapper\">\n\t\t\t\t\t<a class=\"elementor-button elementor-button-link elementor-size-sm\" href=\"https:\/\/www2.unifap.br\/cambientais\/\">\n\t\t\t\t\t\t<span class=\"elementor-button-content-wrapper\">\n\t\t\t\t\t\t<span class=\"elementor-button-icon\">\n\t\t\t\t<i aria-hidden=\"true\" class=\"fas fa-home\"><\/i>\t\t\t<\/span>\n\t\t\t\t\t\t\t\t\t<span class=\"elementor-button-text\">In\u00edcio<\/span>\n\t\t\t\t\t<\/span>\n\t\t\t\t\t<\/a>\n\t\t\t\t<\/div>\n\t\t\t\t\t\t\t\t<\/div>\n\t\t\t\t<\/div>\n\t\t\t\t\t<\/div>\n\t\t<\/div>\n\t\t\t\t\t<\/div>\n\t\t<\/section>\n\t\t\t\t<\/div>\n\t\t","protected":false},"excerpt":{"rendered":"<p>Em adequa\u00e7\u00e3o \u00e0s pol\u00edticas de extens\u00e3o universit\u00e1ria concernentes ao PDI da UNIFAP, o Curso de Bacharelado em Ci\u00eancias Ambientais desenvolve projetos e a\u00e7\u00f5es de extens\u00e3o, sob responsabilidade de professores e professoras do curso e normatizados com a anu\u00eancia do colegiado e das c\u00e2maras competentes da universidade. Aos docentes, segue um \u2026 <a class=\"continue-reading-link\" href=\"http:\/\/www2.unifap.br\/cambientais\/extensao\/\"> Continue Lendo <span class=\"meta-nav\">&rarr; <\/span><\/a><\/p>\n","protected":false},"author":3976,"featured_media":0,"parent":0,"menu_order":0,"comment_status":"closed","ping_status":"closed","template":"","meta":{"inline_featured_image":false,"ngg_post_thumbnail":0,"footnotes":""},"class_list":["post-2845","page","type-page","status-publish","hentry"],"_links":{"self":[{"href":"http:\/\/www2.unifap.br\/cambientais\/wp-json\/wp\/v2\/pages\/2845","targetHints":{"allow":["GET"]}}],"collection":[{"href":"http:\/\/www2.unifap.br\/cambientais\/wp-json\/wp\/v2\/pages"}],"about":[{"href":"http:\/\/www2.unifap.br\/cambientais\/wp-json\/wp\/v2\/types\/page"}],"author":[{"embeddable":true,"href":"http:\/\/www2.unifap.br\/cambientais\/wp-json\/wp\/v2\/users\/3976"}],"replies":[{"embeddable":true,"href":"http:\/\/www2.unifap.br\/cambientais\/wp-json\/wp\/v2\/comments?post=2845"}],"version-history":[{"count":28,"href":"http:\/\/www2.unifap.br\/cambientais\/wp-json\/wp\/v2\/pages\/2845\/revisions"}],"predecessor-version":[{"id":4090,"href":"http:\/\/www2.unifap.br\/cambientais\/wp-json\/wp\/v2\/pages\/2845\/revisions\/4090"}],"wp:attachment":[{"href":"http:\/\/www2.unifap.br\/cambientais\/wp-json\/wp\/v2\/media?parent=2845"}],"curies":[{"name":"wp","href":"https:\/\/api.w.org\/{rel}","templated":true}]}}