{"id":2982,"date":"2023-03-29T01:47:15","date_gmt":"2023-03-29T01:47:15","guid":{"rendered":"https:\/\/www2.unifap.br\/cambientais\/?page_id=2982"},"modified":"2023-04-21T14:39:55","modified_gmt":"2023-04-21T14:39:55","slug":"grupos-de-pesquisa","status":"publish","type":"page","link":"http:\/\/www2.unifap.br\/cambientais\/grupos-de-pesquisa\/","title":{"rendered":"Grupos de Pesquisa"},"content":{"rendered":"\t\t<div data-elementor-type=\"wp-page\" data-elementor-id=\"2982\" class=\"elementor elementor-2982\">\n\t\t\t\t\t\t<section class=\"elementor-section elementor-top-section elementor-element elementor-element-362074a elementor-section-boxed elementor-section-height-default elementor-section-height-default\" data-id=\"362074a\" data-element_type=\"section\" data-e-type=\"section\">\n\t\t\t\t\t\t<div class=\"elementor-container elementor-column-gap-default\">\n\t\t\t\t\t<div class=\"elementor-column elementor-col-100 elementor-top-column elementor-element elementor-element-951c8a3\" data-id=\"951c8a3\" data-element_type=\"column\" data-e-type=\"column\">\n\t\t\t<div class=\"elementor-widget-wrap elementor-element-populated\">\n\t\t\t\t\t\t<div class=\"elementor-element elementor-element-ba46bb9 elementor-widget elementor-widget-text-editor\" data-id=\"ba46bb9\" data-element_type=\"widget\" data-e-type=\"widget\" data-widget_type=\"text-editor.default\">\n\t\t\t\t<div class=\"elementor-widget-container\">\n\t\t\t\t\t\t\t\t\t<p><span style=\"color: #000000\"><span style=\"color: #0000ff\"><a style=\"color: #0000ff\" href=\"http:\/\/dgp.cnpq.br\/dgp\/espelhogrupo\/744275\">A economia do agroneg\u00f3cio no Estado do Amap\u00e1<\/a> <\/span>&#8211; Prof. Dra. Cl\u00e1udia Maria do Soc\u00f4rro Cruz Fernandes Chelala (L\u00edder) e Prof. Me. Charles Achcar Chelala (Colaborador)<\/span><\/p><p><span style=\"color: #000000\"><span style=\"color: #0000ff\"><a style=\"color: #0000ff\" href=\"http:\/\/dgp.cnpq.br\/dgp\/espelhogrupo\/777123\">\u00c1gua, Saneamento e Meio Ambiente<\/a><\/span> &#8211; Prof. Dra. Karina Cardoso Valverde (L\u00edder)<\/span><\/p><p><span style=\"color: #000000\"><a style=\"color: #000000\" href=\"http:\/\/dgp.cnpq.br\/dgp\/espelhogrupo\/8862\"><span style=\"color: #0000ff\">Ecologia e Conserva\u00e7\u00e3o de Vertebrados<\/span><\/a> &#8211; Prof. Dr. Darren Norris (Colaborador)<\/span><\/p><p><span style=\"color: #000000\"><span style=\"color: #0000ff\"><a style=\"color: #0000ff\" href=\"http:\/\/dgp.cnpq.br\/dgp\/espelhogrupo\/177696\">Ecologia e Manejo da Biodiversidade Amaz\u00f4nica<\/a><\/span> &#8211; Prof. Dr. Jos\u00e9 J\u00falio Toledo (L\u00edder); Profa. Ma. Elizandra de Matos Cardoso (L\u00edder); Prof. Dr Renato Richard Hil\u00e1rio (Colaborador)<\/span><\/p><p><span style=\"color: #000000\"><a style=\"color: #000000\" href=\"http:\/\/dgp.cnpq.br\/dgp\/espelhogrupo\/20686\"><span style=\"color: #0000ff\">Estrutura e Funcionamento de Ecossistemas Aqu\u00e1ticos<\/span><\/a> &#8211; Prof. Dr. S\u00e1vio Luis Carmona dos Santos (Colaborador)<\/span><\/p><p><span style=\"color: #000000\"><a style=\"color: #000000\" href=\"http:\/\/dgp.cnpq.br\/dgp\/espelhogrupo\/784432\"><span style=\"color: #0000ff\">Hidrologia em ecossistemas florestais<\/span><\/a> &#8211; Prof. Dra. Julieta Bramorski (L\u00edder)<\/span><\/p><p><span style=\"color: #000000\"><span style=\"color: #0000ff\"><a style=\"color: #0000ff\" href=\"http:\/\/dgp.cnpq.br\/dgp\/espelhogrupo\/777529\">Hidrometeorologia e Energias Renov\u00e1veis<\/a> <\/span>&#8211; Profa. Dra. Alzira Marques de Oliveira (Colaboradora)<\/span><\/p><p><span style=\"color: #000000\"><span style=\"color: #0000ff\"><a style=\"color: #0000ff\" href=\"http:\/\/dgp.cnpq.br\/dgp\/espelhogrupo\/33178\">Observat\u00f3rio de Pol\u00edtica Ambiental (OPA)<\/a><\/span> &#8211; Prof. Dr. Marco Ant\u00f4nio Augusto Chagas (L\u00edder) e Prof. Dr. Marcelo Jos\u00e9 de Oliveira (L\u00edder)<\/span><\/p><p><span style=\"color: #000000\"><span style=\"color: #0000ff\"><a style=\"color: #0000ff\" href=\"http:\/\/dgp.cnpq.br\/dgp\/espelhogrupo\/25621\">Pesquisas em Meio Ambiente e Desenvolvimento<\/a><\/span> &#8211; Prof. Dra. Helenilza Ferreira Albuquerque Cunha (L\u00edder) e Prof. Dr. Arialdo Martins da Silveira J\u00fanior (Colaborador)<\/span><\/p><p><span style=\"color: #000000\"><span style=\"color: #0000ff\"><a style=\"color: #0000ff\" href=\"http:\/\/dgp.cnpq.br\/dgp\/espelhogrupo\/550841\">Recursos H\u00eddricos e Saneamento Ambiental<\/a> <\/span>&#8211; Prof. Dra. Helenilza Ferreira Albuquerque Cunha (Colaboradora), Prof. Dr. Arialdo Martins da Silveira J\u00fanior (Colaborador) e Profa. Dra. Alzira Marques de Oliveira (Colaboradora)<\/span><\/p><p><span style=\"color: #000000\"><span style=\"color: #0000ff\"><a style=\"color: #0000ff\" href=\"http:\/\/dgp.cnpq.br\/dgp\/espelhogrupo\/555986#identificacao\">Taxonomia, Ecologia e Bioprospec\u00e7\u00e3o de Microalgas e Cianobact\u00e9rias do Amap\u00e1<\/a> <\/span>&#8211; Prof. Dr. Arialdo Martins da Silveira J\u00fanior (Colaborador)<\/span><\/p><p><span style=\"color: #000000\"><span style=\"color: #0000ff\"><a style=\"color: #0000ff\" href=\"http:\/\/dgp.cnpq.br\/dgp\/espelhogrupo\/17994\">T\u00e9cnicas de Processamento de Sinais, telecomunica\u00e7\u00f5e, Aplica\u00e7\u00e3o de Wavelets, processamento multitaxas. Reconhecimento de padr\u00f5es, processamento de imagens. Sensoriamento Remoto, Sinais Biomedicos<\/a><\/span> &#8211; Prof. Me. Herondino dos Santos Filho<\/span><\/p>\t\t\t\t\t\t\t\t<\/div>\n\t\t\t\t<\/div>\n\t\t\t\t\t<\/div>\n\t\t<\/div>\n\t\t\t\t\t<\/div>\n\t\t<\/section>\n\t\t\t\t<section class=\"elementor-section elementor-top-section elementor-element elementor-element-6c049c1 elementor-section-boxed elementor-section-height-default elementor-section-height-default\" data-id=\"6c049c1\" data-element_type=\"section\" data-e-type=\"section\">\n\t\t\t\t\t\t<div class=\"elementor-container elementor-column-gap-default\">\n\t\t\t\t\t<div class=\"elementor-column elementor-col-100 elementor-top-column elementor-element elementor-element-00186b9\" data-id=\"00186b9\" data-element_type=\"column\" data-e-type=\"column\">\n\t\t\t<div class=\"elementor-widget-wrap elementor-element-populated\">\n\t\t\t\t\t\t<div class=\"elementor-element elementor-element-e13b944 elementor-widget-divider--view-line elementor-widget elementor-widget-divider\" data-id=\"e13b944\" data-element_type=\"widget\" data-e-type=\"widget\" data-widget_type=\"divider.default\">\n\t\t\t\t<div class=\"elementor-widget-container\">\n\t\t\t\t\t\t\t<div class=\"elementor-divider\">\n\t\t\t<span class=\"elementor-divider-separator\">\n\t\t\t\t\t\t<\/span>\n\t\t<\/div>\n\t\t\t\t\t\t<\/div>\n\t\t\t\t<\/div>\n\t\t\t\t\t<\/div>\n\t\t<\/div>\n\t\t\t\t\t<\/div>\n\t\t<\/section>\n\t\t\t\t<section class=\"elementor-section elementor-top-section elementor-element elementor-element-693ceb4 elementor-section-boxed elementor-section-height-default elementor-section-height-default\" data-id=\"693ceb4\" data-element_type=\"section\" data-e-type=\"section\">\n\t\t\t\t\t\t<div class=\"elementor-container elementor-column-gap-default\">\n\t\t\t\t\t<div class=\"elementor-column elementor-col-100 elementor-top-column elementor-element elementor-element-4531df9\" data-id=\"4531df9\" data-element_type=\"column\" data-e-type=\"column\">\n\t\t\t<div class=\"elementor-widget-wrap elementor-element-populated\">\n\t\t\t\t\t\t<div class=\"elementor-element elementor-element-b899986 elementor-button-info elementor-widget elementor-widget-button\" data-id=\"b899986\" data-element_type=\"widget\" data-e-type=\"widget\" data-widget_type=\"button.default\">\n\t\t\t\t<div class=\"elementor-widget-container\">\n\t\t\t\t\t\t\t\t\t<div class=\"elementor-button-wrapper\">\n\t\t\t\t\t<a class=\"elementor-button elementor-button-link elementor-size-sm\" href=\"https:\/\/www2.unifap.br\/cambientais\/\">\n\t\t\t\t\t\t<span class=\"elementor-button-content-wrapper\">\n\t\t\t\t\t\t<span class=\"elementor-button-icon\">\n\t\t\t\t<i aria-hidden=\"true\" class=\"fas fa-home\"><\/i>\t\t\t<\/span>\n\t\t\t\t\t\t\t\t\t<span class=\"elementor-button-text\">In\u00edcio<\/span>\n\t\t\t\t\t<\/span>\n\t\t\t\t\t<\/a>\n\t\t\t\t<\/div>\n\t\t\t\t\t\t\t\t<\/div>\n\t\t\t\t<\/div>\n\t\t\t\t\t<\/div>\n\t\t<\/div>\n\t\t\t\t\t<\/div>\n\t\t<\/section>\n\t\t\t\t<\/div>\n\t\t","protected":false},"excerpt":{"rendered":"<p>A economia do agroneg\u00f3cio no Estado do Amap\u00e1 &#8211; Prof. Dra. Cl\u00e1udia Maria do Soc\u00f4rro Cruz Fernandes Chelala (L\u00edder) e Prof. Me. Charles Achcar Chelala (Colaborador) \u00c1gua, Saneamento e Meio Ambiente &#8211; Prof. Dra. Karina Cardoso Valverde (L\u00edder) Ecologia e Conserva\u00e7\u00e3o de Vertebrados &#8211; Prof. Dr. Darren Norris (Colaborador) Ecologia \u2026 <a class=\"continue-reading-link\" href=\"http:\/\/www2.unifap.br\/cambientais\/grupos-de-pesquisa\/\"> Continue Lendo <span class=\"meta-nav\">&rarr; <\/span><\/a><\/p>\n","protected":false},"author":3976,"featured_media":0,"parent":0,"menu_order":0,"comment_status":"closed","ping_status":"closed","template":"","meta":{"inline_featured_image":false,"ngg_post_thumbnail":0,"footnotes":""},"class_list":["post-2982","page","type-page","status-publish","hentry"],"_links":{"self":[{"href":"http:\/\/www2.unifap.br\/cambientais\/wp-json\/wp\/v2\/pages\/2982","targetHints":{"allow":["GET"]}}],"collection":[{"href":"http:\/\/www2.unifap.br\/cambientais\/wp-json\/wp\/v2\/pages"}],"about":[{"href":"http:\/\/www2.unifap.br\/cambientais\/wp-json\/wp\/v2\/types\/page"}],"author":[{"embeddable":true,"href":"http:\/\/www2.unifap.br\/cambientais\/wp-json\/wp\/v2\/users\/3976"}],"replies":[{"embeddable":true,"href":"http:\/\/www2.unifap.br\/cambientais\/wp-json\/wp\/v2\/comments?post=2982"}],"version-history":[{"count":22,"href":"http:\/\/www2.unifap.br\/cambientais\/wp-json\/wp\/v2\/pages\/2982\/revisions"}],"predecessor-version":[{"id":3397,"href":"http:\/\/www2.unifap.br\/cambientais\/wp-json\/wp\/v2\/pages\/2982\/revisions\/3397"}],"wp:attachment":[{"href":"http:\/\/www2.unifap.br\/cambientais\/wp-json\/wp\/v2\/media?parent=2982"}],"curies":[{"name":"wp","href":"https:\/\/api.w.org\/{rel}","templated":true}]}}