{"id":3017,"date":"2023-03-29T02:44:06","date_gmt":"2023-03-29T02:44:06","guid":{"rendered":"https:\/\/www2.unifap.br\/cambientais\/?page_id=3017"},"modified":"2023-05-03T15:19:17","modified_gmt":"2023-05-03T15:19:17","slug":"auto-avaliacao-do-curso","status":"publish","type":"page","link":"http:\/\/www2.unifap.br\/cambientais\/auto-avaliacao-do-curso\/","title":{"rendered":"Autoavalia\u00e7\u00e3o do Curso"},"content":{"rendered":"\t\t<div data-elementor-type=\"wp-page\" data-elementor-id=\"3017\" class=\"elementor elementor-3017\">\n\t\t\t\t\t\t<section class=\"elementor-section elementor-top-section elementor-element elementor-element-482b4a4 elementor-section-boxed elementor-section-height-default elementor-section-height-default\" data-id=\"482b4a4\" data-element_type=\"section\" data-e-type=\"section\">\n\t\t\t\t\t\t<div class=\"elementor-container elementor-column-gap-default\">\n\t\t\t\t\t<div class=\"elementor-column elementor-col-100 elementor-top-column elementor-element elementor-element-6b5d8e0\" data-id=\"6b5d8e0\" data-element_type=\"column\" data-e-type=\"column\">\n\t\t\t<div class=\"elementor-widget-wrap elementor-element-populated\">\n\t\t\t\t\t\t<div class=\"elementor-element elementor-element-16392dd elementor-widget elementor-widget-text-editor\" data-id=\"16392dd\" data-element_type=\"widget\" data-e-type=\"widget\" data-widget_type=\"text-editor.default\">\n\t\t\t\t<div class=\"elementor-widget-container\">\n\t\t\t\t\t\t\t\t\t<p><span style=\"color: #000000\">Para o curso de Ci\u00eancias Ambientais da UNIFAP, a reponsabilidade pelo planejamento e operacionaliza\u00e7\u00e3o da autoavalia\u00e7\u00e3o \u00e9 liderado pelo NDE. A autoavalia\u00e7\u00e3o do curso, \u00e0 exemplo da avalia\u00e7\u00e3o do PPC, igualmente ser\u00e1 efetivada de forma integrada com a CPA e com o DEAVI da UNIFAP. Este processo conta com a participa\u00e7\u00e3o de todos os segmentos da comunidade acad\u00eamica: docentes, discentes e t\u00e9cnicos-administrativos.<\/span><\/p><p><span style=\"color: #000000\">O processo de autoavalia\u00e7\u00e3o \u00e9 cont\u00ednuo e composto de tr\u00eas etapas que fornecem os elementos necess\u00e1rios para o diagn\u00f3stico situacional do curso, concomitantemente \u00e0 avalia\u00e7\u00e3o do PPC: (1). Relat\u00f3rio da \u00faltima avalia\u00e7\u00e3o externa <em>in loco<\/em>; (2). Resultado obtido pelo curso no Exame Nacional de Desempenho de Estudantes (quando houver); (3). Diagn\u00f3stico situacional elaborado pelo NDE.<\/span><\/p><p><span style=\"color: #000000\">Essas avalia\u00e7\u00f5es internas geram resultados importantes sobre cen\u00e1rio atual do curso, bem como auxilia na tomada de decis\u00f5es pelo colegiado e coordena\u00e7\u00e3o na busca de solu\u00e7\u00f5es e melhoria para a comunidade acad\u00eamica interna.<\/span><\/p><ul><li><span style=\"color: #0000ff\"><strong><a style=\"color: #0000ff\" href=\"http:\/\/www2.unifap.br\/cambientais\/files\/2023\/04\/RelatoriodoCurso2021.pdf\">Relat\u00f3rio Institucional do Curso de Ci\u00eancias Ambientais 2021<\/a><\/strong><\/span><\/li><li><a href=\"http:\/\/www2.unifap.br\/cambientais\/files\/2023\/05\/Relatorio_de_autoavaliacao_do_curso_Abril2023.pdf\"><strong><span style=\"color: #0000ff\">Relat\u00f3rio de autoavalia\u00e7\u00e3o do curso de Ci\u00eancias Ambientais <\/span><\/strong><\/a><\/li><\/ul>\t\t\t\t\t\t\t\t<\/div>\n\t\t\t\t<\/div>\n\t\t\t\t\t<\/div>\n\t\t<\/div>\n\t\t\t\t\t<\/div>\n\t\t<\/section>\n\t\t\t\t<section class=\"elementor-section elementor-top-section elementor-element elementor-element-c988375 elementor-section-boxed elementor-section-height-default elementor-section-height-default\" data-id=\"c988375\" data-element_type=\"section\" data-e-type=\"section\">\n\t\t\t\t\t\t<div class=\"elementor-container elementor-column-gap-default\">\n\t\t\t\t\t<div class=\"elementor-column elementor-col-100 elementor-top-column elementor-element elementor-element-46e2f49\" data-id=\"46e2f49\" data-element_type=\"column\" data-e-type=\"column\">\n\t\t\t<div class=\"elementor-widget-wrap elementor-element-populated\">\n\t\t\t\t\t\t<div class=\"elementor-element elementor-element-1013bb6 elementor-widget-divider--view-line elementor-widget elementor-widget-divider\" data-id=\"1013bb6\" data-element_type=\"widget\" data-e-type=\"widget\" data-widget_type=\"divider.default\">\n\t\t\t\t<div class=\"elementor-widget-container\">\n\t\t\t\t\t\t\t<div class=\"elementor-divider\">\n\t\t\t<span class=\"elementor-divider-separator\">\n\t\t\t\t\t\t<\/span>\n\t\t<\/div>\n\t\t\t\t\t\t<\/div>\n\t\t\t\t<\/div>\n\t\t\t\t\t<\/div>\n\t\t<\/div>\n\t\t\t\t\t<\/div>\n\t\t<\/section>\n\t\t\t\t<section class=\"elementor-section elementor-top-section elementor-element elementor-element-5799f44 elementor-section-boxed elementor-section-height-default elementor-section-height-default\" data-id=\"5799f44\" data-element_type=\"section\" data-e-type=\"section\">\n\t\t\t\t\t\t<div class=\"elementor-container elementor-column-gap-default\">\n\t\t\t\t\t<div class=\"elementor-column elementor-col-100 elementor-top-column elementor-element elementor-element-e372054\" data-id=\"e372054\" data-element_type=\"column\" data-e-type=\"column\">\n\t\t\t<div class=\"elementor-widget-wrap elementor-element-populated\">\n\t\t\t\t\t\t<div class=\"elementor-element elementor-element-629d03c elementor-button-info elementor-widget elementor-widget-button\" data-id=\"629d03c\" data-element_type=\"widget\" data-e-type=\"widget\" data-widget_type=\"button.default\">\n\t\t\t\t<div class=\"elementor-widget-container\">\n\t\t\t\t\t\t\t\t\t<div class=\"elementor-button-wrapper\">\n\t\t\t\t\t<a class=\"elementor-button elementor-button-link elementor-size-sm\" href=\"https:\/\/www2.unifap.br\/cambientais\/\">\n\t\t\t\t\t\t<span class=\"elementor-button-content-wrapper\">\n\t\t\t\t\t\t<span class=\"elementor-button-icon\">\n\t\t\t\t<i aria-hidden=\"true\" class=\"fas fa-home\"><\/i>\t\t\t<\/span>\n\t\t\t\t\t\t\t\t\t<span class=\"elementor-button-text\">In\u00edcio<\/span>\n\t\t\t\t\t<\/span>\n\t\t\t\t\t<\/a>\n\t\t\t\t<\/div>\n\t\t\t\t\t\t\t\t<\/div>\n\t\t\t\t<\/div>\n\t\t\t\t\t<\/div>\n\t\t<\/div>\n\t\t\t\t\t<\/div>\n\t\t<\/section>\n\t\t\t\t<\/div>\n\t\t","protected":false},"excerpt":{"rendered":"<p>Para o curso de Ci\u00eancias Ambientais da UNIFAP, a reponsabilidade pelo planejamento e operacionaliza\u00e7\u00e3o da autoavalia\u00e7\u00e3o \u00e9 liderado pelo NDE. A autoavalia\u00e7\u00e3o do curso, \u00e0 exemplo da avalia\u00e7\u00e3o do PPC, igualmente ser\u00e1 efetivada de forma integrada com a CPA e com o DEAVI da UNIFAP. Este processo conta com a \u2026 <a class=\"continue-reading-link\" href=\"http:\/\/www2.unifap.br\/cambientais\/auto-avaliacao-do-curso\/\"> Continue Lendo <span class=\"meta-nav\">&rarr; <\/span><\/a><\/p>\n","protected":false},"author":3976,"featured_media":0,"parent":0,"menu_order":0,"comment_status":"closed","ping_status":"closed","template":"","meta":{"inline_featured_image":false,"ngg_post_thumbnail":0,"footnotes":""},"class_list":["post-3017","page","type-page","status-publish","hentry"],"_links":{"self":[{"href":"http:\/\/www2.unifap.br\/cambientais\/wp-json\/wp\/v2\/pages\/3017","targetHints":{"allow":["GET"]}}],"collection":[{"href":"http:\/\/www2.unifap.br\/cambientais\/wp-json\/wp\/v2\/pages"}],"about":[{"href":"http:\/\/www2.unifap.br\/cambientais\/wp-json\/wp\/v2\/types\/page"}],"author":[{"embeddable":true,"href":"http:\/\/www2.unifap.br\/cambientais\/wp-json\/wp\/v2\/users\/3976"}],"replies":[{"embeddable":true,"href":"http:\/\/www2.unifap.br\/cambientais\/wp-json\/wp\/v2\/comments?post=3017"}],"version-history":[{"count":20,"href":"http:\/\/www2.unifap.br\/cambientais\/wp-json\/wp\/v2\/pages\/3017\/revisions"}],"predecessor-version":[{"id":3506,"href":"http:\/\/www2.unifap.br\/cambientais\/wp-json\/wp\/v2\/pages\/3017\/revisions\/3506"}],"wp:attachment":[{"href":"http:\/\/www2.unifap.br\/cambientais\/wp-json\/wp\/v2\/media?parent=3017"}],"curies":[{"name":"wp","href":"https:\/\/api.w.org\/{rel}","templated":true}]}}