{"id":3111,"date":"2023-03-29T17:50:57","date_gmt":"2023-03-29T17:50:57","guid":{"rendered":"https:\/\/www2.unifap.br\/cambientais\/?page_id=3111"},"modified":"2025-06-18T18:33:00","modified_gmt":"2025-06-18T18:33:00","slug":"diretrizes-de-tcc","status":"publish","type":"page","link":"http:\/\/www2.unifap.br\/cambientais\/diretrizes-de-tcc\/","title":{"rendered":"Diretrizes de TCC"},"content":{"rendered":"\t\t<div data-elementor-type=\"wp-page\" data-elementor-id=\"3111\" class=\"elementor elementor-3111\">\n\t\t\t\t\t\t<section class=\"elementor-section elementor-top-section elementor-element elementor-element-ca3dd7c elementor-section-boxed elementor-section-height-default elementor-section-height-default\" data-id=\"ca3dd7c\" data-element_type=\"section\" data-e-type=\"section\">\n\t\t\t\t\t\t<div class=\"elementor-container elementor-column-gap-default\">\n\t\t\t\t\t<div class=\"elementor-column elementor-col-100 elementor-top-column elementor-element elementor-element-31f8802\" data-id=\"31f8802\" data-element_type=\"column\" data-e-type=\"column\">\n\t\t\t<div class=\"elementor-widget-wrap elementor-element-populated\">\n\t\t\t\t\t\t<div class=\"elementor-element elementor-element-5e4afca elementor-widget elementor-widget-text-editor\" data-id=\"5e4afca\" data-element_type=\"widget\" data-e-type=\"widget\" data-widget_type=\"text-editor.default\">\n\t\t\t\t<div class=\"elementor-widget-container\">\n\t\t\t\t\t\t\t\t\t<p><span style=\"color: #000000\">O Trabalho de Conclus\u00e3o de Curso (TCC) constitui-se em um requisito obrigat\u00f3rio \u00e0 obten\u00e7\u00e3o do Grau de Bacharelado em Ci\u00eancias Ambientais, ofertado pela UNIFAP. Desta forma, ele \u00e9 entendido com uma atividade de s\u00edntese e integra\u00e7\u00e3o de conhecimento nas mais diversas linhas de pesquisa na \u00e1rea socioambiental, correspondendo a um Trabalho Final de Curso de Gradua\u00e7\u00e3o, prioritariamente, na forma de monografia, sendo, tamb\u00e9m, admitido no formato de artigo completo submetido em revista cient\u00edfica com Qualis CAPES A1 a B5, desde que seja na \u00e1rea de Ci\u00eancias Ambientais ou em \u00e1rea interdisciplinar. Deve, ainda, ser orientado por um professor vinculado \u00e0 \u00e1rea do tema escolhido, cuja defesa dever\u00e1 ser realizada atrav\u00e9s de uma apresenta\u00e7\u00e3o oral para banca examinadora e de acordo com o Regimento Geral da UNIFAP.<\/span><\/p><p><span style=\"color: #000000\">Conforme a estrutura curricular proposta, o TCC \u00e9 ofertado no sistema de disciplinas, com carga hor\u00e1ria equivalente a 120 horas, divididas em TCC I (60 horas) e TCC II (60 horas). O TCC dever\u00e1 ser desenvolvido em estreita observ\u00e2ncia \u00e0 filosofia, \u00e1rea de abrang\u00eancia, \u00e1rea de conhecimento, linhas de pesquisa e objetivos do Curso de Bacharelado em Ci\u00eancias Ambientais.<\/span><\/p><p><span style=\"color: #000000\">Abaixo seguem documentos importantes para a elabora\u00e7\u00e3o do TCC:<\/span><\/p><p><span style=\"color: #000000\"><strong><em>Normativas e formul\u00e1rios<\/em><\/strong><\/span><\/p><ul><li><span style=\"color: #000000\"><a style=\"color: #000000\" href=\"http:\/\/www2.unifap.br\/cambientais\/files\/2013\/12\/Resolu\u00e7\u00e3o-11-08-TCC-apendice-A-e-B.pdf\"><strong><span style=\"color: #0000ff\">Resolu\u00e7\u00e3o N\u00ba 11\/2008\/UNIFAP<\/span><\/strong> &#8211; Estabelece as diretrizes para o Trabalho de<br \/>Conclus\u00e3o de Curso em n\u00edvel de Gradua\u00e7\u00e3o, no \u00e2mbito da UNIFAP.<\/a><\/span><\/li><li><span style=\"color: #000000\"><a style=\"color: #000000\" href=\"https:\/\/www2.unifap.br\/cambientais\/files\/2023\/03\/Regulamento-para-realizacao-do-Trabalho-de-Conclusao-de-Curso-TCC%5eJ-do-Curso-de-Bacharelado-em-Ciencias-Ambientais-2.pdf\"><span style=\"color: #0000ff\"><strong><span style=\"color: #0000ff\">Normatiza\u00e7\u00e3o 003\/2019\/CCAMB\/UNIFAP<\/span><\/strong><\/span> &#8211; Regulamento para realiza\u00e7\u00e3o do Trabalho de Conclus\u00e3o de Curso &#8211; TCC, do Curso de Bacharelado em Ci\u00eancias Ambientais<\/a><\/span><\/li><li><strong><span style=\"color: #000000\"><a style=\"color: #000000\" href=\"http:\/\/www2.unifap.br\/cambientais\/files\/2023\/03\/FORMULARIO-DE-INSCRICAO-DO-PROJETO-DE-TCC.pdf\"><span style=\"color: #0000ff\">FORMUL\u00c1RIO DE INSCRI\u00c7\u00c3O DO PROJETO DE TCC<\/span><\/a> &#8211; <\/span><\/strong><span style=\"color: #000000\">Resolu\u00e7\u00e3o N\u00ba 11\/2008\/UNIFAP<\/span><\/li><li><strong><span style=\"color: #0000ff\"><a style=\"color: #0000ff\" href=\"http:\/\/www2.unifap.br\/cambientais\/files\/2025\/05\/FICHA_CREDENCIAMENTO_ORIENT_EXTERNO.docx.pdf\" target=\"_blank\" rel=\"noopener\">FICHA_CREDENCIAMENTO_ORIENTADOR <span style=\"color: #0000ff\">(A)_EXTERNO<\/span><\/a><\/span><\/strong><\/li><li><span style=\"color: #0000ff\"><strong>Termo de compromisso do (a) acad\u00eamico (a) &#8211; (<a style=\"color: #0000ff\" href=\"http:\/\/www2.unifap.br\/cambientais\/files\/2025\/06\/Termo-de-compromisso-do-academico-1.doc\">docx<\/a>) e (<a style=\"color: #0000ff\" href=\"http:\/\/www2.unifap.br\/cambientais\/files\/2025\/06\/Termo-de-compromisso-do-academico-1.pdf\">PDF<\/a>)<\/strong><\/span><\/li><li><span style=\"color: #0000ff\"><strong>Termo de compromisso do (a) orientador (a) &#8211; (<a style=\"color: #0000ff\" href=\"http:\/\/www2.unifap.br\/cambientais\/files\/2025\/06\/Termo-de-compromisso-do-orientador-1.doc\">docx<\/a>) e (<a style=\"color: #0000ff\" href=\"http:\/\/www2.unifap.br\/cambientais\/files\/2025\/06\/Termo-de-compromisso-do-orientador-1.pdf\">PDF<\/a>)<\/strong><\/span><\/li><li><span style=\"color: #0000ff\"><a style=\"color: #0000ff\" href=\"http:\/\/www2.unifap.br\/cambientais\/files\/2025\/06\/FICHA_-AVALIACAO_QUALIFICACAO_PROJETO_TCC-2.pdf\"><strong>FICHA_ AVALIACAO_QUALIFICA\u00c7\u00c3O_PROJETO_TCC<\/strong><\/a><\/span><\/li><li><span style=\"color: #0000ff\"><a style=\"color: #0000ff\" href=\"http:\/\/www2.unifap.br\/cambientais\/files\/2025\/06\/FICHA-DE-AVALIACAO_TCC_CCAMB_FORMATO-TRADICIONAL.pdf\"><strong>FICHA DE AVALIA\u00c7\u00c3O_TCC_CCAMB_FORMATO TRADICIONAL<\/strong><\/a><\/span><\/li><li><span style=\"color: #0000ff\"><a style=\"color: #0000ff\" href=\"http:\/\/www2.unifap.br\/cambientais\/files\/2025\/06\/FICHA-DE-AVALIACAO-DE-TCC-NO-FORMATO-DE-ARTIGO-CIENTIFICO.pdf\"><strong>FICHA DE AVALIA\u00c7\u00c3O DE TCC NO FORMATO DE ARTIGO CIENT\u00cdFICO<\/strong><\/a><\/span><\/li><\/ul><p><span style=\"color: #000000\"><strong><em>Templates (modelos)<\/em><\/strong><\/span><\/p><ul><li><span style=\"color: #0000ff\"><strong> <a style=\"color: #0000ff\" href=\"http:\/\/www2.unifap.br\/cambientais\/files\/2023\/04\/MODELO-DO-PROJETO-DE-TCC-PARA-QUALIFICACAO.pdf\">MODELO DO PROJETO DE TCC PARA QUALIFICA\u00c7\u00c3O<\/a><\/strong><\/span><\/li><li><span style=\"color: #0000ff\"><strong><a style=\"color: #0000ff\" href=\"http:\/\/www2.unifap.br\/cambientais\/files\/2023\/04\/TEMPLATE_TCC_FORMATO-DE-ARTIGO-CIENTIFICO.docx\">TEMPLATE_TCC_FORMATO DE ARTIGO CIENT\u00cdFICO<\/a><\/strong><\/span><\/li><\/ul>\t\t\t\t\t\t\t\t<\/div>\n\t\t\t\t<\/div>\n\t\t\t\t\t<\/div>\n\t\t<\/div>\n\t\t\t\t\t<\/div>\n\t\t<\/section>\n\t\t\t\t<section class=\"elementor-section elementor-top-section elementor-element elementor-element-91412ad elementor-section-boxed elementor-section-height-default elementor-section-height-default\" data-id=\"91412ad\" data-element_type=\"section\" data-e-type=\"section\">\n\t\t\t\t\t\t<div class=\"elementor-container elementor-column-gap-default\">\n\t\t\t\t\t<div class=\"elementor-column elementor-col-100 elementor-top-column elementor-element elementor-element-830391d\" data-id=\"830391d\" data-element_type=\"column\" data-e-type=\"column\">\n\t\t\t<div class=\"elementor-widget-wrap elementor-element-populated\">\n\t\t\t\t\t\t<div class=\"elementor-element elementor-element-2203271 elementor-widget-divider--view-line elementor-widget elementor-widget-divider\" data-id=\"2203271\" data-element_type=\"widget\" data-e-type=\"widget\" data-widget_type=\"divider.default\">\n\t\t\t\t<div class=\"elementor-widget-container\">\n\t\t\t\t\t\t\t<div class=\"elementor-divider\">\n\t\t\t<span class=\"elementor-divider-separator\">\n\t\t\t\t\t\t<\/span>\n\t\t<\/div>\n\t\t\t\t\t\t<\/div>\n\t\t\t\t<\/div>\n\t\t\t\t\t<\/div>\n\t\t<\/div>\n\t\t\t\t\t<\/div>\n\t\t<\/section>\n\t\t\t\t<section class=\"elementor-section elementor-top-section elementor-element elementor-element-82561b7 elementor-section-boxed elementor-section-height-default elementor-section-height-default\" data-id=\"82561b7\" data-element_type=\"section\" data-e-type=\"section\">\n\t\t\t\t\t\t<div class=\"elementor-container elementor-column-gap-default\">\n\t\t\t\t\t<div class=\"elementor-column elementor-col-100 elementor-top-column elementor-element elementor-element-b444b22\" data-id=\"b444b22\" data-element_type=\"column\" data-e-type=\"column\">\n\t\t\t<div class=\"elementor-widget-wrap elementor-element-populated\">\n\t\t\t\t\t\t<div class=\"elementor-element elementor-element-42d6850 elementor-button-info elementor-widget elementor-widget-button\" data-id=\"42d6850\" data-element_type=\"widget\" data-e-type=\"widget\" data-widget_type=\"button.default\">\n\t\t\t\t<div class=\"elementor-widget-container\">\n\t\t\t\t\t\t\t\t\t<div class=\"elementor-button-wrapper\">\n\t\t\t\t\t<a class=\"elementor-button elementor-button-link elementor-size-sm\" href=\"https:\/\/www2.unifap.br\/cambientais\/\">\n\t\t\t\t\t\t<span class=\"elementor-button-content-wrapper\">\n\t\t\t\t\t\t<span class=\"elementor-button-icon\">\n\t\t\t\t<i aria-hidden=\"true\" class=\"fas fa-home\"><\/i>\t\t\t<\/span>\n\t\t\t\t\t\t\t\t\t<span class=\"elementor-button-text\">In\u00edcio<\/span>\n\t\t\t\t\t<\/span>\n\t\t\t\t\t<\/a>\n\t\t\t\t<\/div>\n\t\t\t\t\t\t\t\t<\/div>\n\t\t\t\t<\/div>\n\t\t\t\t\t<\/div>\n\t\t<\/div>\n\t\t\t\t\t<\/div>\n\t\t<\/section>\n\t\t\t\t<\/div>\n\t\t","protected":false},"excerpt":{"rendered":"<p>O Trabalho de Conclus\u00e3o de Curso (TCC) constitui-se em um requisito obrigat\u00f3rio \u00e0 obten\u00e7\u00e3o do Grau de Bacharelado em Ci\u00eancias Ambientais, ofertado pela UNIFAP. Desta forma, ele \u00e9 entendido com uma atividade de s\u00edntese e integra\u00e7\u00e3o de conhecimento nas mais diversas linhas de pesquisa na \u00e1rea socioambiental, correspondendo a um \u2026 <a class=\"continue-reading-link\" href=\"http:\/\/www2.unifap.br\/cambientais\/diretrizes-de-tcc\/\"> Continue Lendo <span class=\"meta-nav\">&rarr; <\/span><\/a><\/p>\n","protected":false},"author":3976,"featured_media":0,"parent":0,"menu_order":0,"comment_status":"closed","ping_status":"closed","template":"","meta":{"inline_featured_image":false,"ngg_post_thumbnail":0,"footnotes":""},"class_list":["post-3111","page","type-page","status-publish","hentry"],"_links":{"self":[{"href":"http:\/\/www2.unifap.br\/cambientais\/wp-json\/wp\/v2\/pages\/3111","targetHints":{"allow":["GET"]}}],"collection":[{"href":"http:\/\/www2.unifap.br\/cambientais\/wp-json\/wp\/v2\/pages"}],"about":[{"href":"http:\/\/www2.unifap.br\/cambientais\/wp-json\/wp\/v2\/types\/page"}],"author":[{"embeddable":true,"href":"http:\/\/www2.unifap.br\/cambientais\/wp-json\/wp\/v2\/users\/3976"}],"replies":[{"embeddable":true,"href":"http:\/\/www2.unifap.br\/cambientais\/wp-json\/wp\/v2\/comments?post=3111"}],"version-history":[{"count":53,"href":"http:\/\/www2.unifap.br\/cambientais\/wp-json\/wp\/v2\/pages\/3111\/revisions"}],"predecessor-version":[{"id":4962,"href":"http:\/\/www2.unifap.br\/cambientais\/wp-json\/wp\/v2\/pages\/3111\/revisions\/4962"}],"wp:attachment":[{"href":"http:\/\/www2.unifap.br\/cambientais\/wp-json\/wp\/v2\/media?parent=3111"}],"curies":[{"name":"wp","href":"https:\/\/api.w.org\/{rel}","templated":true}]}}