{"id":665,"date":"2014-01-21T03:08:17","date_gmt":"2014-01-21T03:08:17","guid":{"rendered":"http:\/\/www2.unifap.br\/cambientais\/?page_id=665"},"modified":"2018-04-25T12:46:48","modified_gmt":"2018-04-25T12:46:48","slug":"tcc-turma-2009","status":"publish","type":"page","link":"http:\/\/www2.unifap.br\/cambientais\/biblioteca-de-dissertacoes-e-teses\/tcc\/tcc-turma-2009\/","title":{"rendered":"TCC &#8211; Turma 2009"},"content":{"rendered":"<p>(Para fazer o download do TCC, clique no nome dos autor(es))<\/p>\n<p><a href=\"http:\/\/www2.unifap.br\/cambientais\/files\/2014\/01\/TCC-BENILDA-E-MOISES.pdf\">BENILDA DO R\u00caGO SANTOS e MOIS\u00c9S ALBUQUERQUE DE ALMEIDA<\/a>: AVALIA\u00c7\u00c3O DO SISTEMA DE GEST\u00c3O E MONITORAMENTO DE EMISS\u00d5ES ATMOSF\u00c9RICAS DA UTE SANTANA &#8211; AP\/BRASIL.<\/p>\n<div>\n<p><a href=\"http:\/\/www2.unifap.br\/cambientais\/files\/2014\/01\/TCC-BRUNNA_CIENCIAS-AMBIENTAIS-2009.pdf\">BRUNNA STEFANNY SANGEL DE OLIVEIRA<\/a>: QUALIDADE DA \u00c1GUA ASSOCIADA \u00c0 VULNERABILIDADE CLIM\u00c1TICA E RISCOS SANIT\u00c1RIOS NO BAIXO RIO JAR\u00cd \u2013 AP.<\/p>\n<p><a href=\"http:\/\/www2.unifap.br\/cambientais\/files\/2014\/01\/TCC-AN\u00c1LISE-DE-SUSTENTABILIDADE-DA-ATIVIDADE-PESQUEIRA-DA-POPULA\u00c7\u00c3O-RIBEIRINHA-DO-MUNIC\u00cdPIO-DE-MACAP\u00c1_Cristian-e-Ronaldo.pdf\">CRISTIAN CLISMAN LIMA DE OLIVEIRA e RONALDO HENRIQUE RIBEIRO NETO<\/a><span style=\"line-height: 24px\">: AN\u00c1LISE DE SUSTENTABILIDADE DA ATIVIDADE PESQUEIRA DA POPULA\u00c7\u00c3O RIBEIRINHA DO MUNIC\u00cdPIO DE MACAP\u00c1.<\/span><\/p>\n<p><a href=\"http:\/\/www2.unifap.br\/cambientais\/files\/2014\/01\/TCC-GLEISE-CARVALHO-2009.pdf\">GLEISE MARREIROS DE CARVALHO<\/a>:\u00a0CRESCIMENTO URBANO E PERDA DE \u00c1REAS VERDES EM MACAP\u00c1: RISCOS E\u00a0POSSIBILIDADES DE PROTE\u00c7\u00c3O.<\/p>\n<p><a href=\"http:\/\/www2.unifap.br\/cambientais\/files\/2014\/01\/TCC-GUILHERME_HENRIQUE_MARQUES_DE_OLIVEIRA.pdf\">GUILHERME HENRIQUE MARQUES DE OLIVEIRA<\/a>:\u00a0SENSORIAMENTO REMOTO APLICADO A EXPANS\u00c3O DO PER\u00cdMETRO URBANO DO MUNIC\u00cdPIO DE SANTANA-AP.<\/p>\n<p><span style=\"line-height: 24px\"><a href=\"http:\/\/www2.unifap.br\/cambientais\/files\/2014\/01\/TCC-D\u00c9BORA-ISACKSSON.pdf\">D\u00c9BORA CRISTINA ISACKSSON LIMA<\/a>: CARACTERIZA\u00c7\u00c3O DO ABASTECIMENTO P\u00daBLICO DE \u00c1GUA POT\u00c1VEL NO MUNIC\u00cdPIO DE MACAP\u00c1<\/span><\/p>\n<p><a href=\"http:\/\/www2.unifap.br\/cambientais\/files\/2014\/01\/TCC_-_VALORA\u00c7\u00c3O_AMBIENTAL_PROPOSI\u00c7\u00c3O_DO_M\u00c9TODO_DE_VALORA\u00c7\u00c3O_PARA_ESTA\u00c7\u00c3O_ECOL\u00d3GICA_MARAC\u00c1-JIPI\u00d3CA_Simone_e_Jaque.pdf\">JACKLINNE MATTA CORR\u00caA e SIMONE DIAS FERREIRA<\/a>:\u00a0VALORA\u00c7\u00c3O AMBIENTAL: PROPOSI\u00c7\u00c3O DO M\u00c9TODO DE VALORA\u00c7\u00c3O\u00a0PARA ESTA\u00c7\u00c3O ECOL\u00d3GICA MARAC\u00c1-JIPI\u00d3CA.<\/p>\n<p><span style=\"line-height: 24px\"><a href=\"http:\/\/www2.unifap.br\/cambientais\/files\/2014\/01\/TCC-KEILA-CAMBRAIA-ARTIGO-2009.pdf\">KEILA PATR\u00cdCIA CAMBRAIA DOS SANTOS<\/a>: \u00a0\u00cdNDICES DE TEND\u00caNCIAS CLIM\u00c1TICAS ASSOCIADOS \u00c0 \u201cILHA DE CALOR\u201d EM MACAP\u00c1-AP (1968-2010).<br \/>\n<\/span><\/p>\n<p><a href=\"http:\/\/www2.unifap.br\/cambientais\/files\/2014\/01\/Vers\u00e3o-Final-Monografia-Laila-Pinheiro-_DEFINITIVO_.pdf\">LAILA PINHEIRO DE MELO<\/a>: TIPOLOGIA DE AGRICULTORES FAMILIARES NO ESTADO DO AMAP\u00c1 COM BASE EM INDICADORES DE RENDA.<\/p>\n<p><a href=\"http:\/\/www2.unifap.br\/cambientais\/files\/2014\/01\/TCC-LARISSA-PINHEIRO-2009.pdf\">LARISSA PINHEIRO DE MELO<\/a>:\u00a0VARIA\u00c7\u00c3O ESPA\u00c7O-TEMPORAL DA BIOMASSA\u00a0FITOPLANCT\u00d4NICA (CLOROFILA-A) NO ALTO E M\u00c9DIO RIO\u00a0ARAGUARI &#8211; AP.<\/p>\n<p><a href=\"http:\/\/www2.unifap.br\/cambientais\/files\/2014\/01\/monografia-Luan-Patrick.pdf\">LUAN PATRICK DOS SANTOS SILVA<\/a>: DIAGNOSTICO AMBIENTAL PRELIMINAR DE \u00c1REAS DE MINERA\u00c7\u00c3O DE SAIBRO NO MUNIC\u00cdPIO DE MACAP\u00c1-AP, COM O SUPORTE DE FERRAMENTAS DE GEOTECNOLOGIAS.<\/p>\n<p><a href=\"http:\/\/www2.unifap.br\/cambientais\/files\/2014\/01\/TCC-MIRLANE-LUCAS-2009.pdf\">MIRLANE DO NASCIMENTO CARDOSO e LUCAS DE SOUSA LOPES<\/a>:\u00a0AN\u00c1LISE DA EFICI\u00caNCIA, EFIC\u00c1CIA E EFETIVIDADE DA\u00a0ATUA\u00c7\u00c3O DO BATALH\u00c3O AMBIENTAL NO SISTEMA DE\u00a0FISCALIZA\u00c7\u00c3O AMBIENTAL DO ESTADO DO AMAP\u00c1.<\/p>\n<p><a href=\"http:\/\/www2.unifap.br\/cambientais\/files\/2014\/01\/TCC-NATALIA-DOS-SANTOS-DE-OLIVEIRA-2009.pdf\">NAT\u00c1LIA DOS SANTOS DE OLIVEIRA<\/a>:\u00a0SANEAMENTO AMBIENTAL NO ESTADO DO AMAP\u00c1 E A OCORR\u00caNCIA DE DOEN\u00c7AS.<\/p>\n<p><a href=\"http:\/\/www2.unifap.br\/cambientais\/files\/2014\/01\/TCC_PC_10MAIO2013_FM14PM-2_Paula.pdf\">PAULA CAROLINE FIGUEIREDO DA CONCEI\u00c7\u00c3O<\/a>: SUSTENTABILIDADE EM UNIDADES DE CONSERVA\u00c7\u00c3O: AVALIA\u00c7\u00c3O DO USO DA FAUNA DE VERTEBRADOS DE M\u00c9DIO E GRANDE PORTES (COM \u00caNFASE EM QUEL\u00d4NIOS) NA FLORESTA NACIONAL DO AMAP\u00c1, BRASIL.<\/p>\n<p><a href=\"http:\/\/www2.unifap.br\/cambientais\/files\/2014\/01\/TRABALHO-DE-CONCLUS\u00c3O-DE-CURSO_PRISCILA-BRITO.pdf\">PRISCILA NAZAR\u00c9 DE FREITAS BRITO<\/a>: QUALIDADE DA \u00c1GUA DE ABASTECIMENTO EM COMUNIDADES RURAIS DE V\u00c1RZEA DO BAIXO RIO AMAZONAS.<\/p>\n<p><a href=\"http:\/\/www2.unifap.br\/cambientais\/files\/2014\/01\/TCC-UNIFAP-WANDERSON-MICHEL.pdf\">WANDERSON MICHEL DE FARIAS PANTOJA<\/a>: ECOLOGIA PARASIT\u00c1RIA DE Pterophyllum scalare (LICHTENSTEIN, 1823) E Mesonauta acora (CASTELNAU, 1855) (CICHLIDAE) EM \u00c1REA \u00daMIDA DA AMAZ\u00d4NIA ORIENTAL, BRASIL.<\/p>\n<\/div>\n","protected":false},"excerpt":{"rendered":"<p>(Para fazer o download do TCC, clique no nome dos autor(es)) BENILDA DO R\u00caGO SANTOS e MOIS\u00c9S ALBUQUERQUE DE ALMEIDA: AVALIA\u00c7\u00c3O DO SISTEMA DE GEST\u00c3O E MONITORAMENTO DE EMISS\u00d5ES ATMOSF\u00c9RICAS DA UTE SANTANA &#8211; AP\/BRASIL. BRUNNA STEFANNY SANGEL DE OLIVEIRA: QUALIDADE DA \u00c1GUA ASSOCIADA \u00c0 VULNERABILIDADE CLIM\u00c1TICA E RISCOS SANIT\u00c1RIOS \u2026 <a class=\"continue-reading-link\" href=\"http:\/\/www2.unifap.br\/cambientais\/biblioteca-de-dissertacoes-e-teses\/tcc\/tcc-turma-2009\/\"> Continue Lendo <span class=\"meta-nav\">&rarr; <\/span><\/a><\/p>\n","protected":false},"author":309,"featured_media":0,"parent":503,"menu_order":0,"comment_status":"open","ping_status":"open","template":"","meta":{"inline_featured_image":false,"ngg_post_thumbnail":0,"footnotes":""},"class_list":["post-665","page","type-page","status-publish","hentry"],"_links":{"self":[{"href":"http:\/\/www2.unifap.br\/cambientais\/wp-json\/wp\/v2\/pages\/665","targetHints":{"allow":["GET"]}}],"collection":[{"href":"http:\/\/www2.unifap.br\/cambientais\/wp-json\/wp\/v2\/pages"}],"about":[{"href":"http:\/\/www2.unifap.br\/cambientais\/wp-json\/wp\/v2\/types\/page"}],"author":[{"embeddable":true,"href":"http:\/\/www2.unifap.br\/cambientais\/wp-json\/wp\/v2\/users\/309"}],"replies":[{"embeddable":true,"href":"http:\/\/www2.unifap.br\/cambientais\/wp-json\/wp\/v2\/comments?post=665"}],"version-history":[{"count":12,"href":"http:\/\/www2.unifap.br\/cambientais\/wp-json\/wp\/v2\/pages\/665\/revisions"}],"predecessor-version":[{"id":1418,"href":"http:\/\/www2.unifap.br\/cambientais\/wp-json\/wp\/v2\/pages\/665\/revisions\/1418"}],"up":[{"embeddable":true,"href":"http:\/\/www2.unifap.br\/cambientais\/wp-json\/wp\/v2\/pages\/503"}],"wp:attachment":[{"href":"http:\/\/www2.unifap.br\/cambientais\/wp-json\/wp\/v2\/media?parent=665"}],"curies":[{"name":"wp","href":"https:\/\/api.w.org\/{rel}","templated":true}]}}