{"id":7,"date":"2009-10-22T23:57:30","date_gmt":"2009-10-23T02:57:30","guid":{"rendered":"http:\/\/pororoca.unifap.br\/cambientais\/fale-conosco\/"},"modified":"2023-03-24T18:40:01","modified_gmt":"2023-03-24T18:40:01","slug":"fale-conosco","status":"publish","type":"page","link":"http:\/\/www2.unifap.br\/cambientais\/fale-conosco\/","title":{"rendered":"Colegiado"},"content":{"rendered":"\t\t<div data-elementor-type=\"wp-page\" data-elementor-id=\"7\" class=\"elementor elementor-7\">\n\t\t\t\t\t\t<section class=\"elementor-section elementor-top-section elementor-element elementor-element-b39a97a elementor-section-boxed elementor-section-height-default elementor-section-height-default\" data-id=\"b39a97a\" data-element_type=\"section\" data-e-type=\"section\">\n\t\t\t\t\t\t<div class=\"elementor-container elementor-column-gap-default\">\n\t\t\t\t\t<div class=\"elementor-column elementor-col-100 elementor-top-column elementor-element elementor-element-b0fff4d\" data-id=\"b0fff4d\" data-element_type=\"column\" data-e-type=\"column\">\n\t\t\t<div class=\"elementor-widget-wrap elementor-element-populated\">\n\t\t\t\t\t\t<div class=\"elementor-element elementor-element-f58ef6b elementor-widget elementor-widget-text-editor\" data-id=\"f58ef6b\" data-element_type=\"widget\" data-e-type=\"widget\" data-widget_type=\"text-editor.default\">\n\t\t\t\t<div class=\"elementor-widget-container\">\n\t\t\t\t\t\t\t\t\t<p>O Colegiado de Ci\u00eancias Ambientais tem por objetivo a condu\u00e7\u00e3o da coordena\u00e7\u00e3o pedag\u00f3gica do curso, sendo caraterizado como uma unidade acad\u00eamico e administrativa vinculada ao Departamento de Meio Ambiente e Desenvolvimento (DMAD\/UNIFAP).<\/p><p>\u00c9 gerenciado pelo coordenador e seu vice, sendo constitu\u00eddo por todos os docentes lotados no curso, por uma representa\u00e7\u00e3o t\u00e9cnico administrativa e por um representante discente de cada turma (Art. 90 do Regimento Geral da UNIFAP).<\/p><p>O colegiado \u00e9 formado por uma coordena\u00e7\u00e3o, uma secretaria e por seus n\u00facleos de assessoramento acad\u00eamicos pedag\u00f3gicos, incluindo o N\u00facleo Docente Estruturante (NDE), conforme fluxograma abaixo.<\/p><p>Fluxograma: Organograma da constitui\u00e7\u00e3o do Colegiado do Curso de Bacharelado em Ci\u00eancias Ambientais (CLIQUE NA IMAGEM PARA AMPLIAR)<\/p><p><a href=\"http:\/\/www2.unifap.br\/cambientais\/files\/2023\/03\/Apresentacao12-1.jpg\"><img fetchpriority=\"high\" decoding=\"async\" class=\"wp-image-2593 aligncenter\" src=\"http:\/\/www2.unifap.br\/cambientais\/files\/2023\/03\/Apresentacao12-1-300x169.jpg\" alt=\"\" width=\"396\" height=\"223\" srcset=\"http:\/\/www2.unifap.br\/cambientais\/files\/2023\/03\/Apresentacao12-1-300x169.jpg 300w, http:\/\/www2.unifap.br\/cambientais\/files\/2023\/03\/Apresentacao12-1-1024x576.jpg 1024w, http:\/\/www2.unifap.br\/cambientais\/files\/2023\/03\/Apresentacao12-1-768x432.jpg 768w, http:\/\/www2.unifap.br\/cambientais\/files\/2023\/03\/Apresentacao12-1-150x84.jpg 150w, http:\/\/www2.unifap.br\/cambientais\/files\/2023\/03\/Apresentacao12-1-250x141.jpg 250w, http:\/\/www2.unifap.br\/cambientais\/files\/2023\/03\/Apresentacao12-1.jpg 1280w\" sizes=\"(max-width: 396px) 100vw, 396px\" \/><\/a><\/p>\t\t\t\t\t\t\t\t<\/div>\n\t\t\t\t<\/div>\n\t\t\t\t\t<\/div>\n\t\t<\/div>\n\t\t\t\t\t<\/div>\n\t\t<\/section>\n\t\t\t\t<section class=\"elementor-section elementor-top-section elementor-element elementor-element-e9fb9af elementor-section-boxed elementor-section-height-default elementor-section-height-default\" data-id=\"e9fb9af\" data-element_type=\"section\" data-e-type=\"section\">\n\t\t\t\t\t\t<div class=\"elementor-container elementor-column-gap-default\">\n\t\t\t\t\t<div class=\"elementor-column elementor-col-100 elementor-top-column elementor-element elementor-element-1d1c6e19\" data-id=\"1d1c6e19\" data-element_type=\"column\" data-e-type=\"column\">\n\t\t\t<div class=\"elementor-widget-wrap elementor-element-populated\">\n\t\t\t\t\t\t<div class=\"elementor-element elementor-element-1447e79d elementor-button-info elementor-align-left elementor-widget elementor-widget-button\" data-id=\"1447e79d\" data-element_type=\"widget\" data-e-type=\"widget\" data-widget_type=\"button.default\">\n\t\t\t\t<div class=\"elementor-widget-container\">\n\t\t\t\t\t\t\t\t\t<div class=\"elementor-button-wrapper\">\n\t\t\t\t\t<a class=\"elementor-button elementor-button-link elementor-size-md\" href=\"https:\/\/www2.unifap.br\/cambientais\">\n\t\t\t\t\t\t<span class=\"elementor-button-content-wrapper\">\n\t\t\t\t\t\t<span class=\"elementor-button-icon\">\n\t\t\t\t<i aria-hidden=\"true\" class=\"fas fa-home\"><\/i>\t\t\t<\/span>\n\t\t\t\t\t\t\t\t\t<span class=\"elementor-button-text\">In\u00edcio<\/span>\n\t\t\t\t\t<\/span>\n\t\t\t\t\t<\/a>\n\t\t\t\t<\/div>\n\t\t\t\t\t\t\t\t<\/div>\n\t\t\t\t<\/div>\n\t\t\t\t\t<\/div>\n\t\t<\/div>\n\t\t\t\t\t<\/div>\n\t\t<\/section>\n\t\t\t\t<section class=\"elementor-section elementor-top-section elementor-element elementor-element-18cb68a6 elementor-section-boxed elementor-section-height-default elementor-section-height-default\" data-id=\"18cb68a6\" data-element_type=\"section\" data-e-type=\"section\">\n\t\t\t\t\t\t<div class=\"elementor-container elementor-column-gap-default\">\n\t\t\t\t\t<div class=\"elementor-column elementor-col-100 elementor-top-column elementor-element elementor-element-6d4c64c0\" data-id=\"6d4c64c0\" data-element_type=\"column\" data-e-type=\"column\">\n\t\t\t<div class=\"elementor-widget-wrap\">\n\t\t\t\t\t\t\t<\/div>\n\t\t<\/div>\n\t\t\t\t\t<\/div>\n\t\t<\/section>\n\t\t\t\t<\/div>\n\t\t","protected":false},"excerpt":{"rendered":"<p>O Colegiado de Ci\u00eancias Ambientais tem por objetivo a condu\u00e7\u00e3o da coordena\u00e7\u00e3o pedag\u00f3gica do curso, sendo caraterizado como uma unidade acad\u00eamico e administrativa vinculada ao Departamento de Meio Ambiente e Desenvolvimento (DMAD\/UNIFAP). \u00c9 gerenciado pelo coordenador e seu vice, sendo constitu\u00eddo por todos os docentes lotados no curso, por uma \u2026 <a class=\"continue-reading-link\" href=\"http:\/\/www2.unifap.br\/cambientais\/fale-conosco\/\"> Continue Lendo <span class=\"meta-nav\">&rarr; <\/span><\/a><\/p>\n","protected":false},"author":1,"featured_media":0,"parent":0,"menu_order":1,"comment_status":"closed","ping_status":"closed","template":"","meta":{"inline_featured_image":false,"ngg_post_thumbnail":0,"footnotes":""},"class_list":["post-7","page","type-page","status-publish","hentry"],"_links":{"self":[{"href":"http:\/\/www2.unifap.br\/cambientais\/wp-json\/wp\/v2\/pages\/7","targetHints":{"allow":["GET"]}}],"collection":[{"href":"http:\/\/www2.unifap.br\/cambientais\/wp-json\/wp\/v2\/pages"}],"about":[{"href":"http:\/\/www2.unifap.br\/cambientais\/wp-json\/wp\/v2\/types\/page"}],"author":[{"embeddable":true,"href":"http:\/\/www2.unifap.br\/cambientais\/wp-json\/wp\/v2\/users\/1"}],"replies":[{"embeddable":true,"href":"http:\/\/www2.unifap.br\/cambientais\/wp-json\/wp\/v2\/comments?post=7"}],"version-history":[{"count":42,"href":"http:\/\/www2.unifap.br\/cambientais\/wp-json\/wp\/v2\/pages\/7\/revisions"}],"predecessor-version":[{"id":2599,"href":"http:\/\/www2.unifap.br\/cambientais\/wp-json\/wp\/v2\/pages\/7\/revisions\/2599"}],"wp:attachment":[{"href":"http:\/\/www2.unifap.br\/cambientais\/wp-json\/wp\/v2\/media?parent=7"}],"curies":[{"name":"wp","href":"https:\/\/api.w.org\/{rel}","templated":true}]}}