{"id":1073,"date":"2018-05-29T13:55:51","date_gmt":"2018-05-29T13:55:51","guid":{"rendered":"http:\/\/www2.unifap.br\/ccomputacao\/?page_id=1073"},"modified":"2019-09-19T13:33:05","modified_gmt":"2019-09-19T13:33:05","slug":"2018-1","status":"publish","type":"page","link":"http:\/\/www2.unifap.br\/ccomputacao\/edef\/2018-1\/","title":{"rendered":"EDEF 2018.1"},"content":{"rendered":"<p><a style=\"color: blue\" href=\"http:\/\/www2.unifap.br\/ccomputacao\/files\/2018\/05\/ORIENTA\u00c7\u00d5ES-GERAIS-EDEF-2018.11.pdf\" target=\"_blank\">ORIENTA\u00c7\u00d5ES GERAIS &#8211; EDEF 2018.1<\/a><\/p>\n<p><a style=\"color: blue\" href=\"http:\/\/www2.unifap.br\/ccomputacao\/files\/2018\/05\/CRONOGRAMA-EDEF-2018.11.pdf\" target=\"_blank\">CRONOGRAMA EDEF 2018.1<\/a><\/p>\n<p><a style=\"color: blue\" href=\"https:\/\/drive.google.com\/open?id=1NWaRrF47Io6s7O8-t_iTlslGi-_pit6uvO_b0MBXmAQ\" target=\"_blank\">FORMUL\u00c1RIO DE INSCRI\u00c7\u00c3O<\/a><\/p>\n<p><a style=\"color: blue\" href=\"http:\/\/www2.unifap.br\/ccomputacao\/2018\/05\/29\/sugestoes-de-leitura-para-o-edef\/\">SUGEST\u00d5ES DE LEITURA PARA O EDEF 2018.1<\/a><\/p>\n<p><a style=\"color: blue\" href=\"http:\/\/www2.unifap.br\/ccomputacao\/files\/2018\/05\/LISTA-DE-INSCRITOS-EDEF-2018.1.pdf\">LISTA DE INSCRITOS &#8211; EDEF 2018.1<\/a> (Caso haja alguma incoer\u00eancia nos dados, entrar em contato com edef.ccc@gmail.com)<\/p>\n<p><a style=\"color: blue\" href=\"http:\/\/www2.unifap.br\/ccomputacao\/files\/2018\/05\/Local-de-Prova-EDEF-2018.1.pdf\">LOCAIS DE PROVA &#8211; EDEF 2018.1<\/a><\/p>\n<p><a style=\"color: blue\" href=\"http:\/\/www2.unifap.br\/ccomputacao\/files\/2018\/05\/GABARITO-PROVIS\u00d3RIO-EDEF-2018.1.pdf\">GABARITO PROVIS\u00d3RIO &#8211; EDEF 2018.1<\/a><\/p>\n<p><a style=\"color: blue\" href=\"https:\/\/drive.google.com\/open?id=1GsGXmlu7mfAydZC1MvyRqTsXRpgJrSnELy50gxt-Msw\">INTERPOSI\u00c7\u00c3O DE RECURSO &#8211; EDEF 2018.1<\/a><\/p>\n<p><a style=\"color: blue\" href=\"http:\/\/www2.unifap.br\/ccomputacao\/files\/2018\/05\/GABARITO-DEFINITIVO-EDEF-2018.11.pdf\">GABARITO DEFINITIVO AP\u00d3S RECURSO- EDEF 2018.1<\/a><\/p>\n<p><a style=\"color: blue\" href=\"https:\/\/questionarioedef.herokuapp.com\/forms\/matricula\/\">RESULTADO AP\u00d3S RECURSO &#8211; EDEF 2018.1<\/a> (Verifique se sua nota est\u00e1 correta. Caso houver alguma inconsist\u00eancia em sua nota, envie um e-mail para edef.ccc@gmail.com at\u00e9 as 18h00min. desta segunda-feira (16.07.2018), com as seguintes informa\u00e7\u00f5es: Nome Completo, Disciplina, Quest\u00e3o(es) e Justificativa).<\/p>\n","protected":false},"excerpt":{"rendered":"<p>ORIENTA\u00c7\u00d5ES GERAIS &#8211; EDEF 2018.1 CRONOGRAMA EDEF 2018.1 FORMUL\u00c1RIO DE INSCRI\u00c7\u00c3O SUGEST\u00d5ES DE LEITURA PARA O EDEF 2018.1 LISTA DE INSCRITOS &#8211; EDEF 2018.1 (Caso haja alguma incoer\u00eancia nos dados, entrar em contato com edef.ccc@gmail.com) LOCAIS DE PROVA &#8211; EDEF 2018.1 GABARITO PROVIS\u00d3RIO &#8211; EDEF 2018.1 INTERPOSI\u00c7\u00c3O DE RECURSO &#8211; EDEF 2018.1 GABARITO DEFINITIVO AP\u00d3S&#8230;<\/p>\n","protected":false},"author":757,"featured_media":0,"parent":335,"menu_order":4,"comment_status":"closed","ping_status":"open","template":"","meta":{"inline_featured_image":false,"ngg_post_thumbnail":0,"footnotes":""},"class_list":["post-1073","page","type-page","status-publish","hentry","entry"],"_links":{"self":[{"href":"http:\/\/www2.unifap.br\/ccomputacao\/wp-json\/wp\/v2\/pages\/1073","targetHints":{"allow":["GET"]}}],"collection":[{"href":"http:\/\/www2.unifap.br\/ccomputacao\/wp-json\/wp\/v2\/pages"}],"about":[{"href":"http:\/\/www2.unifap.br\/ccomputacao\/wp-json\/wp\/v2\/types\/page"}],"author":[{"embeddable":true,"href":"http:\/\/www2.unifap.br\/ccomputacao\/wp-json\/wp\/v2\/users\/757"}],"replies":[{"embeddable":true,"href":"http:\/\/www2.unifap.br\/ccomputacao\/wp-json\/wp\/v2\/comments?post=1073"}],"version-history":[{"count":32,"href":"http:\/\/www2.unifap.br\/ccomputacao\/wp-json\/wp\/v2\/pages\/1073\/revisions"}],"predecessor-version":[{"id":1380,"href":"http:\/\/www2.unifap.br\/ccomputacao\/wp-json\/wp\/v2\/pages\/1073\/revisions\/1380"}],"up":[{"embeddable":true,"href":"http:\/\/www2.unifap.br\/ccomputacao\/wp-json\/wp\/v2\/pages\/335"}],"wp:attachment":[{"href":"http:\/\/www2.unifap.br\/ccomputacao\/wp-json\/wp\/v2\/media?parent=1073"}],"curies":[{"name":"wp","href":"https:\/\/api.w.org\/{rel}","templated":true}]}}