{"id":1320,"date":"2018-10-31T03:41:50","date_gmt":"2018-10-31T03:41:50","guid":{"rendered":"http:\/\/www2.unifap.br\/ccomputacao\/?page_id=1320"},"modified":"2019-09-19T13:33:05","modified_gmt":"2019-09-19T13:33:05","slug":"edef-2018-2","status":"publish","type":"page","link":"http:\/\/www2.unifap.br\/ccomputacao\/edef\/edef-2018-2\/","title":{"rendered":"EDEF 2018.2"},"content":{"rendered":"<h1>EDEF 2018.2<\/h1>\n<p><a title=\"Cronograma - EDEF 2018.2\" href=\"http:\/\/www2.unifap.br\/ccomputacao\/files\/2018\/10\/CRONOGRAMA-EDEF-2018.2.pdf\" target=\"_blank\" rel=\"noopener\">CRONOGRAMA EDEF 2018.2<\/a><\/p>\n<p><a title=\"Orienta\u00e7\u00f5es Gerais - EDEF 2018.2\" href=\"http:\/\/www2.unifap.br\/ccomputacao\/files\/2018\/10\/ORIENTA\u00c7\u00d5ES-GERAIS-EDEF-2018.2.pdf\" target=\"_blank\" rel=\"noopener\">ORIENTA\u00c7\u00d5ES GERAIS EDEF 2018.2<\/a><\/p>\n<p><a title=\"Leituras para a prova de Conhecimentos Gerais\" href=\"http:\/\/www2.unifap.br\/ccomputacao\/files\/2018\/10\/SUGEST\u00d5ES-DE-LEITURAS-PARA-O-EDEF-2018.2-CONHECIMENTOS-GERAIS.pdf\" target=\"_blank\" rel=\"noopener\">SUGEST\u00d5ES DE LEITURA PARA O EDEF 2018.2<\/a><\/p>\n<p><a title=\"Inscri\u00e7\u00e3o EDEF 2018.2\" href=\"https:\/\/drive.google.com\/open?id=1hKEmLOaVe4uzABp_jnioAtp933D2ltNspxIHJq714AE\" target=\"_blank\" rel=\"noopener\">FORMUL\u00c1RIO DE INSCRI\u00c7\u00c3O (Necess\u00e1rio fazer login)<\/a><\/p>\n<p><a href=\"http:\/\/www2.unifap.br\/ccomputacao\/files\/2018\/10\/LISTA-DE-INSCRITOS-EDEF-2018.2.pdf\">LISTA DE INSCRITOS &#8211; EDEF 2018.2<\/a><\/p>\n<p><a title=\"Interposi\u00e7\u00e3o de Recursos\" href=\"https:\/\/drive.google.com\/open?id=1p5FKNl6wvsar6HrIJXbYBOUCnuRdTCtx4osIeUGlVZ0\" target=\"_blank\" rel=\"noopener\">INTERPOSI\u00c7\u00c3O DE RECURSO \u2013 EDEF 2018.2<\/a><\/p>\n<p><a href=\"http:\/\/www2.unifap.br\/ccomputacao\/files\/2018\/10\/GABARITO-PROVISORIO_EDEF-2018.2.pdf\" target=\"_blank\" rel=\"noopener\">GABARITO PROVIS\u00d3RIO_EDEF 2018.2<\/a><\/p>\n<p><a href=\"http:\/\/www2.unifap.br\/ccomputacao\/files\/2018\/10\/GABARITO-DEFINITIVO-EDEF-2018.2.pdf\" target=\"_blank\" rel=\"noopener\">GABARITO DEFINITIVO AP\u00d3S RECURSO &#8211; EDEF 2018.2<\/a><\/p>\n<p><a title=\"Acesso as notas\" href=\"https:\/\/questionarioedef.herokuapp.com\/forms\/matricula\/\" target=\"_blank\" rel=\"noopener\">RESULTADO AP\u00d3S RECURSO \u2013 EDEF 2018.2<\/a>&nbsp;(Insira sua Matr\u00edcula&nbsp;<strong>corretamente<\/strong>&nbsp;para visualizar sua nota).<\/p>\n","protected":false},"excerpt":{"rendered":"<p>EDEF 2018.2 CRONOGRAMA EDEF 2018.2 ORIENTA\u00c7\u00d5ES GERAIS EDEF 2018.2 SUGEST\u00d5ES DE LEITURA PARA O EDEF 2018.2 FORMUL\u00c1RIO DE INSCRI\u00c7\u00c3O (Necess\u00e1rio fazer login) LISTA DE INSCRITOS &#8211; EDEF 2018.2 INTERPOSI\u00c7\u00c3O DE RECURSO \u2013 EDEF 2018.2 GABARITO PROVIS\u00d3RIO_EDEF 2018.2 GABARITO DEFINITIVO AP\u00d3S RECURSO &#8211; EDEF 2018.2 RESULTADO AP\u00d3S RECURSO \u2013 EDEF 2018.2&nbsp;(Insira sua Matr\u00edcula&nbsp;corretamente&nbsp;para visualizar sua nota).<\/p>\n","protected":false},"author":2475,"featured_media":0,"parent":335,"menu_order":5,"comment_status":"closed","ping_status":"open","template":"","meta":{"inline_featured_image":false,"ngg_post_thumbnail":0,"footnotes":""},"class_list":["post-1320","page","type-page","status-publish","hentry","entry"],"_links":{"self":[{"href":"http:\/\/www2.unifap.br\/ccomputacao\/wp-json\/wp\/v2\/pages\/1320","targetHints":{"allow":["GET"]}}],"collection":[{"href":"http:\/\/www2.unifap.br\/ccomputacao\/wp-json\/wp\/v2\/pages"}],"about":[{"href":"http:\/\/www2.unifap.br\/ccomputacao\/wp-json\/wp\/v2\/types\/page"}],"author":[{"embeddable":true,"href":"http:\/\/www2.unifap.br\/ccomputacao\/wp-json\/wp\/v2\/users\/2475"}],"replies":[{"embeddable":true,"href":"http:\/\/www2.unifap.br\/ccomputacao\/wp-json\/wp\/v2\/comments?post=1320"}],"version-history":[{"count":29,"href":"http:\/\/www2.unifap.br\/ccomputacao\/wp-json\/wp\/v2\/pages\/1320\/revisions"}],"predecessor-version":[{"id":1942,"href":"http:\/\/www2.unifap.br\/ccomputacao\/wp-json\/wp\/v2\/pages\/1320\/revisions\/1942"}],"up":[{"embeddable":true,"href":"http:\/\/www2.unifap.br\/ccomputacao\/wp-json\/wp\/v2\/pages\/335"}],"wp:attachment":[{"href":"http:\/\/www2.unifap.br\/ccomputacao\/wp-json\/wp\/v2\/media?parent=1320"}],"curies":[{"name":"wp","href":"https:\/\/api.w.org\/{rel}","templated":true}]}}