{"id":1416,"date":"2019-02-13T11:13:01","date_gmt":"2019-02-13T11:13:01","guid":{"rendered":"http:\/\/www2.unifap.br\/ccomputacao\/?page_id=1416"},"modified":"2019-11-07T17:42:24","modified_gmt":"2019-11-07T17:42:24","slug":"2019-2","status":"publish","type":"page","link":"http:\/\/www2.unifap.br\/ccomputacao\/eventos\/2019-2\/","title":{"rendered":"Eventos de 2019"},"content":{"rendered":"<h1>Eventos de 2019<\/h1>\n<ul>\n<li><a title=\"Semana do Calouro de Ci\u00eancia da Computa\u00e7\u00e3o 2019\" href=\"https:\/\/www2.unifap.br\/ccomputacao\/eventos\/2019-2\/calouro\/certificados\/\">Semana do Calouro de Ci\u00eancia da Computa\u00e7\u00e3o 2019<\/a><\/li>\n<li><a title=\"1\u00aa Semana de Computa\u00e7\u00e3o (1\u00aa SECOMP \u2013 UNIFAP)\" href=\"http:\/\/www2.unifap.br\/ccomputacao\/2019\/05\/23\/i-semana-da-computacao-unifap\/\">1\u00aa Semana de Computa\u00e7\u00e3o (1\u00aa SECOMP \u2013 UNIFAP)<\/a><\/li>\n<li><a title=\"Eventos SBC 2019\" href=\"http:\/\/www2.unifap.br\/ccomputacao\/eventos\/eventos-de-2019\/eventos-sbc-2019\/\">Eventos SBC 2019<\/a><\/li>\n<li><a href=\"https:\/\/www2.unifap.br\/ccomputacao\/eventos\/2019-2\/defesas-2019\/\">Certificados de defesas de pr\u00e9-projeto e trabalhos de conclus\u00e3o de curso 2019<\/a><\/li>\n<\/ul>\n","protected":false},"excerpt":{"rendered":"<p>Eventos de 2019 Semana do Calouro de Ci\u00eancia da Computa\u00e7\u00e3o 2019 1\u00aa Semana de Computa\u00e7\u00e3o (1\u00aa SECOMP \u2013 UNIFAP) Eventos SBC 2019 Certificados de defesas de pr\u00e9-projeto e trabalhos de conclus\u00e3o de curso 2019<\/p>\n","protected":false},"author":2772,"featured_media":0,"parent":22,"menu_order":0,"comment_status":"closed","ping_status":"open","template":"","meta":{"inline_featured_image":false,"ngg_post_thumbnail":0,"footnotes":""},"class_list":["post-1416","page","type-page","status-publish","hentry","entry"],"_links":{"self":[{"href":"http:\/\/www2.unifap.br\/ccomputacao\/wp-json\/wp\/v2\/pages\/1416","targetHints":{"allow":["GET"]}}],"collection":[{"href":"http:\/\/www2.unifap.br\/ccomputacao\/wp-json\/wp\/v2\/pages"}],"about":[{"href":"http:\/\/www2.unifap.br\/ccomputacao\/wp-json\/wp\/v2\/types\/page"}],"author":[{"embeddable":true,"href":"http:\/\/www2.unifap.br\/ccomputacao\/wp-json\/wp\/v2\/users\/2772"}],"replies":[{"embeddable":true,"href":"http:\/\/www2.unifap.br\/ccomputacao\/wp-json\/wp\/v2\/comments?post=1416"}],"version-history":[{"count":12,"href":"http:\/\/www2.unifap.br\/ccomputacao\/wp-json\/wp\/v2\/pages\/1416\/revisions"}],"predecessor-version":[{"id":2305,"href":"http:\/\/www2.unifap.br\/ccomputacao\/wp-json\/wp\/v2\/pages\/1416\/revisions\/2305"}],"up":[{"embeddable":true,"href":"http:\/\/www2.unifap.br\/ccomputacao\/wp-json\/wp\/v2\/pages\/22"}],"wp:attachment":[{"href":"http:\/\/www2.unifap.br\/ccomputacao\/wp-json\/wp\/v2\/media?parent=1416"}],"curies":[{"name":"wp","href":"https:\/\/api.w.org\/{rel}","templated":true}]}}