{"id":1425,"date":"2019-02-13T11:29:36","date_gmt":"2019-02-13T11:29:36","guid":{"rendered":"http:\/\/www2.unifap.br\/ccomputacao\/?page_id=1425"},"modified":"2019-09-19T13:33:36","modified_gmt":"2019-09-19T13:33:36","slug":"eventos-sbc-2019","status":"publish","type":"page","link":"http:\/\/www2.unifap.br\/ccomputacao\/eventos\/2019-2\/eventos-sbc-2019\/","title":{"rendered":"Eventos SBC 2019"},"content":{"rendered":"<h1>Eventos SBC 2019<\/h1>\n<table width=\"90%\" cellspacing=\"0\" cellpadding=\"0\" align=\"center\">\n<tbody>\n<tr>\n<td>Mar\u00e7o 2019<\/td>\n<td>\n<ul>\n<li>Quinta-feira, 21 Mar\u00e7o 2019 &#8211; S\u00e1bado, 23 Mar\u00e7o 2019<br \/>\n<a title=\"III Escola Regional de Inform\u00e1tica (ERI - RJ 2019)\" href=\"http:\/\/www.sbc.org.br\/eventos\/calendario-de-eventos\/evento\/290\/iii-escola-regional-de-informatica-eri-rj-2019\">III Escola Regional de Inform\u00e1tica (ERI &#8211; RJ 2019)<\/a>&nbsp;<em>&nbsp;<\/em>&nbsp;&nbsp;::&nbsp;&nbsp;Realizado<\/li>\n<\/ul>\n<p>&nbsp;<\/p>\n<ul>\n<li>Sexta-feira, 22 Mar\u00e7o 2019 &#8211; Domingo, 24 Mar\u00e7o 2019<br \/>\n<a title=\"IX Computer on the Beach\" href=\"http:\/\/www.sbc.org.br\/eventos\/calendario-de-eventos\/evento\/279\/ix-computer-on-the-beach\">IX Computer on the Beach<\/a>&nbsp;<em>&nbsp;<\/em>&nbsp;&nbsp;::&nbsp;&nbsp;Realizado<\/li>\n<\/ul>\n<\/td>\n<\/tr>\n<tr>\n<td>Abril 2019<\/td>\n<td>\n<ul>\n<li>Quinta-feira, 04 Abril 2019<br \/>\n<a title=\"X Computer on the Beach 2019\" href=\"http:\/\/www.sbc.org.br\/eventos\/calendario-de-eventos\/evento\/280\/x-computer-on-the-beach-2019\">X Computer on the Beach 2019<\/a>&nbsp;<em>&nbsp;<\/em>&nbsp;&nbsp;::&nbsp;&nbsp;Apoiado<\/li>\n<\/ul>\n<p>&nbsp;<\/p>\n<ul>\n<li>Quarta-feira, 10 Abril 2019 &#8211; Sexta-feira, 12 Abril 2019<br \/>\n<a title=\"XV Escola Regional de Banco de Dados (ERBD 2019) \" href=\"http:\/\/www.sbc.org.br\/eventos\/calendario-de-eventos\/evento\/284\/xv-escola-regional-de-banco-de-dados-erbd-2019\">XV Escola Regional de Banco de Dados (ERBD 2019)&nbsp;<\/a><em>&nbsp;<\/em>&nbsp;&nbsp;::&nbsp;&nbsp;Realizado<\/li>\n<\/ul>\n<p>&nbsp;<\/p>\n<ul>\n<li>Quarta-feira, 10 Abril 2019 &#8211; Sexta-feira, 12 Abril 2019<br \/>\n<a title=\"XIX Escola Regional de Alto Desempenho do Rio Grande do Sul (ERAD-RS 2019)\" href=\"http:\/\/www.sbc.org.br\/eventos\/calendario-de-eventos\/evento\/285\/xix-escola-regional-de-alto-desempenho-do-rio-grande-do-sul-erad-rs-2019\">XIX Escola Regional de Alto Desempenho do Rio Grande do Sul (ERAD-RS 2019)<\/a>&nbsp;<em>&nbsp;<\/em>&nbsp;&nbsp;::&nbsp;&nbsp;Realizado<\/li>\n<\/ul>\n<p>&nbsp;<\/p>\n<ul>\n<li>Sexta-feira, 12 Abril 2019 &#8211; Domingo, 14 Abril 2019<br \/>\n<a title=\"X Escola Regional de Alto Desempenho de S\u00e3o Paulo (ERAD-SP 2019)\" href=\"http:\/\/www.sbc.org.br\/eventos\/calendario-de-eventos\/evento\/291\/x-escola-regional-de-alto-desempenho-de-sao-paulo-erad-sp-2019\">X Escola Regional de Alto Desempenho de S\u00e3o Paulo (ERAD-SP 2019)<\/a>&nbsp;<em>&nbsp;<\/em>&nbsp;&nbsp;::&nbsp;&nbsp;Realizado<\/li>\n<\/ul>\n<\/td>\n<\/tr>\n<tr>\n<td>Maio 2019<\/td>\n<td>\n<ul>\n<li>Segunda-feira, 06 Maio 2019 &#8211; Sexta-feira, 10 Maio 2019<br \/>\n<a title=\"XXXVII Simp\u00f3sio Brasileiro de Redes de Computadores e Sistemas Distribu\u00eddos (SBRC 2019)\" href=\"http:\/\/www.sbc.org.br\/eventos\/calendario-de-eventos\/evento\/274\/xxxvii-simposio-brasileiro-de-redes-de-computadores-e-sistemas-distribuidos-sbrc-2019\">XXXVII Simp\u00f3sio Brasileiro de Redes de Computadores e Sistemas Distribu\u00eddos (SBRC 2019)<\/a>&nbsp;<em>&nbsp;<\/em>&nbsp;&nbsp;::&nbsp;&nbsp;Realizado<\/li>\n<\/ul>\n<p>&nbsp;<\/p>\n<ul>\n<li>Segunda-feira, 20 Maio 2019 &#8211; Sexta-feira, 24 Maio 2019<br \/>\n<a title=\"XV Simp\u00f3sio Brasileiro de Sistemas de Informa\u00e7\u00e3o (SBSI 2019)\" href=\"http:\/\/www.sbc.org.br\/eventos\/calendario-de-eventos\/evento\/288\/xv-simposio-brasileiro-de-sistemas-de-informacao-sbsi-2019\">XV Simp\u00f3sio Brasileiro de Sistemas de Informa\u00e7\u00e3o (SBSI 2019)<\/a>&nbsp;<em>&nbsp;<\/em>&nbsp;&nbsp;::&nbsp;&nbsp;Realizado<\/li>\n<\/ul>\n<p>&nbsp;<\/p>\n<ul>\n<li>Segunda-feira, 20 Maio 2019 &#8211; Sexta-feira, 24 Maio 2019<br \/>\n<a title=\"XV Simp\u00f3sio Brasileiro de Sistemas de Informa\u00e7\u00e3o (SBSI 2019)\" href=\"http:\/\/www.sbc.org.br\/eventos\/calendario-de-eventos\/evento\/289\/xv-simposio-brasileiro-de-sistemas-de-informacao-sbsi-2019\">XV Simp\u00f3sio Brasileiro de Sistemas de Informa\u00e7\u00e3o (SBSI 2019)<\/a>&nbsp;<em>&nbsp;<\/em>&nbsp;&nbsp;::&nbsp;&nbsp;Realizado<\/li>\n<\/ul>\n<\/td>\n<\/tr>\n<tr>\n<td>Junho 2019<\/td>\n<td>\n<ul>\n<li>Segunda-feira, 03 Junho 2019 &#8211; Quarta-feira, 05 Junho 2019<br \/>\n<a title=\"31\u00ba Congresso Inicia\u00e7\u00e3o Cient\u00edfica do Inatel (INCITEL 2019) \" href=\"http:\/\/www.sbc.org.br\/eventos\/calendario-de-eventos\/evento\/292\/31-congresso-iniciacao-cientifica-do-inatel-incitel-2019\">31\u00ba Congresso Inicia\u00e7\u00e3o Cient\u00edfica do Inatel (INCITEL 2019)&nbsp;<\/a><em>&nbsp;<\/em>&nbsp;&nbsp;::&nbsp;&nbsp;Apoiado<\/li>\n<\/ul>\n<p>&nbsp;<\/p>\n<ul>\n<li>Ter\u00e7a-feira, 11 Junho 2019 &#8211; Sexta-feira, 14 Junho 2019<br \/>\n<a title=\"XIX Simp\u00f3sio Brasileiro de Computa\u00e7\u00e3o Aplicada \u00e0 Sa\u00fade (SBCAS 2019)\" href=\"http:\/\/www.sbc.org.br\/eventos\/calendario-de-eventos\/evento\/287\/xix-simposio-brasileiro-de-computacao-aplicada-a-saude-sbcas-2019\">XIX Simp\u00f3sio Brasileiro de Computa\u00e7\u00e3o Aplicada \u00e0 Sa\u00fade (SBCAS 2019)<\/a>&nbsp;<em>&nbsp;<\/em>&nbsp;&nbsp;::&nbsp;&nbsp;Realizado<\/li>\n<\/ul>\n<\/td>\n<\/tr>\n<\/tbody>\n<\/table>\n<table width=\"90%\" cellspacing=\"0\" cellpadding=\"0\" align=\"center\">\n<tbody>\n<tr>\n<td>Julho 2019<\/td>\n<td>\n<ul>\n<li>Domingo, 14 Julho 2019 &#8211; Quinta-feira, 18 Julho 2019<br \/>\n<a title=\"XXXIX Congresso da Sociedade Brasileira de Computa\u00e7\u00e3o (CSBC 2019)\" href=\"http:\/\/www.sbc.org.br\/eventos\/calendario-de-eventos\/evento\/277\/xxxix-congresso-da-sociedade-brasileira-de-computacao-csbc-2019\">XXXIX Congresso da Sociedade Brasileira de Computa\u00e7\u00e3o (CSBC 2019)<\/a>&nbsp;<em>&nbsp;<\/em>&nbsp;&nbsp;::&nbsp;&nbsp;Realizado<\/li>\n<\/ul>\n<\/td>\n<\/tr>\n<tr>\n<td>Agosto 2019<\/td>\n<td>\n<ul>\n<li>Quinta-feira, 01 Agosto 2019<br \/>\n<a title=\"Teste\" href=\"http:\/\/www.sbc.org.br\/eventos\/calendario-de-eventos\/evento\/269\/teste\">Teste<\/a>&nbsp;<em>&nbsp;<\/em>&nbsp;&nbsp;::&nbsp;&nbsp;Apoiado<\/li>\n<\/ul>\n<\/td>\n<\/tr>\n<tr>\n<td>Setembro 2019<\/td>\n<td>\n<ul>\n<li>Sexta-feira, 13 Setembro 2019<br \/>\n<a title=\"6\u00aa Code Race 2019\" href=\"http:\/\/www.sbc.org.br\/eventos\/calendario-de-eventos\/evento\/286\/6-code-race-2019\">6\u00aa Code Race 2019<\/a>&nbsp;<em>&nbsp;<\/em>&nbsp;&nbsp;::&nbsp;&nbsp;Apoiado<\/li>\n<\/ul>\n<\/td>\n<\/tr>\n<\/tbody>\n<\/table>\n","protected":false},"excerpt":{"rendered":"<p>Eventos SBC 2019 Mar\u00e7o 2019 Quinta-feira, 21 Mar\u00e7o 2019 &#8211; S\u00e1bado, 23 Mar\u00e7o 2019 III Escola Regional de Inform\u00e1tica (ERI &#8211; RJ 2019)&nbsp;&nbsp;&nbsp;&nbsp;::&nbsp;&nbsp;Realizado &nbsp; Sexta-feira, 22 Mar\u00e7o 2019 &#8211; Domingo, 24 Mar\u00e7o 2019 IX Computer on the Beach&nbsp;&nbsp;&nbsp;&nbsp;::&nbsp;&nbsp;Realizado Abril 2019 Quinta-feira, 04 Abril 2019 X Computer on the Beach 2019&nbsp;&nbsp;&nbsp;&nbsp;::&nbsp;&nbsp;Apoiado &nbsp; Quarta-feira, 10 Abril 2019&#8230;<\/p>\n","protected":false},"author":2772,"featured_media":0,"parent":1416,"menu_order":2,"comment_status":"closed","ping_status":"open","template":"","meta":{"inline_featured_image":false,"ngg_post_thumbnail":0,"footnotes":""},"class_list":["post-1425","page","type-page","status-publish","hentry","entry"],"_links":{"self":[{"href":"http:\/\/www2.unifap.br\/ccomputacao\/wp-json\/wp\/v2\/pages\/1425","targetHints":{"allow":["GET"]}}],"collection":[{"href":"http:\/\/www2.unifap.br\/ccomputacao\/wp-json\/wp\/v2\/pages"}],"about":[{"href":"http:\/\/www2.unifap.br\/ccomputacao\/wp-json\/wp\/v2\/types\/page"}],"author":[{"embeddable":true,"href":"http:\/\/www2.unifap.br\/ccomputacao\/wp-json\/wp\/v2\/users\/2772"}],"replies":[{"embeddable":true,"href":"http:\/\/www2.unifap.br\/ccomputacao\/wp-json\/wp\/v2\/comments?post=1425"}],"version-history":[{"count":4,"href":"http:\/\/www2.unifap.br\/ccomputacao\/wp-json\/wp\/v2\/pages\/1425\/revisions"}],"predecessor-version":[{"id":1974,"href":"http:\/\/www2.unifap.br\/ccomputacao\/wp-json\/wp\/v2\/pages\/1425\/revisions\/1974"}],"up":[{"embeddable":true,"href":"http:\/\/www2.unifap.br\/ccomputacao\/wp-json\/wp\/v2\/pages\/1416"}],"wp:attachment":[{"href":"http:\/\/www2.unifap.br\/ccomputacao\/wp-json\/wp\/v2\/media?parent=1425"}],"curies":[{"name":"wp","href":"https:\/\/api.w.org\/{rel}","templated":true}]}}