{"id":1525,"date":"2019-04-09T19:30:13","date_gmt":"2019-04-09T19:30:13","guid":{"rendered":"http:\/\/www2.unifap.br\/ccomputacao\/?page_id=1525"},"modified":"2019-09-19T13:33:36","modified_gmt":"2019-09-19T13:33:36","slug":"concurso-logomarca-logotipo","status":"publish","type":"page","link":"http:\/\/www2.unifap.br\/ccomputacao\/editais\/concluidos\/concurso-logomarca-logotipo\/","title":{"rendered":"Concurso Logomarca\/Logotipo"},"content":{"rendered":"<p>A Coordena\u00e7\u00e3o do Curso de Ci\u00eancia da Computa\u00e7\u00e3o, no uso de suas atribui\u00e7\u00f5es legais e regimentais, torna p\u00fablico o concurso para escolha da logomarca\/logotipo do curso, respeitadas as normas constantes nas respectivas cl\u00e1usulas do Edital 01\/2019 \u2013 CCCComput, que consta a seguir:<\/p>\n<p>09\/04\/2019 &#8211; <span style=\"color: #0000ff\"><a style=\"color: #0000ff\" href=\"http:\/\/www2.unifap.br\/ccomputacao\/files\/2019\/04\/Edital-de-Logomarca-do-Curso-de-Ci\u00eancia-da-Computa\u00e7\u00e3o.pdf\">Edital de Logomarca\/Logotipo do Curso de Ci\u00eancia da Computa\u00e7\u00e3o<\/a><\/span> (PDF)<\/p>\n<p>08\/05\/2019 &#8211;<span style=\"color: #0000ff\">&nbsp;<a style=\"color: #0000ff\" href=\"http:\/\/www2.unifap.br\/ccomputacao\/files\/2019\/05\/homologa\u00e7\u00e3o-1.pdf\">Homologa\u00e7\u00e3o das inscri\u00e7\u00f5es<\/a><\/span>&#8211; PDF<\/p>\n<p>10\/05\/2019 &#8211;&nbsp;<span style=\"color: #0000ff\"><a style=\"color: #0000ff\" href=\"http:\/\/www2.unifap.br\/ccomputacao\/files\/2019\/05\/Resultado-Parcial-1.pdf\">Resultado Parcial<\/a><\/span> &#8211; PDF<\/p>\n<p>21\/05\/2019 &#8211;&nbsp;<span style=\"color: #0000ff\"><a style=\"color: #0000ff\" href=\"http:\/\/www2.unifap.br\/ccomputacao\/files\/2019\/05\/Resultado-Final.pdf\">Resultado Final<\/a><\/span> &#8211; PDF<\/p>\n","protected":false},"excerpt":{"rendered":"<p>A Coordena\u00e7\u00e3o do Curso de Ci\u00eancia da Computa\u00e7\u00e3o, no uso de suas atribui\u00e7\u00f5es legais e regimentais, torna p\u00fablico o concurso para escolha da logomarca\/logotipo do curso, respeitadas as normas constantes nas respectivas cl\u00e1usulas do Edital 01\/2019 \u2013 CCCComput, que consta a seguir: 09\/04\/2019 &#8211; Edital de Logomarca\/Logotipo do Curso de Ci\u00eancia da Computa\u00e7\u00e3o (PDF) 08\/05\/2019&#8230;<\/p>\n","protected":false},"author":757,"featured_media":0,"parent":1529,"menu_order":0,"comment_status":"closed","ping_status":"closed","template":"","meta":{"inline_featured_image":false,"ngg_post_thumbnail":0,"footnotes":""},"class_list":["post-1525","page","type-page","status-publish","hentry","entry"],"_links":{"self":[{"href":"http:\/\/www2.unifap.br\/ccomputacao\/wp-json\/wp\/v2\/pages\/1525","targetHints":{"allow":["GET"]}}],"collection":[{"href":"http:\/\/www2.unifap.br\/ccomputacao\/wp-json\/wp\/v2\/pages"}],"about":[{"href":"http:\/\/www2.unifap.br\/ccomputacao\/wp-json\/wp\/v2\/types\/page"}],"author":[{"embeddable":true,"href":"http:\/\/www2.unifap.br\/ccomputacao\/wp-json\/wp\/v2\/users\/757"}],"replies":[{"embeddable":true,"href":"http:\/\/www2.unifap.br\/ccomputacao\/wp-json\/wp\/v2\/comments?post=1525"}],"version-history":[{"count":14,"href":"http:\/\/www2.unifap.br\/ccomputacao\/wp-json\/wp\/v2\/pages\/1525\/revisions"}],"predecessor-version":[{"id":1586,"href":"http:\/\/www2.unifap.br\/ccomputacao\/wp-json\/wp\/v2\/pages\/1525\/revisions\/1586"}],"up":[{"embeddable":true,"href":"http:\/\/www2.unifap.br\/ccomputacao\/wp-json\/wp\/v2\/pages\/1529"}],"wp:attachment":[{"href":"http:\/\/www2.unifap.br\/ccomputacao\/wp-json\/wp\/v2\/media?parent=1525"}],"curies":[{"name":"wp","href":"https:\/\/api.w.org\/{rel}","templated":true}]}}