{"id":1553,"date":"2019-04-16T17:36:26","date_gmt":"2019-04-16T17:36:26","guid":{"rendered":"http:\/\/www2.unifap.br\/ccomputacao\/?page_id=1553"},"modified":"2019-09-19T13:33:05","modified_gmt":"2019-09-19T13:33:05","slug":"edef-2019-1","status":"publish","type":"page","link":"http:\/\/www2.unifap.br\/ccomputacao\/edef\/edef-2019-1\/","title":{"rendered":"EDEF 2019.1"},"content":{"rendered":"<h1>EDEF 2019.1<\/h1>\n<p><a href=\"http:\/\/www2.unifap.br\/ccomputacao\/files\/2019\/05\/ORIENTA\u00c7\u00d5ES-GERAIS_EDEF-2019.1.pdf\" target=\"_blank\" rel=\"noopener\">ORIENTA\u00c7\u00d5ES GERAIS_EDEF 2019.1<\/a><\/p>\n<p><a href=\"http:\/\/www2.unifap.br\/ccomputacao\/files\/2019\/05\/CRONOGRAMA_EDEF-2019.1.pdf\" target=\"_blank\" rel=\"noopener\">CRONOGRAMA_EDEF 2019.1<\/a><\/p>\n<p><a href=\"http:\/\/www2.unifap.br\/ccomputacao\/files\/2019\/04\/SUGEST\u00d5ES-DE-LEITURAS-PARA-O-EDEF-2019.1-CONHECIMENTOS-GERAIS-.pdf\" target=\"_blank\" rel=\"noopener\">SUGEST\u00d5ES DE LEITURAS PARA O EDEF 2019.1 &#8211; CONHECIMENTOS GERAIS<\/a><\/p>\n<p><a href=\"https:\/\/drive.google.com\/open?id=17qUrgqk2AYS-P74YGVVJg_aNV7ej8wvkgGgRxuzYnzI\" target=\"_blank\" rel=\"noopener\">FORMUL\u00c1RIO DE INSCRI\u00c7\u00c3O (Necess\u00e1rio fazer login)<\/a><\/p>\n<p><a href=\"http:\/\/www2.unifap.br\/ccomputacao\/files\/2019\/06\/DISCIPLINAS-QUE-SER\u00c3O-REALIZADAS-NO-TURNO-DA-TARDE.pdf\" target=\"_blank\" rel=\"noopener\">LISTA DE DISCIPLINAS QUE SER\u00c3O REALIZADAS NO TURNO DA TARDE<\/a><\/p>\n<p><a href=\"http:\/\/www2.unifap.br\/ccomputacao\/files\/2019\/06\/DISCIPLINAS-QUE-SER\u00c3O-REALIZADAS-NO-TURNO-DA-NOITE.pdf\" target=\"_blank\" rel=\"noopener\">LISTA DE DISCIPLINAS QUE SER\u00c3O REALIZADAS NO TURNO DA NOITE<\/a><\/p>\n<p>OBS.: Verifique se em ambas as listas constam o seu nome.<\/p>\n<p><a href=\"http:\/\/www2.unifap.br\/ccomputacao\/files\/2019\/06\/GABARITO-PROVIS\u00d3RIO-EDEF-2019.1.pdf\" target=\"_blank\" rel=\"noopener\">GABARITO &#8211; PROVIS\u00d3RIO &#8211; EDEF 2019.1<\/a><\/p>\n<p><a href=\"https:\/\/drive.google.com\/open?id=1FHMjG8FWA-HXx0NMiQKlRHZbHKKz9pRKEV6h6p5_BmM\" target=\"_blank\" rel=\"noopener\">FORMUL\u00c1RIO DE INTERPOSI\u00c7\u00c3O DE RECURSO &#8211; EDEF 2019.1 (at\u00e9 as 12h00mim. do dia 27\/06\/2019)<\/a><\/p>\n<p><a href=\"http:\/\/www2.unifap.br\/ccomputacao\/files\/2019\/07\/GABARITO-DEFINITIVO-EDEF-2019.1.pdf\" target=\"_blank\" rel=\"noopener\">GABARITO &#8211; DEFINITIVO &#8211; EDEF 2019.1<\/a>&nbsp;(P\u00f3s recurso)<\/p>\n<p><strong>O RESULTADO DO EDEF 2019.1 EST\u00c1 DISPON\u00cdVEL:<\/strong><\/p>\n<p><strong>Caso haja alguma inconsist\u00eancia nas notas, informe no email a seguir at\u00e9 as 14h:<\/strong>&nbsp;<em>edef.ccc@gmail.com<\/em><\/p>\n<p><a href=\"http:\/\/www2.unifap.br\/ccomputacao\/files\/2019\/07\/1.-\u00c1LGEBRA-LINEAR-E-GEOMETRIA-ANALITICA.pdf\" target=\"_blank\" rel=\"noopener\">1. \u00c1LGEBRA LINEAR E GEOMETRIA ANALITICA<\/a><\/p>\n<p><a href=\"http:\/\/www2.unifap.br\/ccomputacao\/files\/2019\/07\/2.-BANCO-DE-DADOS-I.pdf\" target=\"_blank\" rel=\"noopener\">2. BANCO DE DADOS I<\/a><\/p>\n<p><a href=\"http:\/\/www2.unifap.br\/ccomputacao\/files\/2019\/07\/3.-CALCULO-I.pdf\" target=\"_blank\" rel=\"noopener\">3. CALCULO I<\/a><\/p>\n<p><a href=\"http:\/\/www2.unifap.br\/ccomputacao\/files\/2019\/07\/4.-C\u00c1LCULO-III.pdf\" target=\"_blank\" rel=\"noopener\">4. C\u00c1LCULO III<\/a><\/p>\n<p><a href=\"http:\/\/www2.unifap.br\/ccomputacao\/files\/2019\/07\/5.-C\u00c1LCULO-NUM\u00c9RICO.pdf\" target=\"_blank\" rel=\"noopener\">5. C\u00c1LCULO NUM\u00c9RICO<\/a><\/p>\n<p><a href=\"http:\/\/www2.unifap.br\/ccomputacao\/files\/2019\/07\/6.-COMPILADORES.pdf\" target=\"_blank\" rel=\"noopener\">6. COMPILADORES<\/a><\/p>\n<p><a href=\"http:\/\/www2.unifap.br\/ccomputacao\/files\/2019\/07\/7.-COMPUTA\u00c7\u00c3O-GR\u00c1FICA.pdf\" target=\"_blank\" rel=\"noopener\">7. COMPUTA\u00c7\u00c3O GR\u00c1FICA<\/a><\/p>\n<p><a href=\"http:\/\/www2.unifap.br\/ccomputacao\/files\/2019\/07\/8.-COMPUTADOR-SOCIEDADE-E-\u00c9TICA.pdf\" target=\"_blank\" rel=\"noopener\">8. COMPUTADOR SOCIEDADE E \u00c9TICA<\/a><\/p>\n<p><a href=\"http:\/\/www2.unifap.br\/ccomputacao\/files\/2019\/07\/9.-ENGENHARIA-DE-SOFTWARE-I.pdf\" target=\"_blank\" rel=\"noopener\">9. ENGENHARIA DE SOFTWARE I<\/a><\/p>\n<p><a href=\"http:\/\/www2.unifap.br\/ccomputacao\/files\/2019\/07\/10.-FISICA-I.pdf\" target=\"_blank\" rel=\"noopener\">10. FISICA I<\/a><\/p>\n<p><a href=\"http:\/\/www2.unifap.br\/ccomputacao\/files\/2019\/07\/11.-INTELIG\u00caNCIA-ARTIFICIAL.pdf\" target=\"_blank\" rel=\"noopener\">11. INTELIG\u00caNCIA ARTIFICIAL<\/a><\/p>\n<p><a href=\"http:\/\/www2.unifap.br\/ccomputacao\/files\/2019\/07\/12.-INTERA\u00c7\u00c3O-HOMEM-M\u00c1QUINA.pdf\" target=\"_blank\" rel=\"noopener\">12. INTERA\u00c7\u00c3O HOMEM-M\u00c1QUINA<\/a><\/p>\n<p><a href=\"http:\/\/www2.unifap.br\/ccomputacao\/files\/2019\/07\/13.-METODOLOGIA-E-PESQUISA-DO-TRABALHO-CIENTIFICO-Noite.pdf\" target=\"_blank\" rel=\"noopener\">13. METODOLOGIA E PESQUISA DO TRABALHO CIENTIFICO (Noite)<\/a><\/p>\n<p><a href=\"http:\/\/www2.unifap.br\/ccomputacao\/files\/2019\/07\/14.-METODOLOGIA-E-PESQUISA-DO-TRABALHO-CIENTIFICO-Tarde.pdf\" target=\"_blank\" rel=\"noopener\">14. METODOLOGIA E PESQUISA DO TRABALHO CIENTIFICO (Tarde)<\/a><\/p>\n<p><a href=\"http:\/\/www2.unifap.br\/ccomputacao\/files\/2019\/07\/15.-ORGANIZA\u00c7\u00c3O-DE-COMPUTADORES.pdf\" target=\"_blank\" rel=\"noopener\">15. ORGANIZA\u00c7\u00c3O DE COMPUTADORES<\/a><\/p>\n<p><a href=\"http:\/\/www2.unifap.br\/ccomputacao\/files\/2019\/07\/16.-PROGRAMA\u00c7\u00c3O-I.pdf\" target=\"_blank\" rel=\"noopener\">16. PROGRAMA\u00c7\u00c3O I<\/a><\/p>\n<p><a href=\"http:\/\/www2.unifap.br\/ccomputacao\/files\/2019\/07\/17.-PROGRAMA\u00c7\u00c3O-II.pdf\" target=\"_blank\" rel=\"noopener\">17. PROGRAMA\u00c7\u00c3O II<\/a><\/p>\n<p><a href=\"http:\/\/www2.unifap.br\/ccomputacao\/files\/2019\/07\/18.-PROGRAMA\u00c7\u00c3O-III.pdf\" target=\"_blank\" rel=\"noopener\">18. PROGRAMA\u00c7\u00c3O III<\/a><\/p>\n<p><a href=\"http:\/\/www2.unifap.br\/ccomputacao\/files\/2019\/07\/19.-PROJETO-E-AN\u00c1LISE-DE-ALGORITMO.pdf\" target=\"_blank\" rel=\"noopener\">19. PROJETO E AN\u00c1LISE DE ALGORITMO<\/a><\/p>\n<p><a href=\"http:\/\/www2.unifap.br\/ccomputacao\/files\/2019\/07\/20.-REDE-DE-COMPUTADORES-II.pdf\" target=\"_blank\" rel=\"noopener\">20. REDE DE COMPUTADORES II<\/a><\/p>\n<p><a href=\"http:\/\/www2.unifap.br\/ccomputacao\/files\/2019\/07\/21.-TEORIA-DOS-GRAFOS.pdf\" target=\"_blank\" rel=\"noopener\">21. TEORIA DOS GRAFOS<\/a><\/p>\n<p><a href=\"http:\/\/www2.unifap.br\/ccomputacao\/files\/2019\/07\/22.-T\u00d3PICOS-EM-REDES-DE-COMPUTADORES.pdf\" target=\"_blank\" rel=\"noopener\">22. T\u00d3PICOS EM REDES DE COMPUTADORES<\/a><\/p>\n<p>&nbsp;<\/p>\n","protected":false},"excerpt":{"rendered":"<p>EDEF 2019.1 ORIENTA\u00c7\u00d5ES GERAIS_EDEF 2019.1 CRONOGRAMA_EDEF 2019.1 SUGEST\u00d5ES DE LEITURAS PARA O EDEF 2019.1 &#8211; CONHECIMENTOS GERAIS FORMUL\u00c1RIO DE INSCRI\u00c7\u00c3O (Necess\u00e1rio fazer login) LISTA DE DISCIPLINAS QUE SER\u00c3O REALIZADAS NO TURNO DA TARDE LISTA DE DISCIPLINAS QUE SER\u00c3O REALIZADAS NO TURNO DA NOITE OBS.: Verifique se em ambas as listas constam o seu nome. GABARITO&#8230;<\/p>\n","protected":false},"author":2475,"featured_media":0,"parent":335,"menu_order":8,"comment_status":"closed","ping_status":"closed","template":"","meta":{"inline_featured_image":false,"ngg_post_thumbnail":0,"footnotes":""},"class_list":["post-1553","page","type-page","status-publish","hentry","entry"],"_links":{"self":[{"href":"http:\/\/www2.unifap.br\/ccomputacao\/wp-json\/wp\/v2\/pages\/1553","targetHints":{"allow":["GET"]}}],"collection":[{"href":"http:\/\/www2.unifap.br\/ccomputacao\/wp-json\/wp\/v2\/pages"}],"about":[{"href":"http:\/\/www2.unifap.br\/ccomputacao\/wp-json\/wp\/v2\/types\/page"}],"author":[{"embeddable":true,"href":"http:\/\/www2.unifap.br\/ccomputacao\/wp-json\/wp\/v2\/users\/2475"}],"replies":[{"embeddable":true,"href":"http:\/\/www2.unifap.br\/ccomputacao\/wp-json\/wp\/v2\/comments?post=1553"}],"version-history":[{"count":26,"href":"http:\/\/www2.unifap.br\/ccomputacao\/wp-json\/wp\/v2\/pages\/1553\/revisions"}],"predecessor-version":[{"id":1941,"href":"http:\/\/www2.unifap.br\/ccomputacao\/wp-json\/wp\/v2\/pages\/1553\/revisions\/1941"}],"up":[{"embeddable":true,"href":"http:\/\/www2.unifap.br\/ccomputacao\/wp-json\/wp\/v2\/pages\/335"}],"wp:attachment":[{"href":"http:\/\/www2.unifap.br\/ccomputacao\/wp-json\/wp\/v2\/media?parent=1553"}],"curies":[{"name":"wp","href":"https:\/\/api.w.org\/{rel}","templated":true}]}}