{"id":34,"date":"2013-11-22T01:38:53","date_gmt":"2013-11-22T01:38:53","guid":{"rendered":"http:\/\/www2.unifap.br\/ccomputacao\/?page_id=34"},"modified":"2020-02-11T15:42:02","modified_gmt":"2020-02-11T15:42:02","slug":"formas-de-acesso","status":"publish","type":"page","link":"http:\/\/www2.unifap.br\/ccomputacao\/apresentacao-do-curso-2\/formas-de-acesso\/","title":{"rendered":"Formas de Acesso"},"content":{"rendered":"<h1><strong>Forma de Acesso<\/strong><\/h1>\n<p>O curso de ci\u00eancia da computa\u00e7\u00e3o ter\u00e1 ingresso feito por processo seletivo anual com in\u00edcio das atividades no primeiro semestre de cada ano. Este processo \u00e9 constitu\u00eddo pela avalia\u00e7\u00e3o das notas do Exame Nacional do Ensino M\u00e9dio &#8211; ENEM<\/p>\n<p><strong>N\u00famero de Vagas<\/strong><\/p>\n<p>O n\u00famero de vagas oferecidas \u00e9 de cinquenta vagas por ano.<\/p>\n<p><strong>Turno de Funcionamento.<\/strong><\/p>\n<p>Noturno, em acord\u00e2ncia ao contraturno, matutino, do curso de Engenharia El\u00e9trica. Eventuais atividades poder\u00e3o acontecer durante o dia.<\/p>\n<p><strong>Modalidade de Oferta<\/strong><\/p>\n<p>O Curso de Bacharelado em Ci\u00eancia da Compua\u00e7\u00e3o ser\u00e1 oferecido em car\u00e1ter sequencial , sendo necess\u00e1rio que o aluno tenha conclu\u00eddo o ensino m\u00e9dio.<\/p>\n<p><strong>T\u00edtulo Conferido<\/strong><\/p>\n<p>Bacharel em Ci\u00eancia da Computa\u00e7\u00e3o.<\/p>\n<p><strong>Dura\u00e7\u00e3o<\/strong><\/p>\n<p>O curso de Gradua\u00e7\u00e3o em Bacharelado em Ci\u00eancia da Computa\u00e7\u00e3o ter\u00e1 dura\u00e7\u00e3o m\u00ednima de cinco anos para integraliza\u00e7\u00e3o do curr\u00edculo.<\/p>\n<p><strong>Carga Hor\u00e1ria<\/strong><\/p>\n<p>O aluno dever\u00e1 cumprir um total de 3.155 horas em regime de cr\u00e9ditos de disciplina.<\/p>\n","protected":false},"excerpt":{"rendered":"<p>Forma de Acesso O curso de ci\u00eancia da computa\u00e7\u00e3o ter\u00e1 ingresso feito por processo seletivo anual com in\u00edcio das atividades no primeiro semestre de cada ano. Este processo \u00e9 constitu\u00eddo pela avalia\u00e7\u00e3o das notas do Exame Nacional do Ensino M\u00e9dio &#8211; ENEM N\u00famero de Vagas O n\u00famero de vagas oferecidas \u00e9 de cinquenta vagas por&#8230;<\/p>\n","protected":false},"author":352,"featured_media":0,"parent":512,"menu_order":5,"comment_status":"closed","ping_status":"closed","template":"","meta":{"inline_featured_image":false,"ngg_post_thumbnail":0,"footnotes":""},"class_list":["post-34","page","type-page","status-publish","hentry","entry"],"_links":{"self":[{"href":"http:\/\/www2.unifap.br\/ccomputacao\/wp-json\/wp\/v2\/pages\/34","targetHints":{"allow":["GET"]}}],"collection":[{"href":"http:\/\/www2.unifap.br\/ccomputacao\/wp-json\/wp\/v2\/pages"}],"about":[{"href":"http:\/\/www2.unifap.br\/ccomputacao\/wp-json\/wp\/v2\/types\/page"}],"author":[{"embeddable":true,"href":"http:\/\/www2.unifap.br\/ccomputacao\/wp-json\/wp\/v2\/users\/352"}],"replies":[{"embeddable":true,"href":"http:\/\/www2.unifap.br\/ccomputacao\/wp-json\/wp\/v2\/comments?post=34"}],"version-history":[{"count":9,"href":"http:\/\/www2.unifap.br\/ccomputacao\/wp-json\/wp\/v2\/pages\/34\/revisions"}],"predecessor-version":[{"id":2454,"href":"http:\/\/www2.unifap.br\/ccomputacao\/wp-json\/wp\/v2\/pages\/34\/revisions\/2454"}],"up":[{"embeddable":true,"href":"http:\/\/www2.unifap.br\/ccomputacao\/wp-json\/wp\/v2\/pages\/512"}],"wp:attachment":[{"href":"http:\/\/www2.unifap.br\/ccomputacao\/wp-json\/wp\/v2\/media?parent=34"}],"curies":[{"name":"wp","href":"https:\/\/api.w.org\/{rel}","templated":true}]}}