{"id":755,"date":"2018-03-29T19:41:58","date_gmt":"2018-03-29T19:41:58","guid":{"rendered":"http:\/\/www2.unifap.br\/ccomputacao\/?page_id=755"},"modified":"2021-06-14T15:27:54","modified_gmt":"2021-06-14T15:27:54","slug":"certificados","status":"publish","type":"page","link":"http:\/\/www2.unifap.br\/ccomputacao\/eventos\/2017-2\/certificados\/","title":{"rendered":"Certificados de 2017"},"content":{"rendered":"<p>Informamos que para solicitar a corre\u00e7\u00e3o de certificados o participante deve enviar um requerimento para a Coordena\u00e7\u00e3o de Ci\u00eancia da Computa\u00e7\u00e3o, via email ou presencial.<br \/>\n<strong>Emails:<\/strong> ccc@unifap.br.<br \/>\n<strong> Hor\u00e1rio de Atendimento:<\/strong> das 8h00 as 12h00, das 14h00 as 18h00 e das 18h15 as 22h00.<\/p>\n<p>Para ter acesso aos certificados, basta clicar no link abaixo:<\/p>\n<p><a href=\"https:\/\/drive.google.com\/open?id=1mT7k6IV2M4M1pGOnjo0LIe9m9As1ePxV\" target=\"_blank\" rel=\"noopener noreferrer\">Certificado referente a Apresenta\u00e7\u00e3o de Projeto de Engenharia de Software da Turma 2015<\/a><\/p>\n<p><a href=\"https:\/\/drive.google.com\/open?id=1TOGcizpOfxCI189rVT8YOznIRSlg--PM\" target=\"_blank\" rel=\"noopener noreferrer\">Certificado da Palestra DBA DA INDRA-Disrup\u00e7\u00e3o Digital<\/a><\/p>\n<p><a href=\"https:\/\/drive.google.com\/open?id=1GXjcCvhP_9HYUgXf_KqyXbTBgaW2CnJS\" target=\"_blank\" rel=\"noopener noreferrer\">Certificado da Palestra Perspectivas profissionais na \u00e1rea de computa\u00e7\u00e3o<\/a><\/p>\n","protected":false},"excerpt":{"rendered":"<p>Informamos que para solicitar a corre\u00e7\u00e3o de certificados o participante deve enviar um requerimento para a Coordena\u00e7\u00e3o de Ci\u00eancia da Computa\u00e7\u00e3o, via email ou presencial. Emails: ccc@unifap.br. Hor\u00e1rio de Atendimento: das 8h00 as 12h00, das 14h00 as 18h00 e das 18h15 as 22h00. Para ter acesso aos certificados, basta clicar no link abaixo: Certificado referente&#8230;<\/p>\n","protected":false},"author":757,"featured_media":0,"parent":753,"menu_order":0,"comment_status":"closed","ping_status":"open","template":"","meta":{"inline_featured_image":false,"ngg_post_thumbnail":0,"footnotes":""},"class_list":["post-755","page","type-page","status-publish","hentry","entry"],"_links":{"self":[{"href":"http:\/\/www2.unifap.br\/ccomputacao\/wp-json\/wp\/v2\/pages\/755","targetHints":{"allow":["GET"]}}],"collection":[{"href":"http:\/\/www2.unifap.br\/ccomputacao\/wp-json\/wp\/v2\/pages"}],"about":[{"href":"http:\/\/www2.unifap.br\/ccomputacao\/wp-json\/wp\/v2\/types\/page"}],"author":[{"embeddable":true,"href":"http:\/\/www2.unifap.br\/ccomputacao\/wp-json\/wp\/v2\/users\/757"}],"replies":[{"embeddable":true,"href":"http:\/\/www2.unifap.br\/ccomputacao\/wp-json\/wp\/v2\/comments?post=755"}],"version-history":[{"count":9,"href":"http:\/\/www2.unifap.br\/ccomputacao\/wp-json\/wp\/v2\/pages\/755\/revisions"}],"predecessor-version":[{"id":2811,"href":"http:\/\/www2.unifap.br\/ccomputacao\/wp-json\/wp\/v2\/pages\/755\/revisions\/2811"}],"up":[{"embeddable":true,"href":"http:\/\/www2.unifap.br\/ccomputacao\/wp-json\/wp\/v2\/pages\/753"}],"wp:attachment":[{"href":"http:\/\/www2.unifap.br\/ccomputacao\/wp-json\/wp\/v2\/media?parent=755"}],"curies":[{"name":"wp","href":"https:\/\/api.w.org\/{rel}","templated":true}]}}