{"id":759,"date":"2018-03-29T19:44:31","date_gmt":"2018-03-29T19:44:31","guid":{"rendered":"http:\/\/www2.unifap.br\/ccomputacao\/?page_id=759"},"modified":"2021-06-14T15:28:03","modified_gmt":"2021-06-14T15:28:03","slug":"certificados","status":"publish","type":"page","link":"http:\/\/www2.unifap.br\/ccomputacao\/eventos\/2018-2\/certificados\/","title":{"rendered":"Certificados de 2018"},"content":{"rendered":"<h1>Certificados de eventos &#8211; 2018<\/h1>\n<p>Informamos que para solicitar a corre\u00e7\u00e3o de certificados o participante deve enviar um requerimento para a Coordena\u00e7\u00e3o de Ci\u00eancia da Computa\u00e7\u00e3o, via email ou presencial.<br \/>\n<strong>Emails:<\/strong> ccc@unifap.br.<br \/>\n<strong> Hor\u00e1rio de Atendimento:<\/strong> das 8h00 as 12h00, das 14h00 as 18h00 e das 18h15 as 22h00.<\/p>\n<p>Para ter acesso aos certificados, basta clicar no link abaixo:<\/p>\n<hr>\n<h3>Semana do Calouro<\/h3>\n<p><a href=\"https:\/\/drive.google.com\/open?id=1vh-QxXntHSlYS9M3ExhHsOgToB1cWiNQ\" target=\"_blank\" rel=\"noopener noreferrer\">Certificado do minicurso de algoritmo e l\u00f3gica de programa\u00e7\u00e3o<\/a><\/p>\n<p><a href=\"https:\/\/drive.google.com\/open?id=1yy4zMg7hd8qbuRgqJNbJM79mnb3ZR-nI\" target=\"_blank\" rel=\"noopener noreferrer\">Certificado dos ouvintes das palestras<\/a><\/p>\n<p><a href=\"https:\/\/drive.google.com\/open?id=17SDVdChU01ud3cAiuS0Gg2GB5JyDww5I\" target=\"_blank\" rel=\"noopener noreferrer\">Certificado dos palestrantes e ministrantes<\/a><\/p>\n<p><a href=\"https:\/\/drive.google.com\/open?id=1wZbHo94y1DMgpT1URcyiSbcUcd66OPYu\" target=\"_blank\" rel=\"noopener noreferrer\">Certificado da comiss\u00e3o organizadora<\/a><\/p>\n<hr>\n<h3>Apresenta\u00e7\u00f5es de projetos de TCC<\/h3>\n<p><a href=\"https:\/\/drive.google.com\/open?id=1vuzsCjyetpnRMaEfdql2ltVlddKTfLpn\" target=\"_blank\" rel=\"noopener noreferrer\">Certificados de participa\u00e7\u00e3o<\/a><\/p>\n<p>&nbsp;<\/p>\n","protected":false},"excerpt":{"rendered":"<p>Certificados de eventos &#8211; 2018 Informamos que para solicitar a corre\u00e7\u00e3o de certificados o participante deve enviar um requerimento para a Coordena\u00e7\u00e3o de Ci\u00eancia da Computa\u00e7\u00e3o, via email ou presencial. Emails: ccc@unifap.br. Hor\u00e1rio de Atendimento: das 8h00 as 12h00, das 14h00 as 18h00 e das 18h15 as 22h00. Para ter acesso aos certificados, basta clicar&#8230;<\/p>\n","protected":false},"author":757,"featured_media":0,"parent":757,"menu_order":0,"comment_status":"closed","ping_status":"open","template":"","meta":{"inline_featured_image":false,"ngg_post_thumbnail":0,"footnotes":""},"class_list":["post-759","page","type-page","status-publish","hentry","entry"],"_links":{"self":[{"href":"http:\/\/www2.unifap.br\/ccomputacao\/wp-json\/wp\/v2\/pages\/759","targetHints":{"allow":["GET"]}}],"collection":[{"href":"http:\/\/www2.unifap.br\/ccomputacao\/wp-json\/wp\/v2\/pages"}],"about":[{"href":"http:\/\/www2.unifap.br\/ccomputacao\/wp-json\/wp\/v2\/types\/page"}],"author":[{"embeddable":true,"href":"http:\/\/www2.unifap.br\/ccomputacao\/wp-json\/wp\/v2\/users\/757"}],"replies":[{"embeddable":true,"href":"http:\/\/www2.unifap.br\/ccomputacao\/wp-json\/wp\/v2\/comments?post=759"}],"version-history":[{"count":12,"href":"http:\/\/www2.unifap.br\/ccomputacao\/wp-json\/wp\/v2\/pages\/759\/revisions"}],"predecessor-version":[{"id":2812,"href":"http:\/\/www2.unifap.br\/ccomputacao\/wp-json\/wp\/v2\/pages\/759\/revisions\/2812"}],"up":[{"embeddable":true,"href":"http:\/\/www2.unifap.br\/ccomputacao\/wp-json\/wp\/v2\/pages\/757"}],"wp:attachment":[{"href":"http:\/\/www2.unifap.br\/ccomputacao\/wp-json\/wp\/v2\/media?parent=759"}],"curies":[{"name":"wp","href":"https:\/\/api.w.org\/{rel}","templated":true}]}}