{"id":14,"date":"2015-04-22T19:20:05","date_gmt":"2015-04-22T19:20:05","guid":{"rendered":"http:\/\/www2.unifap.br\/cepap\/?page_id=14"},"modified":"2025-06-03T05:34:57","modified_gmt":"2025-06-03T05:34:57","slug":"apresentacao","status":"publish","type":"page","link":"http:\/\/www2.unifap.br\/cepap\/","title":{"rendered":"Apresenta\u00e7\u00e3o"},"content":{"rendered":"\t\t<div data-elementor-type=\"wp-page\" data-elementor-id=\"14\" class=\"elementor elementor-14\">\n\t\t\t\t\t\t<section class=\"elementor-section elementor-top-section elementor-element elementor-element-bf7b4d0 elementor-section-boxed elementor-section-height-default elementor-section-height-default\" data-id=\"bf7b4d0\" data-element_type=\"section\" data-e-type=\"section\">\n\t\t\t\t\t\t<div class=\"elementor-container elementor-column-gap-default\">\n\t\t\t\t\t<div class=\"elementor-column elementor-col-100 elementor-top-column elementor-element elementor-element-2579821\" data-id=\"2579821\" data-element_type=\"column\" data-e-type=\"column\">\n\t\t\t<div class=\"elementor-widget-wrap elementor-element-populated\">\n\t\t\t\t\t\t<div class=\"elementor-element elementor-element-e1af0aa elementor-button-warning elementor-align-center elementor-widget elementor-widget-button\" data-id=\"e1af0aa\" data-element_type=\"widget\" data-e-type=\"widget\" data-widget_type=\"button.default\">\n\t\t\t\t<div class=\"elementor-widget-container\">\n\t\t\t\t\t\t\t\t\t<div class=\"elementor-button-wrapper\">\n\t\t\t\t\t<a class=\"elementor-button elementor-button-link elementor-size-sm\" href=\"https:\/\/www2.unifap.br\/cepap\/2025\/06\/03\/estudo-as-memorias-do-forte-cumau-e-aprovado-em-dois-eventos\/\">\n\t\t\t\t\t\t<span class=\"elementor-button-content-wrapper\">\n\t\t\t\t\t\t\t\t\t<span class=\"elementor-button-text\">Estudo \u201cAs mem\u00f3rias do Forte Cuma\u00fa\u201d \u00e9 aprovado em dois eventos<\/span>\n\t\t\t\t\t<\/span>\n\t\t\t\t\t<\/a>\n\t\t\t\t<\/div>\n\t\t\t\t\t\t\t\t<\/div>\n\t\t\t\t<\/div>\n\t\t\t\t<div class=\"elementor-element elementor-element-a644b86 elementor-arrows-position-inside elementor-pagination-position-outside elementor-widget elementor-widget-image-carousel\" data-id=\"a644b86\" data-element_type=\"widget\" data-e-type=\"widget\" data-settings=\"{&quot;navigation&quot;:&quot;both&quot;,&quot;autoplay&quot;:&quot;yes&quot;,&quot;pause_on_hover&quot;:&quot;yes&quot;,&quot;pause_on_interaction&quot;:&quot;yes&quot;,&quot;autoplay_speed&quot;:5000,&quot;infinite&quot;:&quot;yes&quot;,&quot;speed&quot;:500}\" data-widget_type=\"image-carousel.default\">\n\t\t\t\t<div class=\"elementor-widget-container\">\n\t\t\t\t\t\t\t<div class=\"elementor-image-carousel-wrapper swiper\" role=\"region\" aria-roledescription=\"carousel\" aria-label=\"Carrossel de imagens\" dir=\"ltr\">\n\t\t\t<div class=\"elementor-image-carousel swiper-wrapper\" aria-live=\"off\">\n\t\t\t\t\t\t\t\t<div class=\"swiper-slide\" role=\"group\" aria-roledescription=\"slide\" aria-label=\"1 de 6\"><figure class=\"swiper-slide-inner\"><img decoding=\"async\" class=\"swiper-slide-image\" src=\"https:\/\/www2.unifap.br\/cepap\/files\/2025\/06\/WhatsApp-Image-2025-06-03-at-00.42.12-225x300.jpeg\" alt=\"WhatsApp Image 2025-06-03 at 00.42.12\" \/><\/figure><\/div><div class=\"swiper-slide\" role=\"group\" aria-roledescription=\"slide\" aria-label=\"2 de 6\"><figure class=\"swiper-slide-inner\"><img decoding=\"async\" class=\"swiper-slide-image\" src=\"https:\/\/www2.unifap.br\/cepap\/files\/2025\/06\/WhatsApp-Image-2025-06-03-at-01.14.51-1-300x247.jpg\" alt=\"WhatsApp Image 2025-06-03 at 01.14.51 (1)\" \/><\/figure><\/div><div class=\"swiper-slide\" role=\"group\" aria-roledescription=\"slide\" aria-label=\"3 de 6\"><figure class=\"swiper-slide-inner\"><img decoding=\"async\" class=\"swiper-slide-image\" src=\"https:\/\/www2.unifap.br\/cepap\/files\/2025\/06\/WhatsApp-Image-2025-06-03-at-01.14.51-300x294.jpg\" alt=\"WhatsApp Image 2025-06-03 at 01.14.51\" \/><\/figure><\/div><div class=\"swiper-slide\" role=\"group\" aria-roledescription=\"slide\" aria-label=\"4 de 6\"><figure class=\"swiper-slide-inner\"><img decoding=\"async\" class=\"swiper-slide-image\" src=\"https:\/\/www2.unifap.br\/cepap\/files\/2025\/06\/WhatsApp-Image-2025-06-03-at-01.38.40-300x298.jpeg\" alt=\"WhatsApp Image 2025-06-03 at 01.38.40\" \/><\/figure><\/div><div class=\"swiper-slide\" role=\"group\" aria-roledescription=\"slide\" aria-label=\"5 de 6\"><figure class=\"swiper-slide-inner\"><img decoding=\"async\" class=\"swiper-slide-image\" src=\"https:\/\/www2.unifap.br\/cepap\/files\/2025\/06\/WhatsApp-Image-2025-06-03-at-01.38.40-3-300x297.jpeg\" alt=\"WhatsApp Image 2025-06-03 at 01.38.40 (3)\" \/><\/figure><\/div><div class=\"swiper-slide\" role=\"group\" aria-roledescription=\"slide\" aria-label=\"6 de 6\"><figure class=\"swiper-slide-inner\"><img decoding=\"async\" class=\"swiper-slide-image\" src=\"https:\/\/www2.unifap.br\/cepap\/files\/2025\/06\/WhatsApp-Image-2025-06-03-at-01.38.41-300x297.jpeg\" alt=\"WhatsApp Image 2025-06-03 at 01.38.41\" \/><\/figure><\/div>\t\t\t<\/div>\n\t\t\t\t\t\t\t\t\t\t\t\t<div class=\"elementor-swiper-button elementor-swiper-button-prev\" role=\"button\" tabindex=\"0\">\n\t\t\t\t\t\t<i aria-hidden=\"true\" class=\"eicon-chevron-left\"><\/i>\t\t\t\t\t<\/div>\n\t\t\t\t\t<div class=\"elementor-swiper-button elementor-swiper-button-next\" role=\"button\" tabindex=\"0\">\n\t\t\t\t\t\t<i aria-hidden=\"true\" class=\"eicon-chevron-right\"><\/i>\t\t\t\t\t<\/div>\n\t\t\t\t\n\t\t\t\t\t\t\t\t\t<div class=\"swiper-pagination\"><\/div>\n\t\t\t\t\t\t\t\t\t<\/div>\n\t\t\t\t\t\t<\/div>\n\t\t\t\t<\/div>\n\t\t\t\t<div class=\"elementor-element elementor-element-c3f5a78 elementor-button-warning elementor-align-center elementor-widget elementor-widget-button\" data-id=\"c3f5a78\" data-element_type=\"widget\" data-e-type=\"widget\" data-widget_type=\"button.default\">\n\t\t\t\t<div class=\"elementor-widget-container\">\n\t\t\t\t\t\t\t\t\t<div class=\"elementor-button-wrapper\">\n\t\t\t\t\t<a class=\"elementor-button elementor-button-link elementor-size-sm\" href=\"https:\/\/www2.unifap.br\/cepap\/2025\/06\/03\/academica-de-historia-realiza-intercambio-no-museu-de-arqueologia-e-etnologia-da-usp\/\">\n\t\t\t\t\t\t<span class=\"elementor-button-content-wrapper\">\n\t\t\t\t\t\t\t\t\t<span class=\"elementor-button-text\">Acad\u00eamica de Hist\u00f3ria realiza interc\u00e2mbio no Museu de Arqueologia e Etnologia da USP<\/span>\n\t\t\t\t\t<\/span>\n\t\t\t\t\t<\/a>\n\t\t\t\t<\/div>\n\t\t\t\t\t\t\t\t<\/div>\n\t\t\t\t<\/div>\n\t\t\t\t\t<\/div>\n\t\t<\/div>\n\t\t\t\t\t<\/div>\n\t\t<\/section>\n\t\t\t\t<section class=\"elementor-section elementor-top-section elementor-element elementor-element-940e3cc elementor-section-boxed elementor-section-height-default elementor-section-height-default elementor-invisible\" data-id=\"940e3cc\" data-element_type=\"section\" data-e-type=\"section\" data-settings=\"{&quot;animation&quot;:&quot;fadeInDown&quot;}\">\n\t\t\t\t\t\t<div class=\"elementor-container elementor-column-gap-default\">\n\t\t\t\t\t<div class=\"elementor-column elementor-col-100 elementor-top-column elementor-element elementor-element-a9097aa\" data-id=\"a9097aa\" data-element_type=\"column\" data-e-type=\"column\">\n\t\t\t<div class=\"elementor-widget-wrap elementor-element-populated\">\n\t\t\t\t\t\t<div class=\"elementor-element elementor-element-0192f98 elementor-widget-divider--view-line elementor-widget elementor-widget-divider\" data-id=\"0192f98\" data-element_type=\"widget\" data-e-type=\"widget\" data-widget_type=\"divider.default\">\n\t\t\t\t<div class=\"elementor-widget-container\">\n\t\t\t\t\t\t\t<div class=\"elementor-divider\">\n\t\t\t<span class=\"elementor-divider-separator\">\n\t\t\t\t\t\t<\/span>\n\t\t<\/div>\n\t\t\t\t\t\t<\/div>\n\t\t\t\t<\/div>\n\t\t\t\t<div class=\"elementor-element elementor-element-f6c4254 elementor-widget elementor-widget-spacer\" data-id=\"f6c4254\" data-element_type=\"widget\" data-e-type=\"widget\" data-widget_type=\"spacer.default\">\n\t\t\t\t<div class=\"elementor-widget-container\">\n\t\t\t\t\t\t\t<div class=\"elementor-spacer\">\n\t\t\t<div class=\"elementor-spacer-inner\"><\/div>\n\t\t<\/div>\n\t\t\t\t\t\t<\/div>\n\t\t\t\t<\/div>\n\t\t\t\t<div class=\"elementor-element elementor-element-5586ad1 elementor-widget elementor-widget-image\" data-id=\"5586ad1\" data-element_type=\"widget\" data-e-type=\"widget\" data-widget_type=\"image.default\">\n\t\t\t\t<div class=\"elementor-widget-container\">\n\t\t\t\t\t\t\t\t\t\t\t\t\t\t\t<img fetchpriority=\"high\" decoding=\"async\" width=\"1024\" height=\"320\" src=\"https:\/\/www2.unifap.br\/cepap\/files\/2025\/01\/Papyrus-9-1024x320.png\" class=\"attachment-large size-large wp-image-579\" alt=\"\" srcset=\"https:\/\/www2.unifap.br\/cepap\/files\/2025\/01\/Papyrus-9-1024x320.png 1024w, https:\/\/www2.unifap.br\/cepap\/files\/2025\/01\/Papyrus-9-300x94.png 300w, https:\/\/www2.unifap.br\/cepap\/files\/2025\/01\/Papyrus-9-768x240.png 768w, https:\/\/www2.unifap.br\/cepap\/files\/2025\/01\/Papyrus-9-1536x480.png 1536w, https:\/\/www2.unifap.br\/cepap\/files\/2025\/01\/Papyrus-9.png 2000w\" sizes=\"(max-width: 1024px) 100vw, 1024px\" \/>\t\t\t\t\t\t\t\t\t\t\t\t\t\t\t<\/div>\n\t\t\t\t<\/div>\n\t\t\t\t<div class=\"elementor-element elementor-element-194275c elementor-widget elementor-widget-text-editor\" data-id=\"194275c\" data-element_type=\"widget\" data-e-type=\"widget\" data-widget_type=\"text-editor.default\">\n\t\t\t\t<div class=\"elementor-widget-container\">\n\t\t\t\t\t\t\t\t\t<p style=\"font-size: 16px;text-align: justify\">O Centro de Estudos e Pesquisas Arqueol\u00f3gicas do Amap\u00e1 (CEPAP-UNIFAP), criado em 5 de Maio de 2004, nasceu da necessidade de se investir em pesquisas arqueol\u00f3gicas no estado do Amap\u00e1, em vista de seu grande potencial arqueol\u00f3gico.<\/p><p style=\"font-size: 16px;text-align: justify\">Nesse sentido, o CEPAP-UNIFAP, tem por objetivo incentivar a pesquisa arqueol\u00f3gica no Estado, al\u00e9m de concentrar esfor\u00e7os na tarefa de promover a divulga\u00e7\u00e3o do conhecimento acad\u00eamico produzido pelo centro para o p\u00fablico em geral, cumprindo o papel de uma institui\u00e7\u00e3o engajada nos pilares de ensino, pesquisa e extens\u00e3o, pois todo conhecimento adquirido a partir do potencial da regi\u00e3o, precisa retornar a comunidade de forma a refor\u00e7ar a \u00a0educa\u00e7\u00e3o, mem\u00f3ria e hist\u00f3ria locais.<\/p>\t\t\t\t\t\t\t\t<\/div>\n\t\t\t\t<\/div>\n\t\t\t\t\t<\/div>\n\t\t<\/div>\n\t\t\t\t\t<\/div>\n\t\t<\/section>\n\t\t\t\t<section class=\"elementor-section elementor-top-section elementor-element elementor-element-606f443 elementor-section-boxed elementor-section-height-default elementor-section-height-default elementor-invisible\" data-id=\"606f443\" data-element_type=\"section\" data-e-type=\"section\" data-settings=\"{&quot;animation&quot;:&quot;fadeInDown&quot;}\">\n\t\t\t\t\t\t<div class=\"elementor-container elementor-column-gap-default\">\n\t\t\t\t\t<div class=\"elementor-column elementor-col-100 elementor-top-column elementor-element elementor-element-73f52c3\" data-id=\"73f52c3\" data-element_type=\"column\" data-e-type=\"column\">\n\t\t\t<div class=\"elementor-widget-wrap elementor-element-populated\">\n\t\t\t\t\t\t<div class=\"elementor-element elementor-element-22264ad elementor-widget elementor-widget-image\" data-id=\"22264ad\" data-element_type=\"widget\" data-e-type=\"widget\" data-widget_type=\"image.default\">\n\t\t\t\t<div class=\"elementor-widget-container\">\n\t\t\t\t\t\t\t\t\t\t\t\t\t\t\t\t<a href=\"https:\/\/www2.unifap.br\/acervocepap\/\">\n\t\t\t\t\t\t\t<img decoding=\"async\" width=\"300\" height=\"158\" src=\"https:\/\/www2.unifap.br\/cepap\/files\/2025\/01\/Capa-facebook-marketing-digital-minimalista-preto-roxo-azul-6-e1737382631153-300x158.png\" class=\"attachment-medium size-medium wp-image-584\" alt=\"\" srcset=\"https:\/\/www2.unifap.br\/cepap\/files\/2025\/01\/Capa-facebook-marketing-digital-minimalista-preto-roxo-azul-6-e1737382631153-300x158.png 300w, https:\/\/www2.unifap.br\/cepap\/files\/2025\/01\/Capa-facebook-marketing-digital-minimalista-preto-roxo-azul-6-e1737382631153-1024x541.png 1024w, https:\/\/www2.unifap.br\/cepap\/files\/2025\/01\/Capa-facebook-marketing-digital-minimalista-preto-roxo-azul-6-e1737382631153-768x406.png 768w, https:\/\/www2.unifap.br\/cepap\/files\/2025\/01\/Capa-facebook-marketing-digital-minimalista-preto-roxo-azul-6-e1737382631153-1536x811.png 1536w, https:\/\/www2.unifap.br\/cepap\/files\/2025\/01\/Capa-facebook-marketing-digital-minimalista-preto-roxo-azul-6-e1737382631153.png 1568w\" sizes=\"(max-width: 300px) 100vw, 300px\" \/>\t\t\t\t\t\t\t\t<\/a>\n\t\t\t\t\t\t\t\t\t\t\t\t\t\t\t<\/div>\n\t\t\t\t<\/div>\n\t\t\t\t<div class=\"elementor-element elementor-element-d7e8a5f elementor-widget-divider--view-line elementor-widget elementor-widget-divider\" data-id=\"d7e8a5f\" data-element_type=\"widget\" data-e-type=\"widget\" data-widget_type=\"divider.default\">\n\t\t\t\t<div class=\"elementor-widget-container\">\n\t\t\t\t\t\t\t<div class=\"elementor-divider\">\n\t\t\t<span class=\"elementor-divider-separator\">\n\t\t\t\t\t\t<\/span>\n\t\t<\/div>\n\t\t\t\t\t\t<\/div>\n\t\t\t\t<\/div>\n\t\t\t\t<div class=\"elementor-element elementor-element-01ea717 elementor-widget elementor-widget-heading\" data-id=\"01ea717\" data-element_type=\"widget\" data-e-type=\"widget\" data-widget_type=\"heading.default\">\n\t\t\t\t<div class=\"elementor-widget-container\">\n\t\t\t\t\t<h2 class=\"elementor-heading-title elementor-size-default\">Not\u00edcias<\/h2>\t\t\t\t<\/div>\n\t\t\t\t<\/div>\n\t\t\t\t<div class=\"elementor-element elementor-element-da3099e elementor-widget elementor-widget-eael-post-timeline\" data-id=\"da3099e\" data-element_type=\"widget\" data-e-type=\"widget\" data-widget_type=\"eael-post-timeline.default\">\n\t\t\t\t<div class=\"elementor-widget-container\">\n\t\t\t\t\t<div id=\"eael-post-timeline-da3099e\" class=\"eael-post-timeline timeline-layout-default eael-post-timeline-arrow-\">\n            <div class=\"eael-post-timeline eael-post-appender eael-post-appender-da3099e\"><article class=\"eael-timeline-post eael-timeline-column\">\n    <div class=\"eael-timeline-bullet\"><\/div>\n    <div class=\"eael-timeline-post-inner\">\n        <a class=\"eael-timeline-post-link\" href=\"http:\/\/www2.unifap.br\/cepap\/2025\/06\/03\/estudo-as-memorias-do-forte-cumau-e-aprovado-em-dois-eventos\/\" title=\"Estudo &#8220;As mem\u00f3rias do Forte Cuma\u00fa&#8221; \u00e9 aprovado em dois eventos\">\n            <time datetime=\"3 de junho de 2025\">3 de junho de 2025<\/time>\n            <div class=\"eael-timeline-post-image  attachment-medium size-medium\" style=\"background-image: url(http:\/\/www2.unifap.br\/cepap\/files\/2025\/06\/WhatsApp-Image-2025-06-03-at-00.42.12-1-300x253.jpeg);\"><\/div><div class=\"eael-timeline-post-excerpt\"><p>Intitulado &#8220;As mem\u00f3rias do Forte Cuma\u00fa&#8221;, o trabalho de inicia\u00e7\u00e3o...<\/p><\/div><div class=\"eael-timeline-post-title\">\n                    <div class=\"eael-timeline-post-title-text\">Estudo &#8220;As mem\u00f3rias do Forte Cuma\u00fa&#8221; \u00e9 aprovado em dois eventos<\/div>\n                <\/div><\/a>\n    <\/div>\n<\/article><article class=\"eael-timeline-post eael-timeline-column\">\n    <div class=\"eael-timeline-bullet\"><\/div>\n    <div class=\"eael-timeline-post-inner\">\n        <a class=\"eael-timeline-post-link\" href=\"http:\/\/www2.unifap.br\/cepap\/2025\/06\/03\/academica-de-historia-realiza-intercambio-no-museu-de-arqueologia-e-etnologia-da-usp\/\" title=\"Acad\u00eamica de Hist\u00f3ria realiza interc\u00e2mbio no Museu de Arqueologia e Etnologia da USP\">\n            <time datetime=\"3 de junho de 2025\">3 de junho de 2025<\/time>\n            <div class=\"eael-timeline-post-image  attachment-medium size-medium\" style=\"background-image: url(http:\/\/www2.unifap.br\/cepap\/files\/2025\/06\/WhatsApp-Image-2025-06-03-at-00.42.12-225x300.jpeg);\"><\/div><div class=\"eael-timeline-post-excerpt\"><p>&nbsp; Raissa Martel Melo \u00e9 integrante da equipe do Centro...<\/p><\/div><div class=\"eael-timeline-post-title\">\n                    <div class=\"eael-timeline-post-title-text\">Acad\u00eamica de Hist\u00f3ria realiza interc\u00e2mbio no Museu de Arqueologia e Etnologia da USP<\/div>\n                <\/div><\/a>\n    <\/div>\n<\/article><article class=\"eael-timeline-post eael-timeline-column\">\n    <div class=\"eael-timeline-bullet\"><\/div>\n    <div class=\"eael-timeline-post-inner\">\n        <a class=\"eael-timeline-post-link\" href=\"http:\/\/www2.unifap.br\/cepap\/2025\/03\/13\/seminario-plato-das-guianas-em-foco-um-recorte-de-estudos-e-projetos-sobre-o-amapa\/\" title=\"SEMIN\u00c1RIO PLAT\u00d4 DAS GUIANAS EM FOCO: UM RECORTE DE ESTUDOS E PROJETOS SOBRE O AMAP\u00c1\">\n            <time datetime=\"13 de mar\u00e7o de 2025\">13 de mar\u00e7o de 2025<\/time>\n            <div class=\"eael-timeline-post-image  attachment-medium size-medium\" style=\"background-image: url(http:\/\/www2.unifap.br\/cepap\/files\/2025\/03\/1-300x300.png);\"><\/div><div class=\"eael-timeline-post-excerpt\"><p>INSCRI\u00c7\u00c3O CLIQUE AQUI 17 de mar\u00e7o, 14:00 h, no audit\u00f3rio...<\/p><\/div><div class=\"eael-timeline-post-title\">\n                    <div class=\"eael-timeline-post-title-text\">SEMIN\u00c1RIO PLAT\u00d4 DAS GUIANAS EM FOCO: UM RECORTE DE ESTUDOS E PROJETOS SOBRE O AMAP\u00c1<\/div>\n                <\/div><\/a>\n    <\/div>\n<\/article><article class=\"eael-timeline-post eael-timeline-column\">\n    <div class=\"eael-timeline-bullet\"><\/div>\n    <div class=\"eael-timeline-post-inner\">\n        <a class=\"eael-timeline-post-link\" href=\"http:\/\/www2.unifap.br\/cepap\/2025\/01\/20\/cepap-recebe-estudantes-do-curso-de-licenciatura-intercultural-indigena-do-parfor-equidade-mec\/\" title=\"CEPAP recebe estudantes do curso de Licenciatura Intercultural Ind\u00edgena do PARFOR EQUIDADE (MEC)\">\n            <time datetime=\"20 de janeiro de 2025\">20 de janeiro de 2025<\/time>\n            <div class=\"eael-timeline-post-image  attachment-medium size-medium\" style=\"background-image: url(http:\/\/www2.unifap.br\/cepap\/files\/2025\/01\/WhatsApp-Image-2025-01-17-at-12.04.42-300x225.jpeg);\"><\/div><div class=\"eael-timeline-post-excerpt\"><p>Na tarde do dia 16\/01\/2025, o CEPAP recebeu a visita...<\/p><\/div><div class=\"eael-timeline-post-title\">\n                    <div class=\"eael-timeline-post-title-text\">CEPAP recebe estudantes do curso de Licenciatura Intercultural Ind\u00edgena do PARFOR EQUIDADE (MEC)<\/div>\n                <\/div><\/a>\n    <\/div>\n<\/article><\/div>\n\t\t<\/div>            <div class=\"eael-load-more-button-wrap\">\n                <button class=\"eael-load-more-button\" id=\"eael-load-more-btn-da3099e\" data-widget-id=\"da3099e\" data-widget=\"da3099e\" data-page-id=\"14\" data-template=\"{&quot;dir&quot;:&quot;lite&quot;,&quot;file_name&quot;:&quot;default.php&quot;,&quot;name&quot;:&quot;Post-Timeline&quot;}\" data-class=\"Essential_Addons_Elementor\\Elements\\Post_Timeline\" data-layout=\"\" data-page=\"1\" data-args=\"orderby=date&amp;order=desc&amp;ignore_sticky_posts=1&amp;post_status=publish&amp;posts_per_page=4&amp;offset=0&amp;post_type=post\" data-max-page=\"7\">\n                    <span class=\"eael-btn-loader button__loader\"><\/span>\n                    <span class=\"eael_load_more_text\">Carregar mais<\/span>\n                <\/button>\n            <\/div>\n            \t\t\t\t<\/div>\n\t\t\t\t<\/div>\n\t\t\t\t<div class=\"elementor-element elementor-element-b907031 elementor-widget-divider--view-line elementor-widget elementor-widget-divider\" data-id=\"b907031\" data-element_type=\"widget\" data-e-type=\"widget\" data-widget_type=\"divider.default\">\n\t\t\t\t<div class=\"elementor-widget-container\">\n\t\t\t\t\t\t\t<div class=\"elementor-divider\">\n\t\t\t<span class=\"elementor-divider-separator\">\n\t\t\t\t\t\t<\/span>\n\t\t<\/div>\n\t\t\t\t\t\t<\/div>\n\t\t\t\t<\/div>\n\t\t\t\t\t<\/div>\n\t\t<\/div>\n\t\t\t\t\t<\/div>\n\t\t<\/section>\n\t\t\t\t<section class=\"elementor-section elementor-top-section elementor-element elementor-element-8fd4c9a elementor-section-boxed elementor-section-height-default elementor-section-height-default elementor-invisible\" data-id=\"8fd4c9a\" data-element_type=\"section\" data-e-type=\"section\" data-settings=\"{&quot;animation&quot;:&quot;fadeInDown&quot;}\">\n\t\t\t\t\t\t<div class=\"elementor-container elementor-column-gap-default\">\n\t\t\t\t\t<div class=\"elementor-column elementor-col-100 elementor-top-column elementor-element elementor-element-c0ca7b8\" data-id=\"c0ca7b8\" data-element_type=\"column\" data-e-type=\"column\">\n\t\t\t<div class=\"elementor-widget-wrap elementor-element-populated\">\n\t\t\t\t\t\t<div class=\"elementor-element elementor-element-973684e elementor-widget elementor-widget-heading\" data-id=\"973684e\" data-element_type=\"widget\" data-e-type=\"widget\" data-widget_type=\"heading.default\">\n\t\t\t\t<div class=\"elementor-widget-container\">\n\t\t\t\t\t<h2 class=\"elementor-heading-title elementor-size-default\">Nossa localiza\u00e7\u00e3o e como chegar!<\/h2>\t\t\t\t<\/div>\n\t\t\t\t<\/div>\n\t\t\t\t<div class=\"elementor-element elementor-element-986d7aa elementor-widget elementor-widget-google_maps\" data-id=\"986d7aa\" data-element_type=\"widget\" data-e-type=\"widget\" data-widget_type=\"google_maps.default\">\n\t\t\t\t<div class=\"elementor-widget-container\">\n\t\t\t\t\t\t\t<div class=\"elementor-custom-embed\">\n\t\t\t<iframe loading=\"lazy\"\n\t\t\t\t\tsrc=\"https:\/\/maps.google.com\/maps?q=cepap%20unifap&#038;t=m&#038;z=17&#038;output=embed&#038;iwloc=near\"\n\t\t\t\t\ttitle=\"cepap unifap\"\n\t\t\t\t\taria-label=\"cepap unifap\"\n\t\t\t><\/iframe>\n\t\t<\/div>\n\t\t\t\t\t\t<\/div>\n\t\t\t\t<\/div>\n\t\t\t\t\t<\/div>\n\t\t<\/div>\n\t\t\t\t\t<\/div>\n\t\t<\/section>\n\t\t\t\t<section class=\"elementor-section elementor-top-section elementor-element elementor-element-2952226 elementor-section-boxed elementor-section-height-default elementor-section-height-default\" data-id=\"2952226\" data-element_type=\"section\" data-e-type=\"section\">\n\t\t\t\t\t\t<div class=\"elementor-container elementor-column-gap-default\">\n\t\t\t\t\t<div class=\"elementor-column elementor-col-100 elementor-top-column elementor-element elementor-element-8eb8438\" data-id=\"8eb8438\" data-element_type=\"column\" data-e-type=\"column\">\n\t\t\t<div class=\"elementor-widget-wrap elementor-element-populated\">\n\t\t\t\t\t\t<div class=\"elementor-element elementor-element-7f7fd64 elementor-shape-rounded elementor-grid-0 e-grid-align-center elementor-widget elementor-widget-social-icons\" data-id=\"7f7fd64\" data-element_type=\"widget\" data-e-type=\"widget\" data-widget_type=\"social-icons.default\">\n\t\t\t\t<div class=\"elementor-widget-container\">\n\t\t\t\t\t\t\t<div class=\"elementor-social-icons-wrapper elementor-grid\">\n\t\t\t\t\t\t\t<span class=\"elementor-grid-item\">\n\t\t\t\t\t<a class=\"elementor-icon elementor-social-icon elementor-social-icon-instagram elementor-repeater-item-3851575\" href=\"https:\/\/www.instagram.com\/cepap_unifap\" target=\"_blank\">\n\t\t\t\t\t\t<span class=\"elementor-screen-only\">Instagram<\/span>\n\t\t\t\t\t\t<i aria-hidden=\"true\" class=\"fab fa-instagram\"><\/i>\t\t\t\t\t<\/a>\n\t\t\t\t<\/span>\n\t\t\t\t\t<\/div>\n\t\t\t\t\t\t<\/div>\n\t\t\t\t<\/div>\n\t\t\t\t\t<\/div>\n\t\t<\/div>\n\t\t\t\t\t<\/div>\n\t\t<\/section>\n\t\t\t\t<section class=\"elementor-section elementor-top-section elementor-element elementor-element-f67566c elementor-section-boxed elementor-section-height-default elementor-section-height-default\" data-id=\"f67566c\" data-element_type=\"section\" data-e-type=\"section\">\n\t\t\t\t\t\t<div class=\"elementor-container elementor-column-gap-default\">\n\t\t\t\t\t<div class=\"elementor-column elementor-col-100 elementor-top-column elementor-element elementor-element-a0b34d6\" data-id=\"a0b34d6\" data-element_type=\"column\" data-e-type=\"column\">\n\t\t\t<div class=\"elementor-widget-wrap\">\n\t\t\t\t\t\t\t<\/div>\n\t\t<\/div>\n\t\t\t\t\t<\/div>\n\t\t<\/section>\n\t\t\t\t<\/div>\n\t\t","protected":false},"excerpt":{"rendered":"<p>Estudo \u201cAs mem\u00f3rias do Forte Cuma\u00fa\u201d \u00e9 aprovado em dois eventos Acad\u00eamica de Hist\u00f3ria realiza interc\u00e2mbio no Museu de Arqueologia e Etnologia da USP O Centro de Estudos e Pesquisas Arqueol\u00f3gicas do Amap\u00e1 (CEPAP-UNIFAP), criado em 5 de Maio de 2004, nasceu da necessidade de se investir em pesquisas arqueol\u00f3gicas no estado do Amap\u00e1, em&#8230;<\/p>\n","protected":false},"author":620,"featured_media":0,"parent":0,"menu_order":0,"comment_status":"closed","ping_status":"open","template":"","meta":{"inline_featured_image":false,"ngg_post_thumbnail":0,"footnotes":""},"class_list":["post-14","page","type-page","status-publish","hentry"],"_links":{"self":[{"href":"http:\/\/www2.unifap.br\/cepap\/wp-json\/wp\/v2\/pages\/14","targetHints":{"allow":["GET"]}}],"collection":[{"href":"http:\/\/www2.unifap.br\/cepap\/wp-json\/wp\/v2\/pages"}],"about":[{"href":"http:\/\/www2.unifap.br\/cepap\/wp-json\/wp\/v2\/types\/page"}],"author":[{"embeddable":true,"href":"http:\/\/www2.unifap.br\/cepap\/wp-json\/wp\/v2\/users\/620"}],"replies":[{"embeddable":true,"href":"http:\/\/www2.unifap.br\/cepap\/wp-json\/wp\/v2\/comments?post=14"}],"version-history":[{"count":98,"href":"http:\/\/www2.unifap.br\/cepap\/wp-json\/wp\/v2\/pages\/14\/revisions"}],"predecessor-version":[{"id":832,"href":"http:\/\/www2.unifap.br\/cepap\/wp-json\/wp\/v2\/pages\/14\/revisions\/832"}],"wp:attachment":[{"href":"http:\/\/www2.unifap.br\/cepap\/wp-json\/wp\/v2\/media?parent=14"}],"curies":[{"name":"wp","href":"https:\/\/api.w.org\/{rel}","templated":true}]}}