{"id":299,"date":"2017-10-01T19:17:23","date_gmt":"2017-10-01T19:17:23","guid":{"rendered":"http:\/\/www2.unifap.br\/cepap\/?page_id=299"},"modified":"2018-01-13T15:24:28","modified_gmt":"2018-01-13T15:24:28","slug":"encontrodediscentes","status":"publish","type":"page","link":"http:\/\/www2.unifap.br\/cepap\/eventos\/encontrodediscentes\/","title":{"rendered":"Encontro de discentes de Hist\u00f3ria da Unifap"},"content":{"rendered":"<p style=\"text-align: left\">O Encontro de Discentes de Hist\u00f3ria da Unifap \u00e9 um evento anual realizado pelo colegiado de Hist\u00f3ria da Universidade Federal do Amap\u00e1 e parceiros. O objetivo \u00e9 levantar o protagonismo dos discentes dos cursos de gradua\u00e7\u00e3o e p\u00f3s-gradua\u00e7\u00e3o em Hist\u00f3ria da Unifap e de outras institui\u00e7\u00f5es de ensino, tornando-se ponto de encontro para discuss\u00e3o de temas latentes nos cen\u00e1rios pol\u00edtico, social e cultural do nosso pa\u00eds, al\u00e9m de ser local de compartilhamento do conhecimento hist\u00f3rico que vem sendo produzido dentro da universidade.<br \/>\n<a href=\"http:\/\/www2.unifap.br\/cepap\/files\/2017\/10\/aas-1.png\"><img fetchpriority=\"high\" decoding=\"async\" class=\"size-medium wp-image-310 aligncenter\" alt=\"aas 1\" src=\"http:\/\/www2.unifap.br\/cepap\/files\/2017\/10\/aas-1-300x267.png\" width=\"300\" height=\"267\" srcset=\"http:\/\/www2.unifap.br\/cepap\/files\/2017\/10\/aas-1-300x267.png 300w, http:\/\/www2.unifap.br\/cepap\/files\/2017\/10\/aas-1.png 608w\" sizes=\"(max-width: 300px) 100vw, 300px\" \/><\/a><\/p>\n<p style=\"text-align: left\">Confira os anais do III Encontro de discentes de Hist\u00f3ria da Unifap <a title=\"Anais do III Encontro de discentes de Hist\u00f3ria da Unifap\" href=\"http:\/\/www2.unifap.br\/cepap\/eventos\/encontrodediscentes\/anaisiiiencontrodediscentes\/\">clicando aqui<\/a><\/p>\n<p style=\"text-align: left\">Confira os certificados de apresentadores de trabalho <a title=\"Certificados\" href=\"https:\/\/drive.google.com\/open?id=0B9Va2GYTmDXWbzdXb0pFN21teTg\">clicando aqui<\/a><\/p>\n<p style=\"text-align: left\">Confira os certificados de palestrantes <a title=\"Certificados de palestrantes\" href=\"https:\/\/drive.google.com\/drive\/u\/1\/folders\/1tr8PRsm582lBYFWfBCwDWX_bH_HQHv1W\" target=\"_blank\">clicando aqui<\/a><\/p>\n<p style=\"text-align: left\"><a title=\"certificados III Encontro de discentes\" href=\"https:\/\/drive.google.com\/drive\/folders\/1qN4bMi3lpkSFFEffS2vJBQDg3-pNiFWy\" target=\"_blank\">Clique aqui<\/a> para conferir os certificados de ouvintes<\/p>\n<p style=\"text-align: left\">\n","protected":false},"excerpt":{"rendered":"<p>O Encontro de Discentes de Hist\u00f3ria da Unifap \u00e9 um evento anual realizado pelo colegiado de Hist\u00f3ria da Universidade Federal do Amap\u00e1 e parceiros. O objetivo \u00e9 levantar o protagonismo dos discentes dos cursos de gradua\u00e7\u00e3o e p\u00f3s-gradua\u00e7\u00e3o em Hist\u00f3ria da Unifap e de outras institui\u00e7\u00f5es de ensino, tornando-se ponto de encontro para discuss\u00e3o de&#8230;<\/p>\n","protected":false},"author":733,"featured_media":310,"parent":349,"menu_order":0,"comment_status":"open","ping_status":"closed","template":"","meta":{"inline_featured_image":false,"ngg_post_thumbnail":0,"footnotes":""},"class_list":["post-299","page","type-page","status-publish","has-post-thumbnail","hentry"],"_links":{"self":[{"href":"http:\/\/www2.unifap.br\/cepap\/wp-json\/wp\/v2\/pages\/299","targetHints":{"allow":["GET"]}}],"collection":[{"href":"http:\/\/www2.unifap.br\/cepap\/wp-json\/wp\/v2\/pages"}],"about":[{"href":"http:\/\/www2.unifap.br\/cepap\/wp-json\/wp\/v2\/types\/page"}],"author":[{"embeddable":true,"href":"http:\/\/www2.unifap.br\/cepap\/wp-json\/wp\/v2\/users\/733"}],"replies":[{"embeddable":true,"href":"http:\/\/www2.unifap.br\/cepap\/wp-json\/wp\/v2\/comments?post=299"}],"version-history":[{"count":14,"href":"http:\/\/www2.unifap.br\/cepap\/wp-json\/wp\/v2\/pages\/299\/revisions"}],"predecessor-version":[{"id":360,"href":"http:\/\/www2.unifap.br\/cepap\/wp-json\/wp\/v2\/pages\/299\/revisions\/360"}],"up":[{"embeddable":true,"href":"http:\/\/www2.unifap.br\/cepap\/wp-json\/wp\/v2\/pages\/349"}],"wp:featuredmedia":[{"embeddable":true,"href":"http:\/\/www2.unifap.br\/cepap\/wp-json\/wp\/v2\/media\/310"}],"wp:attachment":[{"href":"http:\/\/www2.unifap.br\/cepap\/wp-json\/wp\/v2\/media?parent=299"}],"curies":[{"name":"wp","href":"https:\/\/api.w.org\/{rel}","templated":true}]}}