{"id":113,"date":"2015-05-22T13:45:24","date_gmt":"2015-05-22T13:45:24","guid":{"rendered":"http:\/\/www2.unifap.br\/ceua\/?page_id=113"},"modified":"2015-05-22T13:47:17","modified_gmt":"2015-05-22T13:47:17","slug":"modelo-para-relatorio-final","status":"publish","type":"page","link":"http:\/\/www2.unifap.br\/ceua\/modelo-para-relatorio-final\/","title":{"rendered":"Modelo para relat\u00f3rio final"},"content":{"rendered":"<p>Este modelo devera vir acompanhado do relat\u00f3rio de execu\u00e7\u00e3o do projeto, disserta\u00e7\u00e3o ou tese gravado em m\u00eddia em word e PDF. Estes documentos dever\u00e3o ser entregues na CEUA-UNIFAP ap\u00f3s trinta dias do termino da execu\u00e7\u00e3o do projeto.<\/p>\n<p><a href=\"http:\/\/www2.unifap.br\/ceua\/files\/2015\/05\/Modelo-de-Relat\u00f3rio-final.doc\">Modelo de Relat\u00f3rio final<\/a><\/p>\n","protected":false},"excerpt":{"rendered":"<p>Este modelo devera vir acompanhado do relat\u00f3rio de execu\u00e7\u00e3o do projeto, disserta\u00e7\u00e3o ou tese gravado em m\u00eddia em word e PDF. Estes documentos dever\u00e3o ser entregues na CEUA-UNIFAP ap\u00f3s trinta dias do termino da execu\u00e7\u00e3o do projeto. Modelo de Relat\u00f3rio&hellip; <\/p>\n<p><a href=\"http:\/\/www2.unifap.br\/ceua\/modelo-para-relatorio-final\/\" class=\"readmore-button\">Continue Reading<\/a><\/p>\n","protected":false},"author":112,"featured_media":0,"parent":0,"menu_order":0,"comment_status":"open","ping_status":"open","template":"","meta":{"inline_featured_image":false,"ngg_post_thumbnail":0,"footnotes":""},"class_list":["post-113","page","type-page","status-publish","hentry"],"_links":{"self":[{"href":"http:\/\/www2.unifap.br\/ceua\/wp-json\/wp\/v2\/pages\/113","targetHints":{"allow":["GET"]}}],"collection":[{"href":"http:\/\/www2.unifap.br\/ceua\/wp-json\/wp\/v2\/pages"}],"about":[{"href":"http:\/\/www2.unifap.br\/ceua\/wp-json\/wp\/v2\/types\/page"}],"author":[{"embeddable":true,"href":"http:\/\/www2.unifap.br\/ceua\/wp-json\/wp\/v2\/users\/112"}],"replies":[{"embeddable":true,"href":"http:\/\/www2.unifap.br\/ceua\/wp-json\/wp\/v2\/comments?post=113"}],"version-history":[{"count":3,"href":"http:\/\/www2.unifap.br\/ceua\/wp-json\/wp\/v2\/pages\/113\/revisions"}],"predecessor-version":[{"id":117,"href":"http:\/\/www2.unifap.br\/ceua\/wp-json\/wp\/v2\/pages\/113\/revisions\/117"}],"wp:attachment":[{"href":"http:\/\/www2.unifap.br\/ceua\/wp-json\/wp\/v2\/media?parent=113"}],"curies":[{"name":"wp","href":"https:\/\/api.w.org\/{rel}","templated":true}]}}