{"id":185,"date":"2023-04-19T18:38:20","date_gmt":"2023-04-19T18:38:20","guid":{"rendered":"https:\/\/www2.unifap.br\/ceua\/?page_id=185"},"modified":"2023-04-19T18:38:20","modified_gmt":"2023-04-19T18:38:20","slug":"obrigatoriedade-de-medico-veterinario-na-supervisao-de-projetos-envolvendo-animais","status":"publish","type":"page","link":"http:\/\/www2.unifap.br\/ceua\/obrigatoriedade-de-medico-veterinario-na-supervisao-de-projetos-envolvendo-animais\/","title":{"rendered":"Obrigatoriedade de M\u00e9dico Veterin\u00e1rio na Supervis\u00e3o de Projetos Envolvendo Animais"},"content":{"rendered":"<p>Devido as legisla\u00e7\u00f5es vigentes, torna-se obrigat\u00f3ria a comprova\u00e7\u00e3o e inclus\u00e3o de M\u00e9dico Veterin\u00e1rio nos projetos envolvendo experimenta\u00e7\u00e3o animal, mesmo que seja como supervisor dos procedimentos adotados ao n\u00edvel laboratorial. Assim sendo, os projetos protocolados no CEUA-UNIFAP dever\u00e3o constar a presen\u00e7a de um M\u00e9dico Veterin\u00e1rio.<\/p>\n<p>https:\/\/www.gov.br\/mcti\/pt-br\/composicao\/conselhos\/concea\/arquivos\/arquivo\/legislacao\/resolucao-normativa-no-37-de-15-de-fevereiro-de-2018.pdf<\/p>\n<p>https:\/\/www.gov.br\/mcti\/pt-br\/composicao\/conselhos\/concea\/arquivos\/arquivo\/legislacao\/anexo-da-resolucao-normativa-no-37-de-15-de-fevereiro-de-2018.pdf<\/p>\n","protected":false},"excerpt":{"rendered":"<p>Devido as legisla\u00e7\u00f5es vigentes, torna-se obrigat\u00f3ria a comprova\u00e7\u00e3o e inclus\u00e3o de M\u00e9dico Veterin\u00e1rio nos projetos envolvendo experimenta\u00e7\u00e3o animal, mesmo que seja como supervisor dos procedimentos adotados ao n\u00edvel laboratorial. Assim sendo, os projetos protocolados no CEUA-UNIFAP dever\u00e3o constar a presen\u00e7a&hellip; <\/p>\n<p><a href=\"http:\/\/www2.unifap.br\/ceua\/obrigatoriedade-de-medico-veterinario-na-supervisao-de-projetos-envolvendo-animais\/\" class=\"readmore-button\">Continue Reading<\/a><\/p>\n","protected":false},"author":112,"featured_media":0,"parent":0,"menu_order":0,"comment_status":"closed","ping_status":"closed","template":"","meta":{"inline_featured_image":false,"ngg_post_thumbnail":0,"footnotes":""},"class_list":["post-185","page","type-page","status-publish","hentry"],"_links":{"self":[{"href":"http:\/\/www2.unifap.br\/ceua\/wp-json\/wp\/v2\/pages\/185","targetHints":{"allow":["GET"]}}],"collection":[{"href":"http:\/\/www2.unifap.br\/ceua\/wp-json\/wp\/v2\/pages"}],"about":[{"href":"http:\/\/www2.unifap.br\/ceua\/wp-json\/wp\/v2\/types\/page"}],"author":[{"embeddable":true,"href":"http:\/\/www2.unifap.br\/ceua\/wp-json\/wp\/v2\/users\/112"}],"replies":[{"embeddable":true,"href":"http:\/\/www2.unifap.br\/ceua\/wp-json\/wp\/v2\/comments?post=185"}],"version-history":[{"count":1,"href":"http:\/\/www2.unifap.br\/ceua\/wp-json\/wp\/v2\/pages\/185\/revisions"}],"predecessor-version":[{"id":186,"href":"http:\/\/www2.unifap.br\/ceua\/wp-json\/wp\/v2\/pages\/185\/revisions\/186"}],"wp:attachment":[{"href":"http:\/\/www2.unifap.br\/ceua\/wp-json\/wp\/v2\/media?parent=185"}],"curies":[{"name":"wp","href":"https:\/\/api.w.org\/{rel}","templated":true}]}}