{"id":19,"date":"2014-12-10T15:13:13","date_gmt":"2014-12-10T15:13:13","guid":{"rendered":"http:\/\/www2.unifap.br\/ceua\/?page_id=19"},"modified":"2015-01-13T12:51:55","modified_gmt":"2015-01-13T12:51:55","slug":"documentos-para-encaminhamento-de-projetos","status":"publish","type":"page","link":"http:\/\/www2.unifap.br\/ceua\/documentos-para-encaminhamento-de-projetos\/","title":{"rendered":"Documentos para encaminhamento de projetos"},"content":{"rendered":"<p align=\"center\"><strong>DOS PROCEDIMENTOS<\/strong><\/p>\n<p><strong>Art. 12.<em>\u00a0<\/em>O docente e\/ou pesquisador respons\u00e1vel por projeto de ensino ou pesquisa que envolva o uso de animais, dever\u00e1 preencher o formul\u00e1rio para solicita\u00e7\u00e3o de autoriza\u00e7\u00e3o para uso de animais em ensino e\/ou pesquisa respectivo e encaminh\u00e1-lo \u00e0 CEUA-UNIFAP preliminarmente \u00e0 execu\u00e7\u00e3o do mesmo.<\/strong><\/p>\n<p><strong>Par\u00e1grafo \u00fanico: Os Protocolos de Ensino ou de Pesquisa submetidos \u00e0 CEUA-UNIFAP dever\u00e3o conter todas as informa\u00e7\u00f5es e documentos solicitados no formul\u00e1rio a que se refere o\u00a0<em>caput<\/em>\u00a0deste artigo, sob pena de n\u00e3o serem analisados.<\/strong><\/p>\n<p><strong>Art. 13.\u00a0A CEUA-UNIFAP ter\u00e1 um prazo de 60 (sessenta) dias para emitir parecer sobre cada Protocolo, que ser\u00e1 apreciado e votado em reuni\u00e3o plen\u00e1ria.<\/strong><\/p>\n<p><strong>Art. 14.\u00a0Os Protocolos analisados pela CEUA-UNIFAP poder\u00e3o enquadrar-se em uma das seguintes modalidades:<\/strong><\/p>\n<p><strong>I \u2013\u00a0Protocolo aprovado;<\/strong><\/p>\n<p><strong>II \u2013 Protocolo aprovado com ressalvas;<\/strong><\/p>\n<p><strong>III &#8211;\u00a0Protocolo em dilig\u00eancia;<\/strong><\/p>\n<p><strong>IV\u00a0\u2013 Protocolo reprovado.<\/strong><\/p>\n<p><strong>\u00a7 1\u00ba\u00a0Quando o Protocolo for considerado aprovado, o respons\u00e1vel receber\u00e1 um Aviso Eletr\u00f4nico de Credenciamento do respectivo Protocolo, com a remessa de c\u00f3pia \u00e0 fonte fornecedora dos animais. Mediante solicita\u00e7\u00e3o, o respons\u00e1vel pelo protocolo receber\u00e1 um Certificado de Credenciamento impresso e assinado pelo presidente da CEUA-UNIFAP.<\/strong><\/p>\n<p><strong>\u00a7 2\u00ba\u00a0Se o Protocolo for colocado em dilig\u00eancia, o respons\u00e1vel ter\u00e1 o prazo de 30 dias, ap\u00f3s a emiss\u00e3o de aviso eletr\u00f4nico correspondente, para realizar as corre\u00e7\u00f5es ou proceder \u00e0s justificativas necess\u00e1rias \u00e0 nova an\u00e1lise pela CEUA-UNIFAP, sendo retirado definitivamente de pauta e arquivado, caso n\u00e3o houver manifesta\u00e7\u00e3o dentro deste prazo estipulado.<\/strong><\/p>\n<p><strong>\u00a7 3\u00ba\u00a0Quando o Protocolo for enquadrado como reprovado, o respons\u00e1vel ser\u00e1 informado das raz\u00f5es que fundamentaram a decis\u00e3o da CEUA-UNIFAP, mediante aviso eletr\u00f4nico espec\u00edfico, sendo responsabilidade do pesquisador manter em seu cadastro junto a CEUA, ao menos um endere\u00e7o eletr\u00f4nico ativo.<\/strong><\/p>\n<p><strong><a href=\"http:\/\/www2.unifap.br\/ceua\/files\/2014\/12\/formulario-padr\u00e3o.doc\"><a href=\"http:\/\/www2.unifap.br\/ceua\/files\/2014\/12\/formulario-padr\u00e3o1.doc\">formulario padr\u00e3o<\/a><\/a><\/strong><\/p>\n<p><strong style=\"line-height: 1.5em\"><a href=\"http:\/\/www2.unifap.br\/ceua\/files\/2014\/12\/orienta\u00e7\u00e3o.pdf\">orienta\u00e7\u00e3o<\/a><\/strong><\/p>\n<p><strong><a href=\"http:\/\/www2.unifap.br\/ceua\/files\/2014\/12\/check-list.pdf\">check-list<\/a><\/strong><\/p>\n","protected":false},"excerpt":{"rendered":"<p>DOS PROCEDIMENTOS Art. 12.\u00a0O docente e\/ou pesquisador respons\u00e1vel por projeto de ensino ou pesquisa que envolva o uso de animais, dever\u00e1 preencher o formul\u00e1rio para solicita\u00e7\u00e3o de autoriza\u00e7\u00e3o para uso de animais em ensino e\/ou pesquisa respectivo e encaminh\u00e1-lo \u00e0&hellip; <\/p>\n<p><a href=\"http:\/\/www2.unifap.br\/ceua\/documentos-para-encaminhamento-de-projetos\/\" class=\"readmore-button\">Continue Reading<\/a><\/p>\n","protected":false},"author":112,"featured_media":0,"parent":0,"menu_order":0,"comment_status":"open","ping_status":"open","template":"","meta":{"inline_featured_image":false,"ngg_post_thumbnail":0,"footnotes":""},"class_list":["post-19","page","type-page","status-publish","hentry"],"_links":{"self":[{"href":"http:\/\/www2.unifap.br\/ceua\/wp-json\/wp\/v2\/pages\/19","targetHints":{"allow":["GET"]}}],"collection":[{"href":"http:\/\/www2.unifap.br\/ceua\/wp-json\/wp\/v2\/pages"}],"about":[{"href":"http:\/\/www2.unifap.br\/ceua\/wp-json\/wp\/v2\/types\/page"}],"author":[{"embeddable":true,"href":"http:\/\/www2.unifap.br\/ceua\/wp-json\/wp\/v2\/users\/112"}],"replies":[{"embeddable":true,"href":"http:\/\/www2.unifap.br\/ceua\/wp-json\/wp\/v2\/comments?post=19"}],"version-history":[{"count":9,"href":"http:\/\/www2.unifap.br\/ceua\/wp-json\/wp\/v2\/pages\/19\/revisions"}],"predecessor-version":[{"id":91,"href":"http:\/\/www2.unifap.br\/ceua\/wp-json\/wp\/v2\/pages\/19\/revisions\/91"}],"wp:attachment":[{"href":"http:\/\/www2.unifap.br\/ceua\/wp-json\/wp\/v2\/media?parent=19"}],"curies":[{"name":"wp","href":"https:\/\/api.w.org\/{rel}","templated":true}]}}