{"id":2,"date":"2014-12-10T12:22:05","date_gmt":"2014-12-10T12:22:05","guid":{"rendered":"http:\/\/www2.unifap.br\/ceua\/?page_id=2"},"modified":"2014-12-10T17:59:33","modified_gmt":"2014-12-10T17:59:33","slug":"introducao","status":"publish","type":"page","link":"http:\/\/www2.unifap.br\/ceua\/introducao\/","title":{"rendered":"CEUA-UNIFAP"},"content":{"rendered":"<p><a href=\"http:\/\/www2.unifap.br\/ceua\/files\/2014\/12\/concea.jpg\"><img decoding=\"async\" class=\"alignleft size-full wp-image-45\" alt=\"concea\" src=\"http:\/\/www2.unifap.br\/ceua\/files\/2014\/12\/concea.jpg\" width=\"276\" height=\"107\" \/><\/a><img fetchpriority=\"high\" decoding=\"async\" class=\"alignleft size-medium wp-image-8\" alt=\"page2\" src=\"http:\/\/www2.unifap.br\/ceua\/files\/2014\/12\/page2-300x300.jpg\" width=\"300\" height=\"300\" srcset=\"http:\/\/www2.unifap.br\/ceua\/files\/2014\/12\/page2-300x300.jpg 300w, http:\/\/www2.unifap.br\/ceua\/files\/2014\/12\/page2-150x150.jpg 150w, http:\/\/www2.unifap.br\/ceua\/files\/2014\/12\/page2-70x70.jpg 70w, http:\/\/www2.unifap.br\/ceua\/files\/2014\/12\/page2.jpg 604w\" sizes=\"(max-width: 300px) 100vw, 300px\" \/><strong>A Comiss\u00e3o de \u00c9tica no Uso de Animais da Universidade Federal de Amap\u00e1 \u2013 CEUA-UNIFAP \u00e9 um \u00f3rg\u00e3o deliberativo e de assessoramento da Administra\u00e7\u00e3o Superior da Universidade em mat\u00e9ria normativa e consultiva, nas quest\u00f5es sobre a utiliza\u00e7\u00e3o de animais para o ensino e a pesquisa.<\/strong><\/p>\n","protected":false},"excerpt":{"rendered":"<p>A Comiss\u00e3o de \u00c9tica no Uso de Animais da Universidade Federal de Amap\u00e1 \u2013 CEUA-UNIFAP \u00e9 um \u00f3rg\u00e3o deliberativo e de assessoramento da Administra\u00e7\u00e3o Superior da Universidade em mat\u00e9ria normativa e consultiva, nas quest\u00f5es sobre a utiliza\u00e7\u00e3o de animais para&hellip; <\/p>\n<p><a href=\"http:\/\/www2.unifap.br\/ceua\/introducao\/\" class=\"readmore-button\">Continue Reading<\/a><\/p>\n","protected":false},"author":167,"featured_media":0,"parent":0,"menu_order":0,"comment_status":"open","ping_status":"open","template":"","meta":{"inline_featured_image":false,"ngg_post_thumbnail":0,"footnotes":""},"class_list":["post-2","page","type-page","status-publish","hentry"],"_links":{"self":[{"href":"http:\/\/www2.unifap.br\/ceua\/wp-json\/wp\/v2\/pages\/2","targetHints":{"allow":["GET"]}}],"collection":[{"href":"http:\/\/www2.unifap.br\/ceua\/wp-json\/wp\/v2\/pages"}],"about":[{"href":"http:\/\/www2.unifap.br\/ceua\/wp-json\/wp\/v2\/types\/page"}],"author":[{"embeddable":true,"href":"http:\/\/www2.unifap.br\/ceua\/wp-json\/wp\/v2\/users\/167"}],"replies":[{"embeddable":true,"href":"http:\/\/www2.unifap.br\/ceua\/wp-json\/wp\/v2\/comments?post=2"}],"version-history":[{"count":7,"href":"http:\/\/www2.unifap.br\/ceua\/wp-json\/wp\/v2\/pages\/2\/revisions"}],"predecessor-version":[{"id":48,"href":"http:\/\/www2.unifap.br\/ceua\/wp-json\/wp\/v2\/pages\/2\/revisions\/48"}],"wp:attachment":[{"href":"http:\/\/www2.unifap.br\/ceua\/wp-json\/wp\/v2\/media?parent=2"}],"curies":[{"name":"wp","href":"https:\/\/api.w.org\/{rel}","templated":true}]}}