{"id":28,"date":"2014-12-10T15:33:55","date_gmt":"2014-12-10T15:33:55","guid":{"rendered":"http:\/\/www2.unifap.br\/ceua\/?page_id=28"},"modified":"2020-02-16T19:38:08","modified_gmt":"2020-02-16T19:38:08","slug":"credenciamento-provisorio","status":"publish","type":"page","link":"http:\/\/www2.unifap.br\/ceua\/credenciamento-provisorio\/","title":{"rendered":"Credenciamento no CONCEA"},"content":{"rendered":"<p><a href=\"http:\/\/www2.unifap.br\/ceua\/files\/2020\/02\/CEUA-17-02-2020-UNIFAP.pdf\">CEUA 17-02-2020 &#8211; UNIFAP<\/a><\/p>\n<p>&nbsp;<\/p>\n<p><strong><a href=\"http:\/\/www2.unifap.br\/ceua\/files\/2014\/12\/CONCEA-Coprovante-de-Registro-de-Credenciamento.pdf\">CONCEA &#8211; Coprovante de Registro de Credenciamento<\/a><\/strong><\/p>\n<p><strong><a href=\"http:\/\/www2.unifap.br\/ceua\/files\/2014\/12\/CREDENCIAMENTO-PROVIS\u00d3RIO.pdf\">D<\/a>ATA 23\/01\/2020<\/strong><\/p>\n<div>\n<div>\n<p>Prezado(a) Senhor(a),<\/p>\n<p>A sua solicita\u00e7\u00e3o de Credenciamento Institucional para Atividades com Animais em Ensino ou Pesquisa (CIAEP) no Novo Ciuca\u00a0foi deferida.<\/p>\n<p>Caso seu credenciamento seja anterior ao lan\u00e7amento do Novo Ciuca, esclarecemos que o seu n\u00famero de CIAEP original, bem como a sua validade, permanecem inalterados.<\/p>\n<p>Caso seja uma nova solicita\u00e7\u00e3o ou renova\u00e7\u00e3o de credenciamento, informamos que o seu n\u00famero de CIAEP, com validade de 5 anos, foi publicado no D.O.U. e um of\u00edcio ser\u00e1 encaminhado ao Representante Legal da institui\u00e7\u00e3o.<\/p>\n<p>Atenciosamente,<\/p>\n<p>Coordena\u00e7\u00e3o da Secretaria Executiva do CONCEA<\/p>\n<p>&nbsp;<\/p>\n<\/div>\n<\/div>\n<p>&nbsp;<\/p>\n<hr \/>\n<p><span style=\"line-height: 1.5em\">\u00a0<\/span><\/p>\n","protected":false},"excerpt":{"rendered":"<p>CEUA 17-02-2020 &#8211; UNIFAP &nbsp; CONCEA &#8211; Coprovante de Registro de Credenciamento DATA 23\/01\/2020 Prezado(a) Senhor(a), A sua solicita\u00e7\u00e3o de Credenciamento Institucional para Atividades com Animais em Ensino ou Pesquisa (CIAEP) no Novo Ciuca\u00a0foi deferida. Caso seu credenciamento seja anterior&hellip; <\/p>\n<p><a href=\"http:\/\/www2.unifap.br\/ceua\/credenciamento-provisorio\/\" class=\"readmore-button\">Continue Reading<\/a><\/p>\n","protected":false},"author":112,"featured_media":0,"parent":0,"menu_order":0,"comment_status":"open","ping_status":"open","template":"","meta":{"inline_featured_image":false,"ngg_post_thumbnail":0,"footnotes":""},"class_list":["post-28","page","type-page","status-publish","hentry"],"_links":{"self":[{"href":"http:\/\/www2.unifap.br\/ceua\/wp-json\/wp\/v2\/pages\/28","targetHints":{"allow":["GET"]}}],"collection":[{"href":"http:\/\/www2.unifap.br\/ceua\/wp-json\/wp\/v2\/pages"}],"about":[{"href":"http:\/\/www2.unifap.br\/ceua\/wp-json\/wp\/v2\/types\/page"}],"author":[{"embeddable":true,"href":"http:\/\/www2.unifap.br\/ceua\/wp-json\/wp\/v2\/users\/112"}],"replies":[{"embeddable":true,"href":"http:\/\/www2.unifap.br\/ceua\/wp-json\/wp\/v2\/comments?post=28"}],"version-history":[{"count":8,"href":"http:\/\/www2.unifap.br\/ceua\/wp-json\/wp\/v2\/pages\/28\/revisions"}],"predecessor-version":[{"id":167,"href":"http:\/\/www2.unifap.br\/ceua\/wp-json\/wp\/v2\/pages\/28\/revisions\/167"}],"wp:attachment":[{"href":"http:\/\/www2.unifap.br\/ceua\/wp-json\/wp\/v2\/media?parent=28"}],"curies":[{"name":"wp","href":"https:\/\/api.w.org\/{rel}","templated":true}]}}