{"id":32,"date":"2014-12-10T15:44:56","date_gmt":"2014-12-10T15:44:56","guid":{"rendered":"http:\/\/www2.unifap.br\/ceua\/?page_id=32"},"modified":"2020-08-21T18:35:21","modified_gmt":"2020-08-21T18:35:21","slug":"endereco","status":"publish","type":"page","link":"http:\/\/www2.unifap.br\/ceua\/endereco\/","title":{"rendered":"Endere\u00e7o e telefone"},"content":{"rendered":"<p><strong>Universidade Federal do Amap\u00e1<\/strong><\/p>\n<p><strong style=\"line-height: 1.5em\">Secretaria do Comit\u00ea de \u00c9tica no Uso de Animais \u2013 CEUA \u2013 UNIFAP<\/strong><\/p>\n<p><strong>Centro Integrado de Pesquisa<\/strong><\/p>\n<p><strong>Rod. Juscelino Juscelino Kubitscheck, km 02 \u2013 Campus Marco Zero,<\/strong><\/p>\n<p><strong>Macap\u00e1 &#8211; AP, 68903-419 email: ceua@unifap.br<\/strong><\/p>\n<p><strong>Fone (96)4009-2808<\/strong><\/p>\n","protected":false},"excerpt":{"rendered":"<p>Universidade Federal do Amap\u00e1 Secretaria do Comit\u00ea de \u00c9tica no Uso de Animais \u2013 CEUA \u2013 UNIFAP Centro Integrado de Pesquisa Rod. Juscelino Juscelino Kubitscheck, km 02 \u2013 Campus Marco Zero, Macap\u00e1 &#8211; AP, 68903-419 email: ceua@unifap.br Fone (96)4009-2808<\/p>\n","protected":false},"author":112,"featured_media":0,"parent":0,"menu_order":0,"comment_status":"open","ping_status":"open","template":"","meta":{"inline_featured_image":false,"ngg_post_thumbnail":0,"footnotes":""},"class_list":["post-32","page","type-page","status-publish","hentry"],"_links":{"self":[{"href":"http:\/\/www2.unifap.br\/ceua\/wp-json\/wp\/v2\/pages\/32","targetHints":{"allow":["GET"]}}],"collection":[{"href":"http:\/\/www2.unifap.br\/ceua\/wp-json\/wp\/v2\/pages"}],"about":[{"href":"http:\/\/www2.unifap.br\/ceua\/wp-json\/wp\/v2\/types\/page"}],"author":[{"embeddable":true,"href":"http:\/\/www2.unifap.br\/ceua\/wp-json\/wp\/v2\/users\/112"}],"replies":[{"embeddable":true,"href":"http:\/\/www2.unifap.br\/ceua\/wp-json\/wp\/v2\/comments?post=32"}],"version-history":[{"count":7,"href":"http:\/\/www2.unifap.br\/ceua\/wp-json\/wp\/v2\/pages\/32\/revisions"}],"predecessor-version":[{"id":171,"href":"http:\/\/www2.unifap.br\/ceua\/wp-json\/wp\/v2\/pages\/32\/revisions\/171"}],"wp:attachment":[{"href":"http:\/\/www2.unifap.br\/ceua\/wp-json\/wp\/v2\/media?parent=32"}],"curies":[{"name":"wp","href":"https:\/\/api.w.org\/{rel}","templated":true}]}}