{"id":55,"date":"2014-12-10T23:37:55","date_gmt":"2014-12-10T23:37:55","guid":{"rendered":"http:\/\/www2.unifap.br\/ceua\/?page_id=55"},"modified":"2023-04-19T20:55:05","modified_gmt":"2023-04-19T20:55:05","slug":"calendario-de-reunioes","status":"publish","type":"page","link":"http:\/\/www2.unifap.br\/ceua\/calendario-de-reunioes\/","title":{"rendered":"Calend\u00e1rio de reuni\u00f5es ordin\u00e1rias para o ano de 2023"},"content":{"rendered":"<p><strong>Julho &#8211; Somente trabalhos internos e relat\u00f3rio da CEUA-UNIFAP<\/strong><\/p>\n<p>** Os projetos dever\u00e3o ser protocolados com o prazo m\u00ednimo de trinta dias antes das datas das reuni\u00f5es para que possam entrar na pauta da reuni\u00e3o.<\/p>\n<p>** Todos os respons\u00e1veis por projetos encaminhados a CEUA-UNIFAP devem observar os prazos para entrega do relat\u00f3rio final seguindo o modelo contido neste site. A n\u00e3o entrega do relat\u00f3rio final implica na suspens\u00e3o da avalia\u00e7\u00e3o de novos projetos.<strong>\u00a0<\/strong><\/p>\n<p align=\"center\"><b>CALEND\u00c1RIO DE REUNI\u00d5ES ORDIN\u00c1RIAS<\/b><\/p>\n<p align=\"center\"><b>2023<\/b><\/p>\n<table border=\"1\" cellspacing=\"0\" cellpadding=\"0\">\n<tbody>\n<tr>\n<td valign=\"top\" width=\"283\">\n<p align=\"center\"><b>MESES<\/b><\/p>\n<\/td>\n<td valign=\"top\" width=\"283\">\n<p align=\"center\"><b>DATA<\/b><\/p>\n<\/td>\n<\/tr>\n<tr>\n<td valign=\"top\" width=\"283\">MAR\u00c7O<\/td>\n<td valign=\"top\" width=\"283\">\n<p align=\"center\">\n<\/td>\n<\/tr>\n<tr>\n<td valign=\"top\" width=\"283\">ABRIL<\/td>\n<td valign=\"top\" width=\"283\">\n<p align=\"center\">19\/04\/2023<\/p>\n<\/td>\n<\/tr>\n<tr>\n<td valign=\"top\" width=\"283\">MAIO<\/td>\n<td valign=\"top\" width=\"283\">\n<p align=\"center\">31\/05\/2023<\/p>\n<\/td>\n<\/tr>\n<tr>\n<td valign=\"top\" width=\"283\">JUNHO<\/td>\n<td valign=\"top\" width=\"283\">\n<p align=\"center\">28\/06\/2023<\/p>\n<\/td>\n<\/tr>\n<tr>\n<td valign=\"top\" width=\"283\">JULHO<\/td>\n<td valign=\"top\" width=\"283\">\n<p align=\"center\">\n<\/td>\n<\/tr>\n<tr>\n<td valign=\"top\" width=\"283\">AGOSTO<\/td>\n<td valign=\"top\" width=\"283\">\n<p align=\"center\">30\/08\/2023<\/p>\n<\/td>\n<\/tr>\n<tr>\n<td valign=\"top\" width=\"283\">SETEMBRO<\/td>\n<td valign=\"top\" width=\"283\">\n<p align=\"center\">19\/09\/2023<\/p>\n<\/td>\n<\/tr>\n<tr>\n<td valign=\"top\" width=\"283\">OUTUBRO<\/td>\n<td valign=\"top\" width=\"283\">\n<p align=\"center\">26\/10\/2023<\/p>\n<\/td>\n<\/tr>\n<tr>\n<td valign=\"top\" width=\"283\">NOVEMBRO<\/td>\n<td valign=\"top\" width=\"283\">\n<p align=\"center\">29\/11\/2023<\/p>\n<\/td>\n<\/tr>\n<tr>\n<td valign=\"top\" width=\"283\">DEZEMBRO<\/td>\n<td valign=\"top\" width=\"283\">\n<p align=\"center\">13\/12\/2023<\/p>\n<\/td>\n<\/tr>\n<\/tbody>\n<\/table>\n<p>** Avisamos que os projetos devem ser protocolados na CEUA-UNIFAP pelo menos 30 dias antes das reuni\u00f5es para que sejam avaliados nas datas previstas.<\/p>\n<p>&nbsp;<\/p>\n<p><strong>\u00a0<\/strong><\/p>\n","protected":false},"excerpt":{"rendered":"<p>Julho &#8211; Somente trabalhos internos e relat\u00f3rio da CEUA-UNIFAP ** Os projetos dever\u00e3o ser protocolados com o prazo m\u00ednimo de trinta dias antes das datas das reuni\u00f5es para que possam entrar na pauta da reuni\u00e3o. ** Todos os respons\u00e1veis por&hellip; <\/p>\n<p><a href=\"http:\/\/www2.unifap.br\/ceua\/calendario-de-reunioes\/\" class=\"readmore-button\">Continue Reading<\/a><\/p>\n","protected":false},"author":112,"featured_media":0,"parent":0,"menu_order":0,"comment_status":"open","ping_status":"open","template":"","meta":{"inline_featured_image":false,"ngg_post_thumbnail":0,"footnotes":""},"class_list":["post-55","page","type-page","status-publish","hentry"],"_links":{"self":[{"href":"http:\/\/www2.unifap.br\/ceua\/wp-json\/wp\/v2\/pages\/55","targetHints":{"allow":["GET"]}}],"collection":[{"href":"http:\/\/www2.unifap.br\/ceua\/wp-json\/wp\/v2\/pages"}],"about":[{"href":"http:\/\/www2.unifap.br\/ceua\/wp-json\/wp\/v2\/types\/page"}],"author":[{"embeddable":true,"href":"http:\/\/www2.unifap.br\/ceua\/wp-json\/wp\/v2\/users\/112"}],"replies":[{"embeddable":true,"href":"http:\/\/www2.unifap.br\/ceua\/wp-json\/wp\/v2\/comments?post=55"}],"version-history":[{"count":16,"href":"http:\/\/www2.unifap.br\/ceua\/wp-json\/wp\/v2\/pages\/55\/revisions"}],"predecessor-version":[{"id":189,"href":"http:\/\/www2.unifap.br\/ceua\/wp-json\/wp\/v2\/pages\/55\/revisions\/189"}],"wp:attachment":[{"href":"http:\/\/www2.unifap.br\/ceua\/wp-json\/wp\/v2\/media?parent=55"}],"curies":[{"name":"wp","href":"https:\/\/api.w.org\/{rel}","templated":true}]}}