{"id":127,"date":"2017-06-19T21:14:45","date_gmt":"2017-06-19T21:14:45","guid":{"rendered":"http:\/\/www2.unifap.br\/cis\/?page_id=127"},"modified":"2018-04-18T15:37:10","modified_gmt":"2018-04-18T15:37:10","slug":"res-01520017-consu","status":"publish","type":"page","link":"http:\/\/www2.unifap.br\/cis\/res-01520017-consu\/","title":{"rendered":"12 HORAS"},"content":{"rendered":"<p style=\"text-align: center\"><a href=\"http:\/\/www2.unifap.br\/cis\/files\/2017\/08\/12.jpg\"><img fetchpriority=\"high\" decoding=\"async\" class=\" wp-image-181 aligncenter\" alt=\"12\" src=\"http:\/\/www2.unifap.br\/cis\/files\/2017\/08\/12-300x300.jpg\" width=\"240\" height=\"240\" srcset=\"http:\/\/www2.unifap.br\/cis\/files\/2017\/08\/12-300x300.jpg 300w, http:\/\/www2.unifap.br\/cis\/files\/2017\/08\/12-150x150.jpg 150w, http:\/\/www2.unifap.br\/cis\/files\/2017\/08\/12-70x70.jpg 70w, http:\/\/www2.unifap.br\/cis\/files\/2017\/08\/12.jpg 328w\" sizes=\"(max-width: 240px) 100vw, 240px\" \/><\/a><\/p>\n<p><strong><a href=\"http:\/\/www2.unifap.br\/cis\/files\/2017\/06\/Resolu\u00e7\u00e3o-n\u00ba-15-2017.pdf\">Resolu\u00e7\u00e3o N\u00ba 015\/2017<\/a><\/strong>\u00a0(Normatiza a Jornada de Trabalho no \u00e2mbito da UNIFAP)<\/p>\n<p><strong>Baixe os anexos da Resolu\u00e7\u00e3o n\u00ba 015\/2017 (.doc):<\/strong><br \/>\n<a href=\"http:\/\/www2.unifap.br\/cis\/files\/2017\/06\/ANEXO-II.doc\">ANEXO-II<\/a><br \/>\n<a href=\"http:\/\/www2.unifap.br\/cis\/files\/2017\/06\/ANEXO-III.docx\">ANEXO-III<\/a><br \/>\n<a href=\"http:\/\/www2.unifap.br\/cis\/files\/2017\/06\/ANEXO-IV.docx\">ANEXO-IV<\/a><br \/>\n<a href=\"http:\/\/www2.unifap.br\/cis\/files\/2017\/06\/ANEXO-V.docx\">ANEXO-V<\/a><\/p>\n<p><strong><a href=\"http:\/\/www2.unifap.br\/cis\/files\/2017\/08\/IN-001.pdf\">INSTRU\u00c7\u00c3O\u00a0NORMATIVA N\u00ba 001\/2017-PROGEP\/CIS<\/a><\/strong><\/p>\n<p><strong><a href=\"http:\/\/www2.unifap.br\/cis\/files\/2017\/06\/MODELO-PLANO-FLEX.doc\">MODELO DO PLANO APROFUNDADO PARA REQUERIMENTO DAS 12 HORAS<\/a><br \/>\n<\/strong><\/p>\n<p><strong><a href=\"http:\/\/www2.unifap.br\/cis\/files\/2017\/06\/POP-FLEX2.pdf\">FLUXOGRAMA DO POP (Procedimento Operacional Padr\u00e3o) PARA REQUERIMENTO DAS 12 HORAS<\/a><\/strong><\/p>\n<p><strong><a href=\"http:\/\/www2.unifap.br\/cis\/files\/2017\/06\/Modelo-Escala-PORTA-11.docx\">MODELO DE ESCALA PARA AFIXAR \u00c0 PORTA DA UNIDADE<\/a><\/strong><\/p>\n<p><!--more--><strong>Leia os\u00a0documentos produzidos previamente a\u00a0<\/strong><strong>aprova\u00e7\u00e3o da Resolu\u00e7\u00e3o n\u00ba 015\/2017:<\/strong><\/p>\n<p><strong><a href=\"http:\/\/www2.unifap.br\/cis\/files\/2017\/06\/Estudo-avaliativo-para-implantar-jornada-flex.pdf\">Estudo\u00a0avaliativo para\u00a0implanta\u00e7\u00e3o\u00a0da jornada de trabalho em turnos ininterruptos (12 horas), elaborado pela COFLEX (Portaria n. 1288\/2015-UNIFAP)<\/a><br \/>\n<\/strong><\/p>\n<p><strong><a href=\"http:\/\/www2.unifap.br\/cis\/files\/2017\/06\/Relat\u00f3rio-Final-COFLEX.pdf\">Relat\u00f3rio Final da COFLEX\u00a0<\/a><\/strong><\/p>\n<p><strong><a href=\"http:\/\/www2.unifap.br\/cis\/files\/2017\/06\/Parecer-da-Reitoria-UNIFAP-sobre-relatorio-final.pdf\">Parecer da Reitoria sobre\u00a0Relat\u00f3rio\u00a0Final da COFLEX<\/a><\/strong><\/p>\n","protected":false},"excerpt":{"rendered":"<p>Resolu\u00e7\u00e3o N\u00ba 015\/2017\u00a0(Normatiza a Jornada de Trabalho no \u00e2mbito da UNIFAP) Baixe os anexos da Resolu\u00e7\u00e3o n\u00ba 015\/2017 (.doc): ANEXO-II ANEXO-III ANEXO-IV ANEXO-V INSTRU\u00c7\u00c3O\u00a0NORMATIVA N\u00ba 001\/2017-PROGEP\/CIS MODELO DO PLANO APROFUNDADO PARA REQUERIMENTO DAS 12 HORAS FLUXOGRAMA DO POP (Procedimento Operacional&hellip; <\/p>\n<p><a href=\"http:\/\/www2.unifap.br\/cis\/res-01520017-consu\/\" class=\"readmore-button\">Continue Reading<\/a><\/p>\n","protected":false},"author":968,"featured_media":0,"parent":0,"menu_order":0,"comment_status":"open","ping_status":"open","template":"","meta":{"inline_featured_image":false,"ngg_post_thumbnail":0,"footnotes":""},"class_list":["post-127","page","type-page","status-publish","hentry"],"_links":{"self":[{"href":"http:\/\/www2.unifap.br\/cis\/wp-json\/wp\/v2\/pages\/127","targetHints":{"allow":["GET"]}}],"collection":[{"href":"http:\/\/www2.unifap.br\/cis\/wp-json\/wp\/v2\/pages"}],"about":[{"href":"http:\/\/www2.unifap.br\/cis\/wp-json\/wp\/v2\/types\/page"}],"author":[{"embeddable":true,"href":"http:\/\/www2.unifap.br\/cis\/wp-json\/wp\/v2\/users\/968"}],"replies":[{"embeddable":true,"href":"http:\/\/www2.unifap.br\/cis\/wp-json\/wp\/v2\/comments?post=127"}],"version-history":[{"count":32,"href":"http:\/\/www2.unifap.br\/cis\/wp-json\/wp\/v2\/pages\/127\/revisions"}],"predecessor-version":[{"id":269,"href":"http:\/\/www2.unifap.br\/cis\/wp-json\/wp\/v2\/pages\/127\/revisions\/269"}],"wp:attachment":[{"href":"http:\/\/www2.unifap.br\/cis\/wp-json\/wp\/v2\/media?parent=127"}],"curies":[{"name":"wp","href":"https:\/\/api.w.org\/{rel}","templated":true}]}}