{"id":297,"date":"2022-10-23T18:39:49","date_gmt":"2022-10-23T18:39:49","guid":{"rendered":"https:\/\/www2.unifap.br\/cis\/?page_id=297"},"modified":"2022-10-23T18:39:49","modified_gmt":"2022-10-23T18:39:49","slug":"finalidade","status":"publish","type":"page","link":"http:\/\/www2.unifap.br\/cis\/finalidade\/","title":{"rendered":"CIS\/Unifap"},"content":{"rendered":"<h1 class=\"documentFirstHeading\">Comiss\u00e3o Interna de Supervis\u00e3o (CIS)<\/h1>\n<p><strong>FINALIDADE:<\/strong><\/p>\n<p>Acompanhar, fiscalizar e avaliar a sua implementa\u00e7\u00e3o do&nbsp;&nbsp;Plano de Carreira dos Cargos T\u00e9cnico Administrativos em Educa\u00e7\u00e3o ( Lei n\u00b0. 11.091, de 12 de janeiro de 2005) na UNIFAP.<\/p>\n<p><strong>ATRIBUI\u00c7\u00d5ES:<\/strong><\/p>\n<p>Compete as Representa\u00e7\u00f5es Locais da CIS:<\/p>\n<p>I &#8211; Acompanhar a implanta\u00e7\u00e3o do plano de carreira em todas as suas etapas, bem como o trabalho da Comiss\u00e3o de Enquadramento;<\/p>\n<p>II &#8211; Auxiliar a \u00e1rea de pessoal, bem como os servidores t\u00e9cnico-administrativos, quanto ao Plano de Carreira dos Cargos T\u00e9cnico Administrativos em Educa\u00e7\u00e3o;<\/p>\n<p>III &#8211; Acompanhar, apreciar e emitir parecer, para decis\u00e3o final da autoridade competente, a respeito dos processos de homologa\u00e7\u00e3o de est\u00e1gio probat\u00f3rio, progress\u00e3o por m\u00e9rito profissional, progress\u00e3o por capacita\u00e7\u00e3o profissional, incentivo \u00e0 qualifica\u00e7\u00e3o, licen\u00e7a para capacita\u00e7\u00e3o e afastamento para qualifica\u00e7\u00e3o dos servidores t\u00e9cnicos administrativos;<\/p>\n<p>IV &#8211; Acompanhar e avaliar a implementa\u00e7\u00e3o do plano de carreira no \u00e2mbito dos seus respectivos Campi de lota\u00e7\u00e3o;<\/p>\n<p>V &#8211; Propor \u00e0 Comiss\u00e3o Interna de Supervis\u00e3o do Plano de Carreira dos Cargos T\u00e9cnico-Administrativos em Educa\u00e7\u00e3o da Universidade Federal do Amap\u00e1&nbsp; \u2013 CIS\/PCCTAE-UNIFAP, as altera\u00e7\u00f5es necess\u00e1rias para o aprimoramento do plano;<\/p>\n<p>VI &#8211; Apresentar propostas e acompanhar a elabora\u00e7\u00e3o e a execu\u00e7\u00e3o do plano de desenvolvimento de pessoal da UNIFAP e seus programas de qualifica\u00e7\u00e3o, capacita\u00e7\u00e3o, de avalia\u00e7\u00e3o e de dimensionamento das necessidades de pessoal e modelo de aloca\u00e7\u00e3o de vagas, nos seus respectivos Campi de lota\u00e7\u00e3o;<\/p>\n<p>VII &#8211; Acompanhar o processo de identifica\u00e7\u00e3o dos ambientes organizacionais da UNIFAP, nos seus respectivos Campi de lota\u00e7\u00e3o, proposto pela \u00e1rea de pessoal, bem como os cargos que os integram;<\/p>\n<p>VIII &#8211; Examinar os casos omissos referentes ao plano de carreira e encaminh\u00e1-los \u00e0 Comiss\u00e3o Interna de Supervis\u00e3o do Plano de Carreira dos Cargos T\u00e9cnico-Administrativos na&nbsp;Universidade Federal do Amap\u00e1\u2013 CIS\/PCCTAE-UNIFAP;&nbsp;<\/p>\n<p><strong>LEGISLA\u00c7\u00c3O:&nbsp;<\/strong><\/p>\n<p>Lei n\u00ba 8.112, de 11 de DEZEMBRO de 1990 ( <span style=\"color: #0000ff\"><a style=\"color: #0000ff\" href=\"http:\/\/www.planalto.gov.br\/ccivil_03\/leis\/L8112compilado.htm\">http:\/\/www.planalto.gov.br\/ccivil_03\/leis\/L8112compilado.htm<\/a><\/span>&nbsp;)<\/p>\n<p>Lei n\u00b0. 11.091, de&nbsp;12 de janeiro&nbsp;de 2005&nbsp; &nbsp; &nbsp; &nbsp; &nbsp; &nbsp; &nbsp; &nbsp; &nbsp; &nbsp; &nbsp; &nbsp; &nbsp; &nbsp; &nbsp; &nbsp; &nbsp; &nbsp; &nbsp; &nbsp; &nbsp; &nbsp; &nbsp; &nbsp; &nbsp; &nbsp; &nbsp; &nbsp; &nbsp; &nbsp; &nbsp; &nbsp; &nbsp; &nbsp; &nbsp; &nbsp; &nbsp; &nbsp; &nbsp; &nbsp; &nbsp; &nbsp; &nbsp; &nbsp; &nbsp; &nbsp; &nbsp; &nbsp; &nbsp; &nbsp; &nbsp; &nbsp; &nbsp; &nbsp; &nbsp; (&nbsp;<span style=\"color: #0000ff\"><a style=\"color: #0000ff\" href=\"http:\/\/www.planalto.gov.br\/ccivil_03\/_ato2004-2006\/2005\/lei\/L11091compilado.htm\">http:\/\/www.planalto.gov.br\/ccivil_03\/_ato2004-2006\/2005\/lei\/L11091compilado.htm<\/a><\/span>&nbsp;)<\/p>\n<p>Resolu\u00e7\u00e3o n\u00ba 16\/2013\/CONSU &#8211; UNIFAP (<span style=\"color: #0000ff\"><a style=\"color: #0000ff\" href=\"http:\/\/www2.unifap.br\/consu\/files\/2013\/06\/Resolu%C3%A7%C3%A3o-n%C2%BA-16-2013-Revoga-a-resolu%C3%A7%C3%A3o-10-2013-e-fixa-normas-para-afastamento-de-t%C3%A9cnicos-para-capacita%C3%A7%C3%A3o.pdf\" target=\"_blank\" rel=\"noopener\">https:\/\/www2.unifap.br\/consu\/?p=922<\/a><\/span>&nbsp;)<\/p>\n<p>Portaria&nbsp;2.519\/2005-MEC (&nbsp;<span style=\"color: #0000ff\"><a style=\"color: #0000ff\" href=\"http:\/\/portal.mec.gov.br\/arquivos\/pdf\/canalcggp\/portarias\/pt251905.pdf\">http:\/\/portal.mec.gov.br\/arquivos\/pdf\/canalcggp\/portarias\/pt251905.pdf<\/a><\/span>&nbsp;)<\/p>\n<p><strong>DOCUMENTOS:&nbsp;<\/strong><\/p>\n<p>Tabela de Remunera\u00e7\u00e3o do PCCTAE (&nbsp;<a href=\"http:\/\/www.sinasefe.org.br\/v3\/index.php?option=com_docman&amp;task=doc_download&amp;gid=2883&amp;Itemid=95\">http:\/\/www.sinasefe.org.br\/v3\/index.phpoption=com_docman&amp;task=doc_download&amp;gid=2883&amp;Itemid=95<\/a>)&nbsp;<\/p>\n<p><strong>LINKS \u00daTEIS:&nbsp;<br \/>\n<\/strong><\/p>\n<p>Simulador de Sal\u00e1rio dos TAE (<a href=\"http:\/\/taes.com.br\/index.html\">http:\/\/taes.com.br\/index.html<\/a> )<\/p>\n<p>FASUBRA &#8211; Federa\u00e7\u00e3o de Sindicatos de Trabalhadores T\u00e9cnico-Administrativos em Institui\u00e7\u00f5es de Ensino Superior P\u00fablicas do Brasil (&nbsp;<a href=\"http:\/\/www.fasubra.org.br\/\">http:\/\/www.fasubra.org.br\/<\/a>&nbsp;)<\/p>\n<p><a href=\"https:\/\/www.sinstaufap.org\/\" rel=\"home\">SINSTAUFAP\/UNIFAP &#8211; Sindicato dos T\u00e9cnicos Administrativos da UNIFAP<\/a> <span style=\"color: #0000ff\">(<a style=\"color: #0000ff\" href=\"https:\/\/www.sinstaufap.org\/\">https:\/\/www.sinstaufap.org\/<\/a>)<\/span><\/p>\n<p><strong>CONTATO:<\/strong><\/p>\n<p>Servi\u00e7os: <a href=\"https:\/\/www.prosear.com.br\/atendimento\/\" target=\"_blank\" rel=\"noopener\">https:\/\/www.prosear.com.br\/atendimento\/<\/a>&nbsp;<br \/>\nE-mail:&nbsp;<span id=\"cloake819fb6d118ff0f3b508a3af9f9e5b86\"><span id=\"cloakcb430a212f7d24ebeb8ca3cbcbe5bc9a\">cis@unifap.br&nbsp;<\/span><\/span><\/p>\n<p><span id=\"cloak6cc3477420868fecb30362b1147633c9\"><span id=\"cloak585d01c8a0f915270eb0a8270d44e560\"><\/span><\/span><\/p>\n","protected":false},"excerpt":{"rendered":"<p>Comiss\u00e3o Interna de Supervis\u00e3o (CIS) FINALIDADE: Acompanhar, fiscalizar e avaliar a sua implementa\u00e7\u00e3o do&nbsp;&nbsp;Plano de Carreira dos Cargos T\u00e9cnico Administrativos em Educa\u00e7\u00e3o ( Lei n\u00b0. 11.091, de 12 de janeiro de 2005) na UNIFAP. ATRIBUI\u00c7\u00d5ES: Compete as Representa\u00e7\u00f5es Locais da&hellip; <\/p>\n<p><a href=\"http:\/\/www2.unifap.br\/cis\/finalidade\/\" class=\"readmore-button\">Continue Reading<\/a><\/p>\n","protected":false},"author":205,"featured_media":0,"parent":0,"menu_order":0,"comment_status":"closed","ping_status":"closed","template":"","meta":{"inline_featured_image":false,"ngg_post_thumbnail":0,"footnotes":""},"class_list":["post-297","page","type-page","status-publish","hentry"],"_links":{"self":[{"href":"http:\/\/www2.unifap.br\/cis\/wp-json\/wp\/v2\/pages\/297","targetHints":{"allow":["GET"]}}],"collection":[{"href":"http:\/\/www2.unifap.br\/cis\/wp-json\/wp\/v2\/pages"}],"about":[{"href":"http:\/\/www2.unifap.br\/cis\/wp-json\/wp\/v2\/types\/page"}],"author":[{"embeddable":true,"href":"http:\/\/www2.unifap.br\/cis\/wp-json\/wp\/v2\/users\/205"}],"replies":[{"embeddable":true,"href":"http:\/\/www2.unifap.br\/cis\/wp-json\/wp\/v2\/comments?post=297"}],"version-history":[{"count":1,"href":"http:\/\/www2.unifap.br\/cis\/wp-json\/wp\/v2\/pages\/297\/revisions"}],"predecessor-version":[{"id":298,"href":"http:\/\/www2.unifap.br\/cis\/wp-json\/wp\/v2\/pages\/297\/revisions\/298"}],"wp:attachment":[{"href":"http:\/\/www2.unifap.br\/cis\/wp-json\/wp\/v2\/media?parent=297"}],"curies":[{"name":"wp","href":"https:\/\/api.w.org\/{rel}","templated":true}]}}