{"id":34,"date":"2015-03-27T12:22:35","date_gmt":"2015-03-27T12:22:35","guid":{"rendered":"http:\/\/www2.unifap.br\/cis\/?page_id=34"},"modified":"2017-08-14T13:45:42","modified_gmt":"2017-08-14T13:45:42","slug":"quem-somos","status":"publish","type":"page","link":"http:\/\/www2.unifap.br\/cis\/pagina-exemplo\/quem-somos\/","title":{"rendered":"Quem Somos"},"content":{"rendered":"<h2><\/h2>\n<div>\n<p align=\"JUSTIFY\">A Comiss\u00e3o Interna de Supervis\u00e3o (CIS) \u00e9 composta por cinco representantes eleitos em Assembleia Geral da categoria dos T\u00e9cnico-administrativos em Educa\u00e7\u00e3o da UNIFAP para mandato de dois anos, conforme estabelece a <strong><a href=\"http:\/\/www2.unifap.br\/cis\/files\/2015\/03\/Portaria-2752.pdf\">Portaria-2752\/2016<\/a><strong>.<\/strong><\/strong><\/p>\n<ul>\n<li>Rafael Haussler Saldanha \u2013 Coordenador<\/li>\n<li>Lidiane Ferreira Rodrigues\u00a0\u2013 Coordenadora Adjunta<\/li>\n<li>Lucicl\u00e9a de Castro Pereira &#8211; Secret\u00e1ria<\/li>\n<li>Adriano Silva de Souza<\/li>\n<li>Thais Ara\u00fajo dos Santos<\/li>\n<\/ul>\n<p><strong><a href=\"http:\/\/www2.unifap.br\/cis\/files\/2015\/03\/REUNI\u00d5ES_ORDIN\u00c1RIAS-CALEND\u00c1RIO.pdf\">Calend\u00e1rio de reuni\u00f5es ordin\u00e1rias da CIS<\/a><\/strong><\/p>\n<\/div>\n","protected":false},"excerpt":{"rendered":"<p>A Comiss\u00e3o Interna de Supervis\u00e3o (CIS) \u00e9 composta por cinco representantes eleitos em Assembleia Geral da categoria dos T\u00e9cnico-administrativos em Educa\u00e7\u00e3o da UNIFAP para mandato de dois anos, conforme estabelece a Portaria-2752\/2016. Rafael Haussler Saldanha \u2013 Coordenador Lidiane Ferreira Rodrigues\u00a0\u2013&hellip; <\/p>\n<p><a href=\"http:\/\/www2.unifap.br\/cis\/pagina-exemplo\/quem-somos\/\" class=\"readmore-button\">Continue Reading<\/a><\/p>\n","protected":false},"author":359,"featured_media":0,"parent":2,"menu_order":0,"comment_status":"open","ping_status":"open","template":"","meta":{"inline_featured_image":false,"ngg_post_thumbnail":0,"footnotes":""},"class_list":["post-34","page","type-page","status-publish","hentry"],"_links":{"self":[{"href":"http:\/\/www2.unifap.br\/cis\/wp-json\/wp\/v2\/pages\/34","targetHints":{"allow":["GET"]}}],"collection":[{"href":"http:\/\/www2.unifap.br\/cis\/wp-json\/wp\/v2\/pages"}],"about":[{"href":"http:\/\/www2.unifap.br\/cis\/wp-json\/wp\/v2\/types\/page"}],"author":[{"embeddable":true,"href":"http:\/\/www2.unifap.br\/cis\/wp-json\/wp\/v2\/users\/359"}],"replies":[{"embeddable":true,"href":"http:\/\/www2.unifap.br\/cis\/wp-json\/wp\/v2\/comments?post=34"}],"version-history":[{"count":9,"href":"http:\/\/www2.unifap.br\/cis\/wp-json\/wp\/v2\/pages\/34\/revisions"}],"predecessor-version":[{"id":197,"href":"http:\/\/www2.unifap.br\/cis\/wp-json\/wp\/v2\/pages\/34\/revisions\/197"}],"up":[{"embeddable":true,"href":"http:\/\/www2.unifap.br\/cis\/wp-json\/wp\/v2\/pages\/2"}],"wp:attachment":[{"href":"http:\/\/www2.unifap.br\/cis\/wp-json\/wp\/v2\/media?parent=34"}],"curies":[{"name":"wp","href":"https:\/\/api.w.org\/{rel}","templated":true}]}}