{"id":37,"date":"2015-03-27T12:27:04","date_gmt":"2015-03-27T12:27:04","guid":{"rendered":"http:\/\/www2.unifap.br\/cis\/?page_id=37"},"modified":"2017-08-14T13:50:00","modified_gmt":"2017-08-14T13:50:00","slug":"contato","status":"publish","type":"page","link":"http:\/\/www2.unifap.br\/cis\/pagina-exemplo\/contato\/","title":{"rendered":"Contato"},"content":{"rendered":"<p><a href=\"http:\/\/www2.unifap.br\/cis\/files\/2015\/01\/cis.jpg\"><img fetchpriority=\"high\" decoding=\"async\" class=\"aligncenter size-medium wp-image-12\" alt=\"cis\" src=\"http:\/\/www2.unifap.br\/cis\/files\/2015\/01\/cis-300x190.jpg\" width=\"300\" height=\"190\" srcset=\"http:\/\/www2.unifap.br\/cis\/files\/2015\/01\/cis-300x190.jpg 300w, http:\/\/www2.unifap.br\/cis\/files\/2015\/01\/cis-1024x651.jpg 1024w, http:\/\/www2.unifap.br\/cis\/files\/2015\/01\/cis.jpg 1634w\" sizes=\"(max-width: 300px) 100vw, 300px\" \/><\/a><\/p>\n<p>Universidade Federal do Amap\u00e1 (UNIFAP)<\/p>\n<p><em>Campus<\/em> Marco Zero do Equador &#8211; Macap\u00e1-AP<br \/>\nRod. Juscelino Kubitschek, Km 02 &#8211; Jardim Marco. CEP 68.903-419<\/p>\n<p><strong>Contato: 4009-2665 \/ cis@unifap.br\u00a0<\/strong><\/p>\n<p><strong><a href=\"http:\/\/www2.unifap.br\/cis\/files\/2015\/03\/REUNI\u00d5ES_ORDIN\u00c1RIAS-CALEND\u00c1RIO.pdf\">Calend\u00e1rio de reuni\u00f5es ordin\u00e1rias da CIS<\/a><\/strong><\/p>\n","protected":false},"excerpt":{"rendered":"<p>Universidade Federal do Amap\u00e1 (UNIFAP) Campus Marco Zero do Equador &#8211; Macap\u00e1-AP Rod. Juscelino Kubitschek, Km 02 &#8211; Jardim Marco. CEP 68.903-419 Contato: 4009-2665 \/ cis@unifap.br\u00a0 Calend\u00e1rio de reuni\u00f5es ordin\u00e1rias da CIS<\/p>\n","protected":false},"author":359,"featured_media":0,"parent":2,"menu_order":0,"comment_status":"open","ping_status":"open","template":"","meta":{"inline_featured_image":false,"ngg_post_thumbnail":0,"footnotes":""},"class_list":["post-37","page","type-page","status-publish","hentry"],"_links":{"self":[{"href":"http:\/\/www2.unifap.br\/cis\/wp-json\/wp\/v2\/pages\/37","targetHints":{"allow":["GET"]}}],"collection":[{"href":"http:\/\/www2.unifap.br\/cis\/wp-json\/wp\/v2\/pages"}],"about":[{"href":"http:\/\/www2.unifap.br\/cis\/wp-json\/wp\/v2\/types\/page"}],"author":[{"embeddable":true,"href":"http:\/\/www2.unifap.br\/cis\/wp-json\/wp\/v2\/users\/359"}],"replies":[{"embeddable":true,"href":"http:\/\/www2.unifap.br\/cis\/wp-json\/wp\/v2\/comments?post=37"}],"version-history":[{"count":4,"href":"http:\/\/www2.unifap.br\/cis\/wp-json\/wp\/v2\/pages\/37\/revisions"}],"predecessor-version":[{"id":200,"href":"http:\/\/www2.unifap.br\/cis\/wp-json\/wp\/v2\/pages\/37\/revisions\/200"}],"up":[{"embeddable":true,"href":"http:\/\/www2.unifap.br\/cis\/wp-json\/wp\/v2\/pages\/2"}],"wp:attachment":[{"href":"http:\/\/www2.unifap.br\/cis\/wp-json\/wp\/v2\/media?parent=37"}],"curies":[{"name":"wp","href":"https:\/\/api.w.org\/{rel}","templated":true}]}}