{"id":407,"date":"2023-04-12T18:57:51","date_gmt":"2023-04-12T18:57:51","guid":{"rendered":"https:\/\/www2.unifap.br\/cis\/?page_id=407"},"modified":"2023-04-12T19:58:03","modified_gmt":"2023-04-12T19:58:03","slug":"objetivo","status":"publish","type":"page","link":"http:\/\/www2.unifap.br\/cis\/objetivo\/","title":{"rendered":"Comiss\u00e3o Interna de Supervis\u00e3o (CIS)"},"content":{"rendered":"<p>Conhe\u00e7a a Portaria de cria\u00e7\u00e3o da Comiss\u00e3o Interna de Supervis\u00e3o da Carreira dos Cargos T\u00e9cnico-Administrativos em Educa\u00e7\u00e3o, seu Regulamento, al\u00e9m de Leis e Decretos que tratam do Plano de Carreira dos cargos t\u00e9cnico-administrativos.<\/p>\n<p><strong>Apresenta\u00e7\u00e3o<br \/>\n<\/strong>A CIS\/Unifap \u00e9 a Comiss\u00e3o Interna de Supervis\u00e3o da Carreira dos Cargos T\u00e9cnico-Administrativos em Educa\u00e7\u00e3o da Universidade Federal do Amap\u00e1, criada em atendimento \u00e0 <span style=\"color: #0000ff\"><a style=\"color: #0000ff\" href=\"http:\/\/www2.unifap.br\/cis\/files\/2023\/04\/Lei11091_de_12-01-2005_plano_e_carg_TAE.pdf\" target=\"_blank\" rel=\"noopener\">Lei n.\u00ba 11.091<\/a><\/span>, de <span style=\"color: #0000ff\"><a style=\"color: #0000ff\" href=\"http:\/\/www.planalto.gov.br\/ccivil_03\/_ato2004-2006\/2005\/lei\/l11091.htm\" target=\"_blank\" rel=\"noopener\">12 de janeiro de 2005<\/a><\/span>, que disp\u00f5e sobre a estrutura\u00e7\u00e3o do Plano de Carreira dos Cargos T\u00e9cnico-Administrativos em Educa\u00e7\u00e3o (PCCTAE) e regulamentada pelas <strong><span style=\"color: #0000ff\"><a style=\"color: #0000ff\" href=\"http:\/\/www2.unifap.br\/cis\/files\/2023\/04\/Portaria_MEC_2519_de_15-07-2005_instituir_comissao_Interna_CIS.pdf\" target=\"_blank\" rel=\"noopener\">Portarias MEC n.\u00ba 2.519<\/a><\/span><\/strong>, de <span style=\"color: #0000ff\"><a style=\"color: #0000ff\" href=\"http:\/\/portal.mec.gov.br\/component\/content\/article?id=13290\" target=\"_blank\" rel=\"noopener\">15 de julho de 2005<\/a><\/span> e <strong><span style=\"color: #0000ff\"><a style=\"color: #0000ff\" href=\"http:\/\/www2.unifap.br\/cis\/files\/2023\/04\/Portaria_2562_21-07-2005_nova_redaca_art2_3_e_5_da_Port2519-2005.pdf\" target=\"_blank\" rel=\"noopener\">portaria MEC n.\u00ba 2.562<\/a><\/span><\/strong> de <span style=\"color: #0000ff\"><a style=\"color: #0000ff\" href=\"http:\/\/portal.mec.gov.br\/arquivos\/pdf\/canalcggp\/portarias\/pt2562_2005.pdf\" target=\"_blank\" rel=\"noopener\">21 de julho de 2005<\/a><\/span> e est\u00e1 vinculada \u00e0 Comiss\u00e3o Nacional de Supervis\u00e3o do Minist\u00e9rio da Educa\u00e7\u00e3o.<\/p>\n<p>Sua regulamenta\u00e7\u00e3o no \u00e2mbito desta IFES\/UNIFAP, est\u00e1 contida e aprovada atrav\u00e9s da <span style=\"color: #0000ff\"><a style=\"color: #0000ff\" href=\"https:\/\/www2.unifap.br\/cis\/files\/2018\/04\/Resolucao-n.16-2013.pdf\" target=\"_blank\" rel=\"noopener\">Resolu\u00e7\u00e3o 16\/2013-CONSU<\/a><\/span>.<\/p>\n<p><strong>Finalidade<\/strong><br \/>\nA CIS\/Ifes tem a finalidade de acompanhar, auxiliar, fiscalizar e avaliar a implanta\u00e7\u00e3o do Plano de Carreira no \u00e2mbito do Instituto Federal do Esp\u00edrito Santo e propor \u00e0 Comiss\u00e3o Nacional de Supervis\u00e3o as altera\u00e7\u00f5es necess\u00e1rias para o aprimoramento do Plano de Carreira.<\/p>\n<p><strong>Composi\u00e7\u00e3o<\/strong><br \/>\nA <strong><span style=\"color: #0000ff\"><a style=\"color: #0000ff\" href=\"https:\/\/www2.unifap.br\/drh\/manual-do-servidor\/comissao-interna-de-supervisao\/\" target=\"_blank\" rel=\"noopener\">CIS\/Unifap<\/a><\/span><\/strong> \u00e9 composta por servidores integrantes do Plano de Carreira dos Cargos T\u00e9cnico-administrativo em Educa\u00e7\u00e3o \u2013 PCCTAE lotados na <strong><span style=\"color: #0000ff\"><a style=\"color: #0000ff\" href=\"http:\/\/www.unifap.br\/\" target=\"_blank\" rel=\"noopener\">UNIFAP<\/a><\/span><\/strong>. Sua composi\u00e7\u00e3o ser\u00e1 no m\u00ednimo (03) tr\u00eas e no m\u00e1ximo 20 (vinte) membros, respeitada a propor\u00e7\u00e3o m\u00ednima de 1 (um) t\u00e9cnico-administrativo a cada mil ou parcela maior do que 500 (quinhentos) servidores ativos, aposentados e instituidores de pens\u00e3o, e seus respectivos suplentes, todos eleitos pelos seus pares para <strong>um mandato de 3 (tr\u00eas) anos.<\/strong><\/p>\n<p>Comiss\u00e3o Interna de Supervis\u00e3o-CIS eleita para o mandato do <strong><span style=\"color: #0000ff\">tri\u00eanio bi\u00eanio 2022\/2024<\/span><\/strong> (<span style=\"color: #ff0000\"><a style=\"color: #ff0000\" href=\"http:\/\/www2.unifap.br\/prosear\/files\/2023\/04\/portaria0787-2022_Marquinhos_Comissao-Interna-de-Supervisao-CIS.pdf\" target=\"_blank\" rel=\"noopener\">Portaria 0787 de 01\/06\/2022<\/a><\/span>).<\/p>\n<p><strong>Titulares<\/strong><br \/>\na) RENATO ARAUJO DA SILVA \u2013 Coordenador (Campus Marco Zero);<br \/>\nb) MARCOS SILVA ALBUQUERQUE &#8211; Coordenadora Adjunta (Campus Marco Zero);<br \/>\nc) JESSE DA COSTA MACIEL \u2013 Secret\u00e1rio (Campus Marco Zero).<\/p>\n<p><span style=\"color: #0000ff\"><strong>Suplentes<\/strong><\/span><br \/>\na) ALBERTINA SILVA PEREIRA (Campus Marco Zero).<br \/>\nb) LUCICLEA DE CASTRO PEREIRA (Campus Marco Zero).<br \/>\nc) IALLE GURGEL BORGES (Campus Marco Zero).<\/p>\n<p><span style=\"color: #ff0000\"><strong>Contatos<\/strong><\/span><br \/>\nE-mail: segue, abaixo<\/p>\n<p><strong>Telefones<\/strong>: (RENATO SILVA) &lt;renatoaraujo@unifap.br&gt;, (<span class=\"selectable-text copyable-text\">JESSE MACIEL) &lt;jesse.maciel@unifap.br&gt;, prosear@unifap.br<\/span>&nbsp;(Marcos)<\/p>\n<p><strong><br \/>\nCalend\u00e1rio de Reuni\u00f5es<\/strong><\/p>\n<p><em><span style=\"color: #ff0000\">Calend\u00e1rio de Reuni\u00f5es 2023 (Em planejamento, sess\u00f5es s\u00e3o realizadas nas ter\u00e7as, semipresencial).<\/span><\/em><\/p>\n<p><strong>Leis e&nbsp;<\/strong><strong>Decretos&nbsp;<\/strong><strong><br \/>\n<\/strong><a href=\"http:\/\/www.cefetes.br\/internet_arquivos\/O_Cefetes\/Informacoes_institucionais\/Comissao_interna_supervisao\/lei_11091.pdf\" target=\"_blank\" rel=\"noopener\">Lei 11.091<\/a><br \/>\n<a href=\"http:\/\/www.cefetes.br\/internet_arquivos\/O_Cefetes\/Informacoes_institucionais\/Comissao_interna_supervisao\/lei_11233.pdf\" target=\"_blank\" rel=\"noopener\">Lei 11.233<\/a><br \/>\n<a href=\"http:\/\/www.cefetes.br\/internet_arquivos\/O_Cefetes\/Informacoes_institucionais\/Comissao_interna_supervisao\/lei%2011.784%20-2008.pdf\" target=\"_blank\" rel=\"noopener\">Lei 11.784-2008<\/a>&nbsp;<br \/>\n<a href=\"http:\/\/www.planalto.gov.br\/ccivil_03\/_ato2011-2014\/2012\/Lei\/L12772.htm\" target=\"_blank\" rel=\"noopener\">Lei 12.772-2012<\/a>&nbsp;&nbsp;<br \/>\n<a href=\"http:\/\/www.planalto.gov.br\/ccivil_03\/_Ato2004-2006\/2006\/Decreto\/D5707.htm\" target=\"_blank\" rel=\"noopener\">Decreto 5.707&nbsp;<br \/>\n<\/a><a href=\"http:\/\/www.cefetes.br\/internet_arquivos\/O_Cefetes\/Informacoes_institucionais\/Comissao_interna_supervisao\/decreto_5824.pdf\" target=\"_blank\" rel=\"noopener\">Decreto 5.824<\/a><br \/>\n<a href=\"http:\/\/www.cefetes.br\/internet_arquivos\/O_Cefetes\/Informacoes_institucionais\/Comissao_interna_supervisao\/decreto_5825.pdf\" target=\"_blank\" rel=\"noopener\">Decreto 5.825<br \/>\n<\/a><br \/>\n<strong>Resolu\u00e7\u00f5es do Conselho Superior<br \/>\n<\/strong><span style=\"color: #0000ff\"><a style=\"color: #0000ff\" href=\"https:\/\/www2.unifap.br\/cis\/files\/2018\/04\/Resolucao-n.16-2013.pdf\" target=\"_blank\" rel=\"noopener\">Resolu\u00e7\u00e3o 16\/2013-CONSU &#8211; Aprova Regulamento da CIS<\/a>&nbsp;<\/span>&#8211; Comiss\u00e3o Interna de Supervis\u00e3o da UNIFAP<strong><br \/>\n<\/strong><span style=\"color: #ff0000\">Resolu\u00e7\u00e3o em andamento &nbsp;<\/span>&#8211; Aprova o regulamento da CIS (em curso)<br \/>\n<strong><br \/>\nPortarias<\/strong><\/p>\n<ol>\n<li><a href=\"http:\/\/www2.unifap.br\/prosear\/files\/2023\/04\/portaria0787-2022_Marquinhos_Comissao-Interna-de-Supervisao-CIS.pdf\" target=\"_blank\" rel=\"noopener\">Portaria 0787\/2022 Marquinhos, Jesser, Renato, Lucicleia e outros, na Comiss\u00e3o Interna de Supervis\u00e3o \u2013 <strong>CIS<\/strong><\/a><\/li>\n<\/ol>\n","protected":false},"excerpt":{"rendered":"<p>Conhe\u00e7a a Portaria de cria\u00e7\u00e3o da Comiss\u00e3o Interna de Supervis\u00e3o da Carreira dos Cargos T\u00e9cnico-Administrativos em Educa\u00e7\u00e3o, seu Regulamento, al\u00e9m de Leis e Decretos que tratam do Plano de Carreira dos cargos t\u00e9cnico-administrativos. Apresenta\u00e7\u00e3o A CIS\/Unifap \u00e9 a Comiss\u00e3o Interna&hellip; <\/p>\n<p><a href=\"http:\/\/www2.unifap.br\/cis\/objetivo\/\" class=\"readmore-button\">Continue Reading<\/a><\/p>\n","protected":false},"author":205,"featured_media":0,"parent":0,"menu_order":0,"comment_status":"closed","ping_status":"closed","template":"templates\/template-onecolumn.php","meta":{"inline_featured_image":false,"ngg_post_thumbnail":0,"footnotes":""},"class_list":["post-407","page","type-page","status-publish","hentry"],"_links":{"self":[{"href":"http:\/\/www2.unifap.br\/cis\/wp-json\/wp\/v2\/pages\/407","targetHints":{"allow":["GET"]}}],"collection":[{"href":"http:\/\/www2.unifap.br\/cis\/wp-json\/wp\/v2\/pages"}],"about":[{"href":"http:\/\/www2.unifap.br\/cis\/wp-json\/wp\/v2\/types\/page"}],"author":[{"embeddable":true,"href":"http:\/\/www2.unifap.br\/cis\/wp-json\/wp\/v2\/users\/205"}],"replies":[{"embeddable":true,"href":"http:\/\/www2.unifap.br\/cis\/wp-json\/wp\/v2\/comments?post=407"}],"version-history":[{"count":3,"href":"http:\/\/www2.unifap.br\/cis\/wp-json\/wp\/v2\/pages\/407\/revisions"}],"predecessor-version":[{"id":413,"href":"http:\/\/www2.unifap.br\/cis\/wp-json\/wp\/v2\/pages\/407\/revisions\/413"}],"wp:attachment":[{"href":"http:\/\/www2.unifap.br\/cis\/wp-json\/wp\/v2\/media?parent=407"}],"curies":[{"name":"wp","href":"https:\/\/api.w.org\/{rel}","templated":true}]}}