{"id":47,"date":"2015-03-27T12:46:45","date_gmt":"2015-03-27T12:46:45","guid":{"rendered":"http:\/\/www2.unifap.br\/cis\/?page_id=47"},"modified":"2017-08-10T16:27:55","modified_gmt":"2017-08-10T16:27:55","slug":"portarias","status":"publish","type":"page","link":"http:\/\/www2.unifap.br\/cis\/legislacao\/portarias\/","title":{"rendered":"Portarias e Resolu\u00e7\u00f5es"},"content":{"rendered":"<p><a href=\"http:\/\/cis.ufsc.br\/files\/2013\/06\/2519_2005.pdf\">Portaria 2.519 de 15\/05\/2005<\/a>\u00a0&#8211; Institui a Comiss\u00e3o Interna de Supervis\u00e3o do Plano de Carreira dos Cargos T\u00e9cnico-administrativos em Educa\u00e7\u00e3o, composta por representantes dos servidores.<\/p>\n<p><a href=\"http:\/\/cis.ufsc.br\/files\/2013\/06\/2562_2005.pdf\">Portaria 2.562 de 21\/07\/2005<\/a>&#8211;\u00a0D\u00e1 nova reda\u00e7\u00e3o aos arts. 2 o , 3 o e 5 o da Portaria n\u00ba 2.519, de 15 de julho de 2005.<\/p>\n","protected":false},"excerpt":{"rendered":"<p>Portaria 2.519 de 15\/05\/2005\u00a0&#8211; Institui a Comiss\u00e3o Interna de Supervis\u00e3o do Plano de Carreira dos Cargos T\u00e9cnico-administrativos em Educa\u00e7\u00e3o, composta por representantes dos servidores. Portaria 2.562 de 21\/07\/2005&#8211;\u00a0D\u00e1 nova reda\u00e7\u00e3o aos arts. 2 o , 3 o e 5 o&hellip; <\/p>\n<p><a href=\"http:\/\/www2.unifap.br\/cis\/legislacao\/portarias\/\" class=\"readmore-button\">Continue Reading<\/a><\/p>\n","protected":false},"author":359,"featured_media":0,"parent":43,"menu_order":0,"comment_status":"open","ping_status":"open","template":"","meta":{"inline_featured_image":false,"ngg_post_thumbnail":0,"footnotes":""},"class_list":["post-47","page","type-page","status-publish","hentry"],"_links":{"self":[{"href":"http:\/\/www2.unifap.br\/cis\/wp-json\/wp\/v2\/pages\/47","targetHints":{"allow":["GET"]}}],"collection":[{"href":"http:\/\/www2.unifap.br\/cis\/wp-json\/wp\/v2\/pages"}],"about":[{"href":"http:\/\/www2.unifap.br\/cis\/wp-json\/wp\/v2\/types\/page"}],"author":[{"embeddable":true,"href":"http:\/\/www2.unifap.br\/cis\/wp-json\/wp\/v2\/users\/359"}],"replies":[{"embeddable":true,"href":"http:\/\/www2.unifap.br\/cis\/wp-json\/wp\/v2\/comments?post=47"}],"version-history":[{"count":5,"href":"http:\/\/www2.unifap.br\/cis\/wp-json\/wp\/v2\/pages\/47\/revisions"}],"predecessor-version":[{"id":195,"href":"http:\/\/www2.unifap.br\/cis\/wp-json\/wp\/v2\/pages\/47\/revisions\/195"}],"up":[{"embeddable":true,"href":"http:\/\/www2.unifap.br\/cis\/wp-json\/wp\/v2\/pages\/43"}],"wp:attachment":[{"href":"http:\/\/www2.unifap.br\/cis\/wp-json\/wp\/v2\/media?parent=47"}],"curies":[{"name":"wp","href":"https:\/\/api.w.org\/{rel}","templated":true}]}}