{"id":49,"date":"2015-03-27T12:46:55","date_gmt":"2015-03-27T12:46:55","guid":{"rendered":"http:\/\/www2.unifap.br\/cis\/?page_id=49"},"modified":"2015-03-27T12:47:34","modified_gmt":"2015-03-27T12:47:34","slug":"decretos","status":"publish","type":"page","link":"http:\/\/www2.unifap.br\/cis\/legislacao\/decretos\/","title":{"rendered":"Decretos"},"content":{"rendered":"<p><a href=\"http:\/\/www.planalto.gov.br\/ccivil_03\/_Ato2004-2006\/2006\/Decreto\/D5707.htm\" target=\"_blank\">Decreto 5.707 de 23\/02\/2006<\/a> \u2013 Institui a Pol\u00edtica e as Diretrizes para o Desenvolvimento de Pessoal da administra\u00e7\u00e3o p\u00fablica federal direta, aut\u00e1rquica e fundacional, e regulamenta dispositivos da Lei n\u00ba 8.112, de 11 de dezembro de 1990.<\/p>\n<p><a href=\"http:\/\/www.planalto.gov.br\/ccivil_03\/_Ato2004-2006\/2006\/Decreto\/D5824.htm\" target=\"_blank\">Decreto 5.824 de 29\/06\/2006<\/a>\u00a0&#8211;\u00a0Estabelece os procedimentos para a concess\u00e3o do Incentivo \u00e0 Qualifica\u00e7\u00e3o e para a efetiva\u00e7\u00e3o do enquadramento por n\u00edvel de capacita\u00e7\u00e3o dos servidores integrantes do Plano de Carreira dos Cargos T\u00e9cnico-Administrativos em Educa\u00e7\u00e3o, institu\u00eddo pela Lei n\u00ba 11.091, de 12 de janeiro de 2005.<\/p>\n<p><a href=\"http:\/\/www.planalto.gov.br\/ccivil_03\/_ato2004-2006\/2006\/decreto\/d5825.htm\" target=\"_blank\">Decreto 5.825 de 29\/06\/2006<\/a>\u00a0&#8211;\u00a0Estabelece as diretrizes para elabora\u00e7\u00e3o do Plano de Desenvolvimento dos Integrantes do Plano de Carreira dos Cargos T\u00e9cnico-Administrativos em Educa\u00e7\u00e3o, institu\u00eddo pela Lei n\u00ba 11.091, de 12 de janeiro de 2005.<\/p>\n","protected":false},"excerpt":{"rendered":"<p>Decreto 5.707 de 23\/02\/2006 \u2013 Institui a Pol\u00edtica e as Diretrizes para o Desenvolvimento de Pessoal da administra\u00e7\u00e3o p\u00fablica federal direta, aut\u00e1rquica e fundacional, e regulamenta dispositivos da Lei n\u00ba 8.112, de 11 de dezembro de 1990. Decreto 5.824 de&hellip; <\/p>\n<p><a href=\"http:\/\/www2.unifap.br\/cis\/legislacao\/decretos\/\" class=\"readmore-button\">Continue Reading<\/a><\/p>\n","protected":false},"author":359,"featured_media":0,"parent":43,"menu_order":0,"comment_status":"open","ping_status":"open","template":"","meta":{"inline_featured_image":false,"ngg_post_thumbnail":0,"footnotes":""},"class_list":["post-49","page","type-page","status-publish","hentry"],"_links":{"self":[{"href":"http:\/\/www2.unifap.br\/cis\/wp-json\/wp\/v2\/pages\/49","targetHints":{"allow":["GET"]}}],"collection":[{"href":"http:\/\/www2.unifap.br\/cis\/wp-json\/wp\/v2\/pages"}],"about":[{"href":"http:\/\/www2.unifap.br\/cis\/wp-json\/wp\/v2\/types\/page"}],"author":[{"embeddable":true,"href":"http:\/\/www2.unifap.br\/cis\/wp-json\/wp\/v2\/users\/359"}],"replies":[{"embeddable":true,"href":"http:\/\/www2.unifap.br\/cis\/wp-json\/wp\/v2\/comments?post=49"}],"version-history":[{"count":2,"href":"http:\/\/www2.unifap.br\/cis\/wp-json\/wp\/v2\/pages\/49\/revisions"}],"predecessor-version":[{"id":51,"href":"http:\/\/www2.unifap.br\/cis\/wp-json\/wp\/v2\/pages\/49\/revisions\/51"}],"up":[{"embeddable":true,"href":"http:\/\/www2.unifap.br\/cis\/wp-json\/wp\/v2\/pages\/43"}],"wp:attachment":[{"href":"http:\/\/www2.unifap.br\/cis\/wp-json\/wp\/v2\/media?parent=49"}],"curies":[{"name":"wp","href":"https:\/\/api.w.org\/{rel}","templated":true}]}}