{"id":54,"date":"2015-03-27T12:53:42","date_gmt":"2015-03-27T12:53:42","guid":{"rendered":"http:\/\/www2.unifap.br\/cis\/?page_id=54"},"modified":"2017-06-19T21:58:49","modified_gmt":"2017-06-19T21:58:49","slug":"assedio-moral","status":"publish","type":"page","link":"http:\/\/www2.unifap.br\/cis\/assedio-moral\/","title":{"rendered":"Ass\u00e9dio Moral"},"content":{"rendered":"<p><a href=\"http:\/\/www2.unifap.br\/cis\/files\/2015\/03\/assedio-moral-1728x800_c.jpg\"><img decoding=\"async\" class=\"aligncenter size-medium wp-image-60\" alt=\"assedio-moral-1728x800_c\" src=\"http:\/\/www2.unifap.br\/cis\/files\/2015\/03\/assedio-moral-1728x800_c-300x138.jpg\" width=\"300\" height=\"138\" srcset=\"http:\/\/www2.unifap.br\/cis\/files\/2015\/03\/assedio-moral-1728x800_c-300x138.jpg 300w, http:\/\/www2.unifap.br\/cis\/files\/2015\/03\/assedio-moral-1728x800_c-1024x474.jpg 1024w, http:\/\/www2.unifap.br\/cis\/files\/2015\/03\/assedio-moral-1728x800_c-650x300.jpg 650w, http:\/\/www2.unifap.br\/cis\/files\/2015\/03\/assedio-moral-1728x800_c.jpg 1728w\" sizes=\"(max-width: 300px) 100vw, 300px\" \/><\/a><\/p>\n<p>Devido a procura de TAEs por informa\u00e7\u00f5es e procedimentos referentes a ass\u00e9dio moral, elaboramos algumas orienta\u00e7\u00f5es sobre como agir e a quem recorrer para denunciar.<\/p>\n<p>Se voc\u00ea se considera v\u00edtima de ass\u00e9dio moral, segue abaixo algumas dicas:<\/p>\n<ul>\n<li><strong>REGISTRAR<\/strong>: Anotar minuciosamente o dia, hor\u00e1rio, local, pessoas que presenciaram e descrever a situa\u00e7\u00e3o constrangedora e\/ou humilhante;<\/li>\n<li><strong>GRAVAR<\/strong>: procure andar com um gravador e registrar todas as situa\u00e7\u00f5es e depois arquiv\u00e1-las em computador fora do local de trabalho;<\/li>\n<li><strong>GUARDAR DOCUMENTOS E EMAILS<\/strong>: tudo que foi escrito referente ao processo de ass\u00e9dio deve ser impresso e guardado, de prefer\u00eancia fora do local de trabalho;<\/li>\n<li><strong>N\u00c3O FIQUE SOZINHO<\/strong>: converse com os colegas e exponha a situa\u00e7\u00e3o, e evite ficar sozinho com o assediador.<\/li>\n<li><strong>IDENTIFIQUE COLEGAS EM SITUA\u00c7\u00c3O SEMELHANTE<\/strong>: se houver colegas em situa\u00e7\u00f5es semelhantes, sugere-se cada um elaborar seus documentos e procurar aux\u00edlio conjuntamente.<\/li>\n<\/ul>\n<p><strong>\u00a0<\/strong><\/p>\n<p><strong>Voc\u00ea pode agendar reuni\u00e3o com a CIS\/UNIFAP para buscar ajuda.<\/strong><\/p>\n<p><strong>Contato: cis@unifap.br<\/strong><\/p>\n","protected":false},"excerpt":{"rendered":"<p>Devido a procura de TAEs por informa\u00e7\u00f5es e procedimentos referentes a ass\u00e9dio moral, elaboramos algumas orienta\u00e7\u00f5es sobre como agir e a quem recorrer para denunciar. Se voc\u00ea se considera v\u00edtima de ass\u00e9dio moral, segue abaixo algumas dicas: REGISTRAR: Anotar minuciosamente&hellip; <\/p>\n<p><a href=\"http:\/\/www2.unifap.br\/cis\/assedio-moral\/\" class=\"readmore-button\">Continue Reading<\/a><\/p>\n","protected":false},"author":359,"featured_media":0,"parent":0,"menu_order":0,"comment_status":"open","ping_status":"closed","template":"","meta":{"inline_featured_image":false,"ngg_post_thumbnail":0,"footnotes":""},"class_list":["post-54","page","type-page","status-publish","hentry"],"_links":{"self":[{"href":"http:\/\/www2.unifap.br\/cis\/wp-json\/wp\/v2\/pages\/54","targetHints":{"allow":["GET"]}}],"collection":[{"href":"http:\/\/www2.unifap.br\/cis\/wp-json\/wp\/v2\/pages"}],"about":[{"href":"http:\/\/www2.unifap.br\/cis\/wp-json\/wp\/v2\/types\/page"}],"author":[{"embeddable":true,"href":"http:\/\/www2.unifap.br\/cis\/wp-json\/wp\/v2\/users\/359"}],"replies":[{"embeddable":true,"href":"http:\/\/www2.unifap.br\/cis\/wp-json\/wp\/v2\/comments?post=54"}],"version-history":[{"count":6,"href":"http:\/\/www2.unifap.br\/cis\/wp-json\/wp\/v2\/pages\/54\/revisions"}],"predecessor-version":[{"id":147,"href":"http:\/\/www2.unifap.br\/cis\/wp-json\/wp\/v2\/pages\/54\/revisions\/147"}],"wp:attachment":[{"href":"http:\/\/www2.unifap.br\/cis\/wp-json\/wp\/v2\/media?parent=54"}],"curies":[{"name":"wp","href":"https:\/\/api.w.org\/{rel}","templated":true}]}}