{"id":10,"date":"2013-11-13T14:29:39","date_gmt":"2013-11-13T14:29:39","guid":{"rendered":"http:\/\/www2.unifap.br\/claudiomarcio\/?page_id=10"},"modified":"2015-04-18T22:48:26","modified_gmt":"2015-04-18T22:48:26","slug":"experiencia-profissional","status":"publish","type":"page","link":"http:\/\/www2.unifap.br\/claudiomarcio\/experiencia-profissional\/","title":{"rendered":"Experi\u00eancia Profissional"},"content":{"rendered":"<p><strong>Experi\u00eancia Acad\u00eamica<\/strong><\/p>\n<ul>\n<li>Professor de Gradua\u00e7\u00e3o desde 1997, tendo trabalhado em Institui\u00e7\u00f5es como UnP, FACEX e FAL, atuando em v\u00e1rias \u00e1reas, tais como:<\/li>\n<\/ul>\n<ol>\n<li>Na Computa\u00e7\u00e3o em An\u00e1lise de Sistemas, Banco de Dados, Engenharia de Software, Gest\u00e3o de Projetos (PMBOK) e Sistemas de Apoio a Decis\u00e3o;<\/li>\n<li>Na Administra\u00e7\u00e3o em Gest\u00e3o Estrat\u00e9gia, Gest\u00e3o de Inova\u00e7\u00e3o Tecnol\u00f3gica, Gest\u00e3o da Informa\u00e7\u00e3o e do Conhecimento, Metodologia Cient\u00edfica e Gest\u00e3o de Projetos<\/li>\n<\/ol>\n<ul>\n<li>Professor de P\u00f3s-gradua\u00e7\u00e3o desde 2005, tendo trabalhado em Institui\u00e7\u00f5es como UFRN, UnP, FACEX, FAL, Est\u00e1cio de S\u00e1, Faculdade dos Guararapes, atuando em v\u00e1rias \u00e1reas, tais como:<\/li>\n<\/ul>\n<ol>\n<li>Na \u00e1rea de exatas: Metodologia Cient\u00edfica, Banco de Dados e Gest\u00e3o de Projetos<\/li>\n<li>Na \u00e1rea de Gest\u00e3o: Gest\u00e3o Estrat\u00e9gica, Gest\u00e3o de TI, Governan\u00e7a de TI, Gest\u00e3o de Projetos (PMBOK) e Sistemas de Informa\u00e7\u00e3o.<\/li>\n<\/ol>\n<p><strong>Experi\u00eancia com Gest\u00e3o Universit\u00e1ria:<\/strong><\/p>\n<ul>\n<li>Pr\u00f3-Reitor de Gradua\u00e7\u00e3o da Universidade Potiguar (Natal-RN) &#8211; 2009 e 2010;<\/li>\n<li>Diretor de Qualidade Acad\u00eamica\u00a0da Universidade Potiguar (Natal-RN) &#8211; 2013;<\/li>\n<li>Diretor de Tecnologia da Informa\u00e7\u00e3o\u00a0da Universidade Potiguar (Natal-RN) &#8211; 2004 a 2009;<\/li>\n<li>Diretor Adjunto do Curso de Sistemas de Informa\u00e7\u00e3o &#8211; 2003 a 2004;<\/li>\n<li>Coordenador do Projeto de Extens\u00e3o &#8211; Inform\u00e1tica Cidad\u00e3 &#8211; 2006 a 2013;<\/li>\n<li>Coordenador da \u00e1rea de Tecnologia da Informa\u00e7\u00e3o da Educa\u00e7\u00e3o \u00e0 dist\u00e2ncia da Universidade Potiguar;<\/li>\n<li>Consultor em Tecnologia da Informa\u00e7\u00e3o para empresas do RN;<\/li>\n<\/ul>\n<p><strong>Experi\u00eancia nas \u00e1reas de Tecnologia da informa\u00e7\u00e3o<\/strong><\/p>\n<ul>\n<li>Consultor no DETRAN-RN na \u00e1rea de Banco de dados;<\/li>\n<li>Analista de Sistemas<\/li>\n<li>Programador<\/li>\n<li>Digitador<\/li>\n<\/ul>\n<p><strong><br \/>\n<\/strong><\/p>\n","protected":false},"excerpt":{"rendered":"<p>Experi\u00eancia Acad\u00eamica Professor de Gradua\u00e7\u00e3o desde 1997, tendo trabalhado em Institui\u00e7\u00f5es como UnP, FACEX e FAL, atuando em v\u00e1rias \u00e1reas, tais como: Na Computa\u00e7\u00e3o em An\u00e1lise de Sistemas, Banco de Dados, Engenharia de Software, Gest\u00e3o de Projetos (PMBOK) e Sistemas&hellip; <\/p>\n<p><a href=\"http:\/\/www2.unifap.br\/claudiomarcio\/experiencia-profissional\/\" class=\"readmore-button\">Continue Reading<\/a><\/p>\n","protected":false},"author":365,"featured_media":0,"parent":0,"menu_order":2,"comment_status":"open","ping_status":"open","template":"","meta":{"inline_featured_image":false,"ngg_post_thumbnail":0,"footnotes":""},"class_list":["post-10","page","type-page","status-publish","hentry"],"_links":{"self":[{"href":"http:\/\/www2.unifap.br\/claudiomarcio\/wp-json\/wp\/v2\/pages\/10","targetHints":{"allow":["GET"]}}],"collection":[{"href":"http:\/\/www2.unifap.br\/claudiomarcio\/wp-json\/wp\/v2\/pages"}],"about":[{"href":"http:\/\/www2.unifap.br\/claudiomarcio\/wp-json\/wp\/v2\/types\/page"}],"author":[{"embeddable":true,"href":"http:\/\/www2.unifap.br\/claudiomarcio\/wp-json\/wp\/v2\/users\/365"}],"replies":[{"embeddable":true,"href":"http:\/\/www2.unifap.br\/claudiomarcio\/wp-json\/wp\/v2\/comments?post=10"}],"version-history":[{"count":6,"href":"http:\/\/www2.unifap.br\/claudiomarcio\/wp-json\/wp\/v2\/pages\/10\/revisions"}],"predecessor-version":[{"id":389,"href":"http:\/\/www2.unifap.br\/claudiomarcio\/wp-json\/wp\/v2\/pages\/10\/revisions\/389"}],"wp:attachment":[{"href":"http:\/\/www2.unifap.br\/claudiomarcio\/wp-json\/wp\/v2\/media?parent=10"}],"curies":[{"name":"wp","href":"https:\/\/api.w.org\/{rel}","templated":true}]}}