{"id":21,"date":"2013-11-13T17:39:28","date_gmt":"2013-11-13T17:39:28","guid":{"rendered":"http:\/\/www2.unifap.br\/claudiomarcio\/?page_id=21"},"modified":"2015-10-04T15:29:54","modified_gmt":"2015-10-04T15:29:54","slug":"producao-cientifica","status":"publish","type":"page","link":"http:\/\/www2.unifap.br\/claudiomarcio\/producao-cientifica\/","title":{"rendered":"Produ\u00e7\u00e3o Cient\u00edfica"},"content":{"rendered":"<p><span style=\"color: #ff0000\"><strong>Artigos em Revistas Cient\u00edficas:<\/strong><\/span><\/p>\n<p><b>MENDON\u00c7A, C. M. C.<\/b>\u00a0; SOUSA NETO, M. V. ; GUERRA, L. C. B. ; MENDONCA, A. V. P. M. . POL\u00cdTICAS DE ACESSO \u00c0 EDUCA\u00c7\u00c3O SUPERIOR E DESEMPENHO DE ALUNOS BOLSISTAS: O CASO DE UMA UNIVERSIDADE PRIVADA DE NATAL\/RN (Qualis B3). Revista Eletr\u00f4nica do Mestrado Profissional em Administra\u00e7\u00e3o, v. 7, p. 16-29, 2015.<\/p>\n<p>Quais B3\u00a0<a href=\"http:\/\/www2.unifap.br\/claudiomarcio\/files\/2013\/11\/B3-2015-RAUNP-2015-POL\u00cdTICAS-DE-ACESSO-\u00c0-EDUCA\u00c7\u00c3O-SUPERIOR-E-DESEMPENHO-DE-ALUNOS-BOLSISTAS-O-CASO-DE-UMA-UNIVERSIDADE-PRIVADA-DE-NATALRN.pdf\">B3 2015 RAUNP 2015 POL\u00cdTICAS DE ACESSO \u00c0 EDUCA\u00c7\u00c3O SUPERIOR E DESEMPENHO DE ALUNOS BOLSISTAS- O CASO DE UMA UNIVERSIDADE PRIVADA DE NATAL:RN<\/a><\/p>\n<p><strong><\/strong><b>MENDON\u00c7A, C. M. C.<\/b> ; PEREIRA, G. R. B. ; SOUSA NETO, M. V. . GOVERNAN\u00c7A DE TI: M\u00c9TODOS CIENT\u00cdFICOS NAS PUBLICA\u00c7\u00d5ES DE TECNOLOGIA DA INFORMA\u00c7\u00c3O EM ADMINISTRA\u00c7\u00c3O. Connexio &#8211; Revista Cient\u00edfica da Escola de Gest\u00e3o e Neg\u00f3cios, v. 1, p. 121-133, 2015.<\/p>\n<p>Qualis B3\u00a0<a href=\"http:\/\/www2.unifap.br\/claudiomarcio\/files\/2013\/11\/B3-2015-Connexio-Governan\u00e7a-de-TI.pdf\">B3 2015 Connexio Governan\u00e7a de TI<\/a><\/p>\n<p>L. F. L. G. COSTA ; <b>MENDON\u00c7A, C. M. C.<\/b> ; RODRIGUES JUNIOR, G. ; ARAUJO, M. V. P. ; ALLOUFA, J. M. L. . Conflitos Organizacionais entre Gera\u00e7\u00f5es: um estudo emp\u00edrico com a equipe de desenvolvimento de software do IFRN (Qualis B3). Holos (Natal. Online), v. 4, p. 361-374, 2014.<\/p>\n<p>Qualis B3\u00a0<a href=\"http:\/\/www2.unifap.br\/claudiomarcio\/files\/2013\/11\/B3-2014-Holos-Conflitos-Organizacionais.pdf\">B3 2014 Holos Conflitos Organizacionais<\/a><\/p>\n<p><strong>MENDONCA, C. M. C.<\/strong> ; GUERRA, L. C. B. ; SOUSA NETO, M. V. ; ARAUJO, A. G. . Governan\u00e7a de tecnologia da informa\u00e7\u00e3o: um estudo do processo decis\u00f3rio em organiza\u00e7\u00f5es p\u00fablicas e privadas. Revista de Administra\u00e7\u00e3o P\u00fablica (Impresso), v. 47, p. 443-468, 2013.<\/p>\n<p>Qualis A2\u00a0<span style=\"text-decoration: underline\"><a href=\"http:\/\/www2.unifap.br\/claudiomarcio\/files\/2013\/11\/A2-2013-RAP-Governan\u00e7a-P\u00fablico-x-Privado.pdf\">A2 2013 RAP Governan\u00e7a P\u00fablico x Privado<\/a><\/span><\/p>\n<p>J\u00daLIO ; FELIPE, I. J. S. ; BEZERRA, I. W. L. ; <strong>MENDONCA, C. M. C.<\/strong> ; MOL, A. L. R. . A RELA\u00c7\u00c3O ENTRE AS DESPESAS COM EDUCA\u00c7\u00c3O E O RESULTADO DO IDEB NA REGI\u00c3O METROPOLITANA DE NATAL-RN. T\u00e9khne In L\u00f3gos, v. 4, p. 150-167, 2013.<\/p>\n<p>Qualis B3\u00a0<span style=\"text-decoration: underline\"><a href=\"http:\/\/www2.unifap.br\/claudiomarcio\/files\/2013\/11\/B3-2013-Tekhne-e-Logos-Rela\u00e7\u00e3o-Despesas-e-IDEB.pdf\">B3 2013 Tekhne e Logos Rela\u00e7\u00e3o Despesas e IDEB<\/a><\/span><\/p>\n<p>GUERRA, L. C. B. ; <strong>MENDONCA, C. M. C.<\/strong> ; COSTA, D. M. S. ; SOUZA, D. L. . COMPRAS COLETIVAS: CLIENTES DE SEGUNDA CLASSE ? UMA AVALIA\u00c7\u00c3O DA QUALIDADE DO SERVI\u00c7O DE UMA EMPRESA NATALENSE DO SEGMENTO DE FAST-FOOD. CONNEXIO Revista Eletr\u00f4nica da Escola de Gest\u00e3o e Neg\u00f3cio, v. 1, p. 21-39, 2013.<\/p>\n<p>Qualis B4\u00a0<span style=\"text-decoration: underline\"><a href=\"http:\/\/www2.unifap.br\/claudiomarcio\/files\/2013\/11\/B4-2013-Connexio-Fast-Food.pdf\">B4 2013 Connexio Fast Food<\/a><\/span><\/p>\n<p>SOUTO, N. I. ; <strong>MENDONCA, C. M. C.<\/strong> . TV DIGITAL NO BRASIL: ESTUDOS CIENT\u00edFICOS X APLICA\u00c7\u00c3O NO MERCADO. Revista Eletr\u00f4nica Mestrado em Administra\u00e7\u00e3o, v. 5, p. 99-108, 2013.<\/p>\n<p>Qualis B3\u00a0<span style=\"text-decoration: underline\"><a href=\"http:\/\/www2.unifap.br\/claudiomarcio\/files\/2013\/11\/B3-2013-RAUNP-2013-TV-Digital.pdf\">B3 2013 RAUNP 2013 TV Digital<\/a><\/span><\/p>\n<p>GUERRA, L. C. de B. ; <strong>MENDONCA, C. M. C.<\/strong> ; SOUSA NETO, M. V. ; FERNANDES, A. S. A. . An\u00e1lise epistemol\u00f3gica da nova administra\u00e7\u00e3o p\u00fablica \u00e0 luz de Kuhn e Popper. Revista Eletr\u00f4nica Mestrado em Administra\u00e7\u00e3o, v. 1, p. 43-53, 2012.<\/p>\n<p>Qualis B3\u00a0<span style=\"text-decoration: underline\"><a href=\"http:\/\/www2.unifap.br\/claudiomarcio\/files\/2013\/11\/B3-2012-RAUNP-2012.pdf\">B3 2012 RAUNP 2012<\/a><\/span><\/p>\n<p><strong><\/strong><strong>MENDONCA, C. M. C.<\/strong> ; SOUSA NETO, M. V. . O Perfil do Chief Information Officer (CIO) e a sua Percep\u00e7\u00e3o com rela\u00e7\u00e3o aos arranjos de Governan\u00e7a de TI. Revista de Economia e Administra\u00e7\u00e3o (Impresso), v. 11, p. 250-272, 2012.<\/p>\n<p>Qualis B3\u00a0<span style=\"text-decoration: underline\"><a href=\"http:\/\/www2.unifap.br\/claudiomarcio\/files\/2013\/11\/B3-2012-Revista-e-Planejamento-O-perfil-do-Chief-Information-_8002.pdf\">B3 2012 Revista e Planejamento O-perfil-do-Chief-Information-_8002<\/a><\/span><\/p>\n<p><strong><\/strong><strong>MENDONCA, C. M. C.<\/strong> ; N\u00f3brega, Kleber Cavalcanti ; CAMPOS, D. F. ; SOUZA, T. . AN\u00c1LISE DA IMPORT\u00c2NCIA, DESEMPENHO E INFLU\u00caNCIA DE SERVI\u00c7OS NA RETEN\u00c7\u00c3O DE ALUNOS EM CURSO DE ADMINISTRA\u00c7\u00c3O. Gestao e Planejamento, v. 13, p. 294-314, 2012.<\/p>\n<p>Qualis B2\u00a0<span style=\"text-decoration: underline\"><a href=\"http:\/\/www2.unifap.br\/claudiomarcio\/files\/2013\/11\/B2-2012-Unifacs-Import\u00e2ncia-Desempenho-2012.pdf\">B2 2012 Unifacs Import\u00e2ncia Desempenho 2012<\/a><\/span><\/p>\n<p>GUERRA, L. C. de B. ; <strong>MENDONCA, C. M. C.<\/strong> ; SOUSA NETO, M. V. ; SOUZA, T. ; FERNANDES, A. S. A. . OPORTUNIDADES E DESAFIOS DAS PR\u00c1TICAS E DA GEST\u00c3O DE ENSINO DE ADMINISTRA\u00c7\u00c3O A DIST\u00c2NCIA. Gestao e Planejamento, v. 13, p. 425-443, 2012.<\/p>\n<p>Qualis B2\u00a0<span style=\"text-decoration: underline\"><a href=\"http:\/\/www2.unifap.br\/claudiomarcio\/files\/2013\/11\/B2-2012-Mobile-LEarning-B2-Unifacs.pdf\">B2 2012 Mobile LEarning B2 Unifacs<\/a><\/span><\/p>\n<p>GUERRA, L. C. de B. ; <strong>MENDONCA, C. M. C.<\/strong> ; GUERRA, F. O. ; SILVA, J. M. I. ; FERNANDES, A. S. A. . Pr\u00e1ticas de gest\u00e3o em organiza\u00e7\u00f5es sociais: um estudo de caso do MLST\/RN. Revista Ci\u00eancias Administrativas (UNIFOR), v. 18, p. 268-300, 2012.<\/p>\n<p>Qualis B4\u00a0<span style=\"text-decoration: underline\"><a href=\"http:\/\/www2.unifap.br\/claudiomarcio\/files\/2013\/11\/B4-2012-MLST.pdf\">B4 2012 MLST<\/a><\/span><\/p>\n<p><strong><span style=\"color: #ff0000\">Livros Publicados<\/span><\/strong><\/p>\n<p><strong>1.<\/strong><strong>MENDONCA, C. M. C.<\/strong> . Gest\u00e3o de Processos. 1. ed. Natal: Editora UnP, 2010. v. 1. 205p .<\/p>\n<p><span style=\"color: #ff0000\"><strong>Cap\u00edtulos de Livros<\/strong><\/span><\/p>\n<p><strong>1.<\/strong><strong>MENDONCA, C. M. C.<\/strong> . Sistemas de informa\u00e7\u00e3o e a gest\u00e3o da tecnologia da informa\u00e7\u00e3o. In: Lenin Cavalcanti Brito Guerra, Luciana Lopes Xavier, Michelle Cristine Mazzetto Betti. (Org.). Temas em Gest\u00e3o Empresarial. 1ed.Natal: EdUnP, 2012, v. 1, p. 115-144.<\/p>\n<p><strong>2. <\/strong><strong>MENDONCA, C. M. C.<\/strong> . Sistemas de Informa\u00e7\u00f5es de Recursos Humanos. In: Lenin Cavalcanti Brito Guerra, Luciana Lopes Xavier, Michelle Cristine Mazzetto Betti. (Org.). Temas em Gest\u00e3o de Pessoas. 1ed.Natal: EdUnP, 2012, v. 1, p. 151-176.<\/p>\n<p><strong>3. <\/strong><strong>MENDONCA, C. M. C.<\/strong> ; SOUSA NETO, M. V. . O Perfil do Gerente de TI e a sua Percep\u00e7\u00e3o com rela\u00e7\u00e3o aos Arranjos de Governan\u00e7a de TI. In: Manoel Veras de Sousa Neto; Anat\u00e1lia Saraiva MArtins Ramos. (Org.). Gest\u00e3o da Tecnologia da Informa\u00e7\u00e3o &#8211; Casos e Textos Nacionais. 1ed.Natal: EDUFRN, 2011, v. 1, p. 272-291.<\/p>\n<p><span style=\"color: #ff0000\"><strong>Trabalhos completos publicados em anais de congressos<\/strong><\/span><\/p>\n<p><b>1.\u00a0<\/b><b>MENDON\u00c7A, C. M. C.<\/b> ; PEREIRA, G. R. B. . Governan\u00e7a de TI: M\u00e9todos Cient\u00edficos nas Publica\u00e7\u00f5es de Tecnologia da Informa\u00e7\u00e3o em Administra\u00e7\u00e3o. In: XXXVIII Encontro da ANPAD &#8211; EnANPAD 2014, 2014, Rio de Janeiro. Governan\u00e7a de TI: M\u00e9todos Cient\u00edficos nas Publica\u00e7\u00f5es de Tecnologia da Informa\u00e7\u00e3o em Administra\u00e7\u00e3o, 2014.<\/p>\n<p><b>2.\u00a0<\/b><b>MENDONCA, C. M. C.<\/b> ; SOUSA NETO, M. V. . THE PROFILE OF THE DECISION OF CHIEF INFORMATION OFFICER (CIO) AND ITS PERCEPTION ARRANGEMENTS WITH RESPECT TO IT GOVERNANCE. In: 8\u00ba CONTECSI &#8211; International Conference on Information Systems and Technology Management, 2011, S\u00e3o Paulo. Resumos e Anais dos trabalhos. S\u00e3o Paulo: TECSI EAC FEA USP, 2011. v. 1. p. 367-384.<\/p>\n<p><b>3.\u00a0<\/b><b>MENDONCA, C. M. C.<\/b> ; SOUSA NETO, M. V. ; GUERRA, L. C. B. . O Perfil dos Dirigentes de TI de uma Capital Brasileira e a sua Percep\u00e7\u00e3o com rela\u00e7\u00e3o a Estrat\u00e9gia e Arranjos de Governan\u00e7a de TI. In: XXXV ENANPAD, 2011, Rio de Janeiro. Anais do XXXV ENANPAD 2011, 2011.<\/p>\n<p><b>4.\u00a0<\/b><b>MENDONCA, C. M. C.<\/b> ; N\u00f3brega, Kleber Cavalcanti ; CAMPOS, D. F. ; SOUZA, T. . The Importance of Central, Complementary and Supplementary Services Offered by a University in Student Retention. In: POMS 2010 Annual Conference Operations in emerging economies, 2010, Vancouver. POMS 2010 Annual Conference Operations in emerging economies, 2010.<\/p>\n<p><b>5.\u00a0<\/b><b style=\"line-height: 1.5em\">MENDONCA, C. M. C.<\/b><span style=\"line-height: 1.5em\"> ; Arruda ; Xavier ; GOMES, S. S. . Concep\u00e7\u00e3o, desenlvolvimento e implanta\u00e7\u00e3o de nova metodologia de ensino-aprendizagem apoiada em recursos tecnol\u00f3gicos: Um estudo de caso. In: 14o. Congresso Internacional ABED de Educa\u00e7\u00e3o a dist\u00e2ncia, 2008, Santos. 14o. Congresso Internacional ABED de Educa\u00e7\u00e3o a dist\u00e2ncia, 2008.<\/span><\/p>\n<p><strong style=\"color: #ff0000;line-height: 1.5em\">Apresenta\u00e7\u00f5es de Trabalho<\/strong><\/p>\n<p><strong>1.<\/strong><strong>MENDONCA, C. M. C.<\/strong> ; Arruda ; Xavier . Proposta de Simulador para An\u00e1lise de Viabilidade Financeira para Cursos Superiores a Dist\u00e2ncia. 2010. (Apresenta\u00e7\u00e3o de Trabalho\/Congresso).<\/p>\n<p><strong>2.<\/strong><strong>MENDONCA, C. M. C.<\/strong> ; Souza, J. M. ; Silva, J. C. Le\u00e3o ; GOMES, Lenice Maria ; SILVA, S. Barbosa . A utiliza\u00e7\u00e3o de Sistemas de Informa\u00e7\u00f5es nos ambientes de opera\u00e7\u00f5es gerenciais e estrat\u00e9gicos do hospital Dr. Jos\u00e9 Pedro Bezerra. 2008. (Apresenta\u00e7\u00e3o de Trabalho\/Comunica\u00e7\u00e3o).<\/p>\n<p><strong>3. <\/strong><strong>MENDONCA, C. M. C.<\/strong> ; MARCELINO, George Fernandes ; PEREIRA, H. E. de A. . Sistemas de Informa\u00e7\u00e3o utilizado pelo programa da farm\u00e1cia popular do Brasil. 2008. (Apresenta\u00e7\u00e3o de Trabalho\/Comunica\u00e7\u00e3o).<\/p>\n<p><strong>4.<\/strong><strong>MENDONCA, C. M. C.<\/strong> ; SOUZA, R. C. . Sistema de Georeferencimento cont\u00ednuo. 2008. (Apresenta\u00e7\u00e3o de Trabalho\/Comunica\u00e7\u00e3o).<\/p>\n<p><strong>5. <\/strong><strong>MENDONCA, C. M. C.<\/strong> ; SILVA, A. Florencio . A utiliza\u00e7\u00e3o de SI nos ambientes de opera\u00e7\u00f5es gerenciais e estrat\u00e9gicos do Centro Integrado de Opera\u00e7\u00f2es de Seguran\u00e7a P\u00fablica (CIOSP). 2008. (Apresenta\u00e7\u00e3o de Trabalho\/Comunica\u00e7\u00e3o).<\/p>\n<p><strong>6. <\/strong>N\u00f3brega, Kleber Cavalcanti ; <strong>MENDONCA, C. M. C.<\/strong> . Uma Revis\u00e3o dos Modelos de Avalia\u00e7\u00e3o da Qualidade em Servi\u00e7os, Servqual, Kano e Matriz de Oportunidades. 2008. (Apresenta\u00e7\u00e3o de Trabalho\/Congresso).<\/p>\n<p><strong>7.<\/strong><strong>MENDONCA, C. M. C.<\/strong> ; NASCIMENTO, A. S. S. ; LIMA, E. C. ; Souza. M. E. N. . Sistemas de Informa\u00e7\u00e3o na Governadoria. 2008. (Apresenta\u00e7\u00e3o de Trabalho\/Congresso).<\/p>\n<p><strong>8. <\/strong><strong>MENDONCA, C. M. C.<\/strong> . A import\u00e2ncia do Business Intelligence no CRM anal\u00edtico como fator de sucesso na Estrat\u00e9gia de CRM. 2006. (Apresenta\u00e7\u00e3o de Trabalho\/Congresso).<\/p>\n<p><strong>9.<\/strong><strong>MENDONCA, C. M. C.<\/strong> . Confer\u00eancia Gerenciamento da Cadeia de Suprimentos e CRM. 2003. (Apresenta\u00e7\u00e3o de Trabalho\/Confer\u00eancia ou palestra).<\/p>\n<p><strong>10. <\/strong><strong>MENDONCA, C. M. C.<\/strong> ; PEREIRA, S. A. ; PINTO, R. M. . Business Intelligence. 2003. (Apresenta\u00e7\u00e3o de Trabalho\/Congresso).<\/p>\n<p><strong>11.<\/strong><strong>MENDONCA, C. M. C.<\/strong> ; NICOLETTI, G. P. ; BARBOSA, C. M. P. A. ; SILVA, L. A. ; SIMAS, R. R. D. G. . Minera\u00e7\u00e3o de Dados com Front-End WEB. 2003. (Apresenta\u00e7\u00e3o de Trabalho\/Congresso).<\/p>\n<p><strong>12. <\/strong><strong>MENDONCA, C. M. C.<\/strong> . Datawarehousing com SQL SERVER 2000. 2002. (Apresenta\u00e7\u00e3o de Trabalho\/Confer\u00eancia ou palestra).<\/p>\n<p>&nbsp;<\/p>\n<p>&nbsp;<\/p>\n","protected":false},"excerpt":{"rendered":"<p>Artigos em Revistas Cient\u00edficas: MENDON\u00c7A, C. M. C.\u00a0; SOUSA NETO, M. V. ; GUERRA, L. C. B. ; MENDONCA, A. V. P. M. . POL\u00cdTICAS DE ACESSO \u00c0 EDUCA\u00c7\u00c3O SUPERIOR E DESEMPENHO DE ALUNOS BOLSISTAS: O CASO DE UMA UNIVERSIDADE&hellip; <\/p>\n<p><a href=\"http:\/\/www2.unifap.br\/claudiomarcio\/producao-cientifica\/\" class=\"readmore-button\">Continue Reading<\/a><\/p>\n","protected":false},"author":365,"featured_media":0,"parent":0,"menu_order":3,"comment_status":"open","ping_status":"open","template":"","meta":{"inline_featured_image":false,"ngg_post_thumbnail":0,"footnotes":""},"class_list":["post-21","page","type-page","status-publish","hentry"],"_links":{"self":[{"href":"http:\/\/www2.unifap.br\/claudiomarcio\/wp-json\/wp\/v2\/pages\/21","targetHints":{"allow":["GET"]}}],"collection":[{"href":"http:\/\/www2.unifap.br\/claudiomarcio\/wp-json\/wp\/v2\/pages"}],"about":[{"href":"http:\/\/www2.unifap.br\/claudiomarcio\/wp-json\/wp\/v2\/types\/page"}],"author":[{"embeddable":true,"href":"http:\/\/www2.unifap.br\/claudiomarcio\/wp-json\/wp\/v2\/users\/365"}],"replies":[{"embeddable":true,"href":"http:\/\/www2.unifap.br\/claudiomarcio\/wp-json\/wp\/v2\/comments?post=21"}],"version-history":[{"count":9,"href":"http:\/\/www2.unifap.br\/claudiomarcio\/wp-json\/wp\/v2\/pages\/21\/revisions"}],"predecessor-version":[{"id":378,"href":"http:\/\/www2.unifap.br\/claudiomarcio\/wp-json\/wp\/v2\/pages\/21\/revisions\/378"}],"wp:attachment":[{"href":"http:\/\/www2.unifap.br\/claudiomarcio\/wp-json\/wp\/v2\/media?parent=21"}],"curies":[{"name":"wp","href":"https:\/\/api.w.org\/{rel}","templated":true}]}}