{"id":23,"date":"2013-11-13T17:40:58","date_gmt":"2013-11-13T17:40:58","guid":{"rendered":"http:\/\/www2.unifap.br\/claudiomarcio\/?page_id=23"},"modified":"2013-11-13T17:40:58","modified_gmt":"2013-11-13T17:40:58","slug":"resumo-vida-profissional-e-academica","status":"publish","type":"page","link":"http:\/\/www2.unifap.br\/claudiomarcio\/resumo-vida-profissional-e-academica\/","title":{"rendered":"Resumo Vida Profissional e Acad\u00eamica"},"content":{"rendered":"<p>Ol\u00e1 Pessoal,<\/p>\n<p>Sou Doutorando em Administra\u00e7\u00e3o pelo PPGA\/UFRN, Mestrado em administra\u00e7\u00e3o, Especializa\u00e7\u00f5es: MBA em Gest\u00e3o da Tecnologia da Informa\u00e7\u00e3o e Gest\u00e3o Universit\u00e1ria. Gradua\u00e7\u00e3o em Processamento de Dados (1996) e Administra\u00e7\u00e3o (2012) pela Universidade Potiguar &#8211; UnP. Atualmente sou Professor com Dedica\u00e7\u00e3o Exclusiva na Universidade Federal do Amap\u00e1. Tenho experi\u00eancia nas \u00e1reas de tecnologia da informa\u00e7\u00e3o, educa\u00e7\u00e3o a dist\u00e2ncia e gest\u00e3o de ensino superior. Sou Professor Universit\u00e1rio desde 1997, lecionando disciplinas principalmente nos cursos de Sistemas de Informa\u00e7\u00e3o, Administra\u00e7\u00e3o e Gest\u00e3o P\u00fablica, al\u00e9m de disciplinas de P\u00f3s-Gradua\u00e7\u00e3o lato sensu. Tamb\u00e9m j\u00e1 atuei como Diretor de TI, Pr\u00f3-Reitor de Gradua\u00e7\u00e3o e Diretor de Qualidade Acad\u00eamica de um Universidade Privada.<\/p>\n<p>&nbsp;<\/p>\n","protected":false},"excerpt":{"rendered":"<p>Ol\u00e1 Pessoal, Sou Doutorando em Administra\u00e7\u00e3o pelo PPGA\/UFRN, Mestrado em administra\u00e7\u00e3o, Especializa\u00e7\u00f5es: MBA em Gest\u00e3o da Tecnologia da Informa\u00e7\u00e3o e Gest\u00e3o Universit\u00e1ria. Gradua\u00e7\u00e3o em Processamento de Dados (1996) e Administra\u00e7\u00e3o (2012) pela Universidade Potiguar &#8211; UnP. Atualmente sou Professor com&hellip; <\/p>\n<p><a href=\"http:\/\/www2.unifap.br\/claudiomarcio\/resumo-vida-profissional-e-academica\/\" class=\"readmore-button\">Continue Reading<\/a><\/p>\n","protected":false},"author":365,"featured_media":0,"parent":0,"menu_order":0,"comment_status":"open","ping_status":"open","template":"","meta":{"inline_featured_image":false,"ngg_post_thumbnail":0,"footnotes":""},"class_list":["post-23","page","type-page","status-publish","hentry"],"_links":{"self":[{"href":"http:\/\/www2.unifap.br\/claudiomarcio\/wp-json\/wp\/v2\/pages\/23","targetHints":{"allow":["GET"]}}],"collection":[{"href":"http:\/\/www2.unifap.br\/claudiomarcio\/wp-json\/wp\/v2\/pages"}],"about":[{"href":"http:\/\/www2.unifap.br\/claudiomarcio\/wp-json\/wp\/v2\/types\/page"}],"author":[{"embeddable":true,"href":"http:\/\/www2.unifap.br\/claudiomarcio\/wp-json\/wp\/v2\/users\/365"}],"replies":[{"embeddable":true,"href":"http:\/\/www2.unifap.br\/claudiomarcio\/wp-json\/wp\/v2\/comments?post=23"}],"version-history":[{"count":1,"href":"http:\/\/www2.unifap.br\/claudiomarcio\/wp-json\/wp\/v2\/pages\/23\/revisions"}],"predecessor-version":[{"id":24,"href":"http:\/\/www2.unifap.br\/claudiomarcio\/wp-json\/wp\/v2\/pages\/23\/revisions\/24"}],"wp:attachment":[{"href":"http:\/\/www2.unifap.br\/claudiomarcio\/wp-json\/wp\/v2\/media?parent=23"}],"curies":[{"name":"wp","href":"https:\/\/api.w.org\/{rel}","templated":true}]}}