{"id":6,"date":"2013-11-13T14:16:08","date_gmt":"2013-11-13T14:16:08","guid":{"rendered":"http:\/\/www2.unifap.br\/claudiomarcio\/?page_id=6"},"modified":"2015-12-12T18:50:36","modified_gmt":"2015-12-12T18:50:36","slug":"informacoes-do-professor-claudio-marcio","status":"publish","type":"page","link":"http:\/\/www2.unifap.br\/claudiomarcio\/informacoes-do-professor-claudio-marcio\/","title":{"rendered":"Forma\u00e7\u00e3o Acad\u00eamica"},"content":{"rendered":"<p>Ol\u00e1 Pessoal,<\/p>\n<p>abaixo seguem algumas informa\u00e7\u00f5es sobre a minha forma\u00e7\u00e3o.<\/p>\n<p>Gradua\u00e7\u00e3o:<\/p>\n<ul>\n<li>Processamento de Dados<\/li>\n<li>Administra\u00e7\u00e3o<\/li>\n<\/ul>\n<p>P\u00f3s-Gradua\u00e7\u00e3o (Especializa\u00e7\u00e3o):<\/p>\n<ul>\n<li>MBA em Gest\u00e3o Avan\u00e7ada de TI<\/li>\n<li>Gest\u00e3o Universit\u00e1ria<\/li>\n<\/ul>\n<p>Mestrado:<\/p>\n<ul>\n<li>Administra\u00e7\u00e3o (\u00e1rea de pesquisa: Marketing de Servi\u00e7o \/ Avalia\u00e7\u00e3o da Qualidade de Servi\u00e7o)<\/li>\n<\/ul>\n<p>Doutorado:<\/p>\n<ul>\n<li>Administra\u00e7\u00e3o &#8211; UFRN (\u00e1rea de pesquisa: Governan\u00e7a de TI e Computa\u00e7\u00e3o em Nuvem)<\/li>\n<\/ul>\n<p>Para informa\u00e7\u00f5es mais detalhadas acesse o link abaixo do curriculo lattes<\/p>\n<p><a href=\"http:\/\/buscatextual.cnpq.br\/buscatextual\/visualizacv.do?id=K4775434E0\" target=\"_blank\">http:\/\/buscatextual.cnpq.br\/buscatextual\/visualizacv.do?id=K4775434E0<\/a><\/p>\n<p>&nbsp;<\/p>\n<p>&nbsp;<\/p>\n","protected":false},"excerpt":{"rendered":"<p>Ol\u00e1 Pessoal, abaixo seguem algumas informa\u00e7\u00f5es sobre a minha forma\u00e7\u00e3o. Gradua\u00e7\u00e3o: Processamento de Dados Administra\u00e7\u00e3o P\u00f3s-Gradua\u00e7\u00e3o (Especializa\u00e7\u00e3o): MBA em Gest\u00e3o Avan\u00e7ada de TI Gest\u00e3o Universit\u00e1ria Mestrado: Administra\u00e7\u00e3o (\u00e1rea de pesquisa: Marketing de Servi\u00e7o \/ Avalia\u00e7\u00e3o da Qualidade de Servi\u00e7o) Doutorado:&hellip; <\/p>\n<p><a href=\"http:\/\/www2.unifap.br\/claudiomarcio\/informacoes-do-professor-claudio-marcio\/\" class=\"readmore-button\">Continue Reading<\/a><\/p>\n","protected":false},"author":365,"featured_media":0,"parent":0,"menu_order":1,"comment_status":"open","ping_status":"open","template":"","meta":{"inline_featured_image":false,"ngg_post_thumbnail":0,"footnotes":""},"class_list":["post-6","page","type-page","status-publish","hentry"],"_links":{"self":[{"href":"http:\/\/www2.unifap.br\/claudiomarcio\/wp-json\/wp\/v2\/pages\/6","targetHints":{"allow":["GET"]}}],"collection":[{"href":"http:\/\/www2.unifap.br\/claudiomarcio\/wp-json\/wp\/v2\/pages"}],"about":[{"href":"http:\/\/www2.unifap.br\/claudiomarcio\/wp-json\/wp\/v2\/types\/page"}],"author":[{"embeddable":true,"href":"http:\/\/www2.unifap.br\/claudiomarcio\/wp-json\/wp\/v2\/users\/365"}],"replies":[{"embeddable":true,"href":"http:\/\/www2.unifap.br\/claudiomarcio\/wp-json\/wp\/v2\/comments?post=6"}],"version-history":[{"count":8,"href":"http:\/\/www2.unifap.br\/claudiomarcio\/wp-json\/wp\/v2\/pages\/6\/revisions"}],"predecessor-version":[{"id":437,"href":"http:\/\/www2.unifap.br\/claudiomarcio\/wp-json\/wp\/v2\/pages\/6\/revisions\/437"}],"wp:attachment":[{"href":"http:\/\/www2.unifap.br\/claudiomarcio\/wp-json\/wp\/v2\/media?parent=6"}],"curies":[{"name":"wp","href":"https:\/\/api.w.org\/{rel}","templated":true}]}}