{"id":124,"date":"2016-04-26T19:11:28","date_gmt":"2016-04-26T19:11:28","guid":{"rendered":"http:\/\/www2.unifap.br\/coap\/?page_id=124"},"modified":"2016-04-26T19:11:28","modified_gmt":"2016-04-26T19:11:28","slug":"apresentacao","status":"publish","type":"page","link":"http:\/\/www2.unifap.br\/coap\/diaf\/apresentacao\/","title":{"rendered":"Apresenta\u00e7\u00e3o"},"content":{"rendered":"<p>Art. 22\u00ba \u00c0 Divis\u00e3o de Administra\u00e7\u00e3o e Finan\u00e7as (DIAF) compete:<\/p>\n<p>I. Coordenar as atividades que envolvem os servi\u00e7os de Material, Patrim\u00f4nio, Arquivo Geral, Almoxarifado e Protocolo;<br \/>\nII. Supervisionar, coordenar e executar as atividades or\u00e7ament\u00e1rias, financeiras e cont\u00e1beis no \u00e2mbito do Campus Binacional;<br \/>\nIII. Controlar processos para fins de pagamento, obedecendo \u00e0s disposi\u00e7\u00f5es que regulam o assunto e \u00e0s limita\u00e7\u00f5es de compet\u00eancia e or\u00e7ament\u00e1rias;<br \/>\nIV. Fiscalizar a utiliza\u00e7\u00e3o dos recursos financeiros;<br \/>\nV. Manter um banco de dados atualizado de todos os conv\u00eanios, acordos e contratos que forem celebrados com o Campus; e<br \/>\nVI. Oferecer, ao \u00f3rg\u00e3o de planejamento, informa\u00e7\u00f5es necess\u00e1rias \u00e0 execu\u00e7\u00e3o regulamentar e ao acompanhamento de suas atividades, para fina de avalia\u00e7\u00e3o.<\/p>\n","protected":false},"excerpt":{"rendered":"<p>Art. 22\u00ba \u00c0 Divis\u00e3o de Administra\u00e7\u00e3o e Finan\u00e7as (DIAF) compete: I. Coordenar as atividades que envolvem os servi\u00e7os de Material, Patrim\u00f4nio, Arquivo Geral, Almoxarifado e Protocolo; II. Supervisionar, coordenar e executar as atividades or\u00e7ament\u00e1rias, financeiras e cont\u00e1beis no \u00e2mbito do&hellip; <\/p>\n<p><a href=\"http:\/\/www2.unifap.br\/coap\/diaf\/apresentacao\/\" class=\"readmore-button\">Continue Reading<\/a><\/p>\n","protected":false},"author":886,"featured_media":0,"parent":65,"menu_order":0,"comment_status":"open","ping_status":"open","template":"","meta":{"inline_featured_image":false,"ngg_post_thumbnail":0,"footnotes":""},"class_list":["post-124","page","type-page","status-publish","hentry"],"_links":{"self":[{"href":"http:\/\/www2.unifap.br\/coap\/wp-json\/wp\/v2\/pages\/124","targetHints":{"allow":["GET"]}}],"collection":[{"href":"http:\/\/www2.unifap.br\/coap\/wp-json\/wp\/v2\/pages"}],"about":[{"href":"http:\/\/www2.unifap.br\/coap\/wp-json\/wp\/v2\/types\/page"}],"author":[{"embeddable":true,"href":"http:\/\/www2.unifap.br\/coap\/wp-json\/wp\/v2\/users\/886"}],"replies":[{"embeddable":true,"href":"http:\/\/www2.unifap.br\/coap\/wp-json\/wp\/v2\/comments?post=124"}],"version-history":[{"count":2,"href":"http:\/\/www2.unifap.br\/coap\/wp-json\/wp\/v2\/pages\/124\/revisions"}],"predecessor-version":[{"id":126,"href":"http:\/\/www2.unifap.br\/coap\/wp-json\/wp\/v2\/pages\/124\/revisions\/126"}],"up":[{"embeddable":true,"href":"http:\/\/www2.unifap.br\/coap\/wp-json\/wp\/v2\/pages\/65"}],"wp:attachment":[{"href":"http:\/\/www2.unifap.br\/coap\/wp-json\/wp\/v2\/media?parent=124"}],"curies":[{"name":"wp","href":"https:\/\/api.w.org\/{rel}","templated":true}]}}