{"id":129,"date":"2016-04-26T19:14:07","date_gmt":"2016-04-26T19:14:07","guid":{"rendered":"http:\/\/www2.unifap.br\/coap\/?page_id=129"},"modified":"2016-04-26T19:14:07","modified_gmt":"2016-04-26T19:14:07","slug":"apresentacao","status":"publish","type":"page","link":"http:\/\/www2.unifap.br\/coap\/dinfra\/apresentacao\/","title":{"rendered":"Apresenta\u00e7\u00e3o"},"content":{"rendered":"<p>Art. 24\u00ba \u00c0 Divis\u00e3o de Infraestrutura (DINFRA) compete:<\/p>\n<p>I. Elaborar o plano anual de trabalho para pequenas obras e servi\u00e7os necess\u00e1rios \u00e0 manuten\u00e7\u00e3o, reparo, conserva\u00e7\u00e3o e limpeza dos im\u00f3veis do Campus Binacional;<br \/>\nII. Criar sistema de acompanhamento e avalia\u00e7\u00e3o que mantenha informada quando \u00e0 execu\u00e7\u00e3o de programas e atividades de seus \u00f3rg\u00e3os;<br \/>\nIII. Fornecer elementos para a elabora\u00e7\u00e3o da proposta or\u00e7amentaria do Campus;<br \/>\nIV. Fornecer ao \u00f3rg\u00e3o central de planejamento, todas as informa\u00e7\u00f5es que forem solicitadas, visando a subsidiar o plano de extens\u00e3o f\u00edsica do campus;<br \/>\nV. Responsabilizar-se pelo bom funcionamento das instala\u00e7\u00f5es da infraestrutura do campus;<br \/>\nVI. Zelar pela limpeza, seguran\u00e7a e conserva\u00e7\u00e3o do Campus;<br \/>\nVII. Responsabilizar-se pela manuten\u00e7\u00e3o e conserva\u00e7\u00e3o das edifica\u00e7\u00f5es e ve\u00edculos do campus;<br \/>\nVIII. Fiscalizar a utiliza\u00e7\u00e3o das edifica\u00e7\u00f5es, ambientes e ve\u00edculos do Campus Binacional; e<br \/>\nIX. Garantir condi\u00e7\u00f5es de infraestrutura no Campus \u00e0s pessoas portadoras de necessidades especiais.<\/p>\n","protected":false},"excerpt":{"rendered":"<p>Art. 24\u00ba \u00c0 Divis\u00e3o de Infraestrutura (DINFRA) compete: I. Elaborar o plano anual de trabalho para pequenas obras e servi\u00e7os necess\u00e1rios \u00e0 manuten\u00e7\u00e3o, reparo, conserva\u00e7\u00e3o e limpeza dos im\u00f3veis do Campus Binacional; II. Criar sistema de acompanhamento e avalia\u00e7\u00e3o que&hellip; <\/p>\n<p><a href=\"http:\/\/www2.unifap.br\/coap\/dinfra\/apresentacao\/\" class=\"readmore-button\">Continue Reading<\/a><\/p>\n","protected":false},"author":886,"featured_media":0,"parent":67,"menu_order":0,"comment_status":"open","ping_status":"open","template":"","meta":{"inline_featured_image":false,"ngg_post_thumbnail":0,"footnotes":""},"class_list":["post-129","page","type-page","status-publish","hentry"],"_links":{"self":[{"href":"http:\/\/www2.unifap.br\/coap\/wp-json\/wp\/v2\/pages\/129","targetHints":{"allow":["GET"]}}],"collection":[{"href":"http:\/\/www2.unifap.br\/coap\/wp-json\/wp\/v2\/pages"}],"about":[{"href":"http:\/\/www2.unifap.br\/coap\/wp-json\/wp\/v2\/types\/page"}],"author":[{"embeddable":true,"href":"http:\/\/www2.unifap.br\/coap\/wp-json\/wp\/v2\/users\/886"}],"replies":[{"embeddable":true,"href":"http:\/\/www2.unifap.br\/coap\/wp-json\/wp\/v2\/comments?post=129"}],"version-history":[{"count":1,"href":"http:\/\/www2.unifap.br\/coap\/wp-json\/wp\/v2\/pages\/129\/revisions"}],"predecessor-version":[{"id":130,"href":"http:\/\/www2.unifap.br\/coap\/wp-json\/wp\/v2\/pages\/129\/revisions\/130"}],"up":[{"embeddable":true,"href":"http:\/\/www2.unifap.br\/coap\/wp-json\/wp\/v2\/pages\/67"}],"wp:attachment":[{"href":"http:\/\/www2.unifap.br\/coap\/wp-json\/wp\/v2\/media?parent=129"}],"curies":[{"name":"wp","href":"https:\/\/api.w.org\/{rel}","templated":true}]}}