{"id":131,"date":"2016-04-26T19:14:47","date_gmt":"2016-04-26T19:14:47","guid":{"rendered":"http:\/\/www2.unifap.br\/coap\/?page_id=131"},"modified":"2016-04-26T19:14:47","modified_gmt":"2016-04-26T19:14:47","slug":"apresentacao","status":"publish","type":"page","link":"http:\/\/www2.unifap.br\/coap\/dinfo\/apresentacao\/","title":{"rendered":"Apresenta\u00e7\u00e3o"},"content":{"rendered":"<p>Art. 25\u00ba \u00c0 Divis\u00e3o de Inform\u00e1tica (DINFO) compete:<\/p>\n<p>I. Assessorar o planejamento estrat\u00e9gico de metas para a \u00e1rea de Tecnologia da Informa\u00e7\u00e3o do Campus Binacional;<br \/>\nII. Organizar, gerenciar e controlar todos os esfor\u00e7os e iniciativas de utiliza\u00e7\u00e3o da tecnologia da informa\u00e7\u00e3o e comunica\u00e7\u00e3o nos processos meio e fim do Campus;<br \/>\nIII. Zelar pelo bom funcionamento da rede e de recursos computacionais para os usu\u00e1rios;<br \/>\nIV. Fazer o gerenciamento do agendamento do uso do laborat\u00f3rio de inform\u00e1tica do Campus;<br \/>\nV. Prestar suporte t\u00e9cnico aos usu\u00e1rios do Campus;<br \/>\nVI. Manter um cadastro de equipamentos de inform\u00e1tica e softwares do Campus;<br \/>\nVII. Capacitar os usu\u00e1rios da institui\u00e7\u00e3o no uso da tecnologia da informa\u00e7\u00e3o de forma adequada; e<br \/>\nVIII. Divulgar as a\u00e7\u00f5es e politicas de Tecnologia da Informa\u00e7\u00e3o.<\/p>\n","protected":false},"excerpt":{"rendered":"<p>Art. 25\u00ba \u00c0 Divis\u00e3o de Inform\u00e1tica (DINFO) compete: I. Assessorar o planejamento estrat\u00e9gico de metas para a \u00e1rea de Tecnologia da Informa\u00e7\u00e3o do Campus Binacional; II. Organizar, gerenciar e controlar todos os esfor\u00e7os e iniciativas de utiliza\u00e7\u00e3o da tecnologia da&hellip; <\/p>\n<p><a href=\"http:\/\/www2.unifap.br\/coap\/dinfo\/apresentacao\/\" class=\"readmore-button\">Continue Reading<\/a><\/p>\n","protected":false},"author":886,"featured_media":0,"parent":35,"menu_order":0,"comment_status":"open","ping_status":"open","template":"","meta":{"inline_featured_image":false,"ngg_post_thumbnail":0,"footnotes":""},"class_list":["post-131","page","type-page","status-publish","hentry"],"_links":{"self":[{"href":"http:\/\/www2.unifap.br\/coap\/wp-json\/wp\/v2\/pages\/131","targetHints":{"allow":["GET"]}}],"collection":[{"href":"http:\/\/www2.unifap.br\/coap\/wp-json\/wp\/v2\/pages"}],"about":[{"href":"http:\/\/www2.unifap.br\/coap\/wp-json\/wp\/v2\/types\/page"}],"author":[{"embeddable":true,"href":"http:\/\/www2.unifap.br\/coap\/wp-json\/wp\/v2\/users\/886"}],"replies":[{"embeddable":true,"href":"http:\/\/www2.unifap.br\/coap\/wp-json\/wp\/v2\/comments?post=131"}],"version-history":[{"count":1,"href":"http:\/\/www2.unifap.br\/coap\/wp-json\/wp\/v2\/pages\/131\/revisions"}],"predecessor-version":[{"id":132,"href":"http:\/\/www2.unifap.br\/coap\/wp-json\/wp\/v2\/pages\/131\/revisions\/132"}],"up":[{"embeddable":true,"href":"http:\/\/www2.unifap.br\/coap\/wp-json\/wp\/v2\/pages\/35"}],"wp:attachment":[{"href":"http:\/\/www2.unifap.br\/coap\/wp-json\/wp\/v2\/media?parent=131"}],"curies":[{"name":"wp","href":"https:\/\/api.w.org\/{rel}","templated":true}]}}