{"id":63,"date":"2016-04-18T17:25:19","date_gmt":"2016-04-18T17:25:19","guid":{"rendered":"http:\/\/www2.unifap.br\/coap\/?page_id=63"},"modified":"2016-04-20T13:57:19","modified_gmt":"2016-04-20T13:57:19","slug":"documentos","status":"publish","type":"page","link":"http:\/\/www2.unifap.br\/coap\/documentos\/","title":{"rendered":"Documentos"},"content":{"rendered":"<p>Cat\u00e1logos para auxiliar nos pedidos pertinente a \u00e1rea TI,\u00a0click no\u00a0\u00edcone ao equipamento para ter acesso ao catalogo.<\/p>\n<p><a href=\"http:\/\/www2.unifap.br\/coap\/files\/2016\/04\/Catalogo-Impressora.pdf\" target=\"_blank\"><img decoding=\"async\" class=\"alignnone size-full wp-image-106\" alt=\"impressora\" src=\"http:\/\/www2.unifap.br\/coap\/files\/2016\/04\/impressora.png\" width=\"100\" height=\"100\" srcset=\"http:\/\/www2.unifap.br\/coap\/files\/2016\/04\/impressora.png 128w, http:\/\/www2.unifap.br\/coap\/files\/2016\/04\/impressora-70x70.png 70w\" sizes=\"(max-width: 100px) 100vw, 100px\" \/><\/a>\u00a0 \u00a0<a style=\"line-height: 1.5em;\" href=\"http:\/\/www2.unifap.br\/coap\/files\/2016\/04\/Catalogo-Computador.pdf\" target=\"_blank\"><img decoding=\"async\" class=\"alignnone size-full wp-image-100\" alt=\"pcok\" src=\"http:\/\/www2.unifap.br\/coap\/files\/2016\/04\/pcok.jpg\" width=\"100\" height=\"100\" srcset=\"http:\/\/www2.unifap.br\/coap\/files\/2016\/04\/pcok.jpg 100w, http:\/\/www2.unifap.br\/coap\/files\/2016\/04\/pcok-70x70.jpg 70w\" sizes=\"(max-width: 100px) 100vw, 100px\" \/><\/a><br \/>\nCat\u00e1logos para auxiliar nos pedidos pertinente a Mobili\u00e1rios e Imobili\u00e1rios.<\/p>\n<h4>Cat\u00e1logo de Mobili\u00e1rio \u00a0\u00a0Cat\u00e1logo de IMobili\u00e1rio<\/h4>\n<h4><a style=\"line-height: 1.5em;\" href=\"http:\/\/www2.unifap.br\/coap\/files\/2016\/04\/Catalogo-Computador.pdf\" target=\"_blank\"><img decoding=\"async\" class=\"alignnone size-full wp-image-100\" alt=\"pcok\" src=\"http:\/\/www2.unifap.br\/coap\/files\/2016\/04\/icone-de-pdf.png\" width=\"100\" height=\"100\" \/><\/a>\u00a0 \u00a0 \u00a0 \u00a0 \u00a0 \u00a0 \u00a0 \u00a0 \u00a0\u00a0<a href=\"http:\/\/www2.unifap.br\/coap\/files\/2016\/04\/icone-de-pdf.png\"><img loading=\"lazy\" decoding=\"async\" class=\"alignnone size-full wp-image-110\" alt=\"icone-de-pdf\" src=\"http:\/\/www2.unifap.br\/coap\/files\/2016\/04\/icone-de-pdf.png\" width=\"100\" height=\"100\" srcset=\"http:\/\/www2.unifap.br\/coap\/files\/2016\/04\/icone-de-pdf.png 100w, http:\/\/www2.unifap.br\/coap\/files\/2016\/04\/icone-de-pdf-70x70.png 70w\" sizes=\"(max-width: 100px) 100vw, 100px\" \/><\/a><\/h4>\n","protected":false},"excerpt":{"rendered":"<p>Cat\u00e1logos para auxiliar nos pedidos pertinente a \u00e1rea TI,\u00a0click no\u00a0\u00edcone ao equipamento para ter acesso ao catalogo. \u00a0 \u00a0 Cat\u00e1logos para auxiliar nos pedidos pertinente a Mobili\u00e1rios e Imobili\u00e1rios. Cat\u00e1logo de Mobili\u00e1rio \u00a0\u00a0Cat\u00e1logo de IMobili\u00e1rio \u00a0 \u00a0 \u00a0 \u00a0 \u00a0&hellip; <\/p>\n<p><a href=\"http:\/\/www2.unifap.br\/coap\/documentos\/\" class=\"readmore-button\">Continue Reading<\/a><\/p>\n","protected":false},"author":527,"featured_media":0,"parent":0,"menu_order":0,"comment_status":"open","ping_status":"open","template":"","meta":{"inline_featured_image":false,"ngg_post_thumbnail":0,"footnotes":""},"class_list":["post-63","page","type-page","status-publish","hentry"],"_links":{"self":[{"href":"http:\/\/www2.unifap.br\/coap\/wp-json\/wp\/v2\/pages\/63","targetHints":{"allow":["GET"]}}],"collection":[{"href":"http:\/\/www2.unifap.br\/coap\/wp-json\/wp\/v2\/pages"}],"about":[{"href":"http:\/\/www2.unifap.br\/coap\/wp-json\/wp\/v2\/types\/page"}],"author":[{"embeddable":true,"href":"http:\/\/www2.unifap.br\/coap\/wp-json\/wp\/v2\/users\/527"}],"replies":[{"embeddable":true,"href":"http:\/\/www2.unifap.br\/coap\/wp-json\/wp\/v2\/comments?post=63"}],"version-history":[{"count":33,"href":"http:\/\/www2.unifap.br\/coap\/wp-json\/wp\/v2\/pages\/63\/revisions"}],"predecessor-version":[{"id":118,"href":"http:\/\/www2.unifap.br\/coap\/wp-json\/wp\/v2\/pages\/63\/revisions\/118"}],"wp:attachment":[{"href":"http:\/\/www2.unifap.br\/coap\/wp-json\/wp\/v2\/media?parent=63"}],"curies":[{"name":"wp","href":"https:\/\/api.w.org\/{rel}","templated":true}]}}