{"id":57,"date":"2013-04-04T19:46:57","date_gmt":"2013-04-04T19:46:57","guid":{"rendered":"http:\/\/www2.unifap.br\/cobinfo\/?page_id=57"},"modified":"2013-07-04T17:53:00","modified_gmt":"2013-07-04T17:53:00","slug":"sobre","status":"publish","type":"page","link":"http:\/\/www2.unifap.br\/cobinfo\/sobre\/","title":{"rendered":"SOBRE A COMISS\u00c3O"},"content":{"rendered":"<p style=\"text-align: justify\">A COMISS\u00c3O DE BAIXA DE EQUIPAMENTOS DE INFORM\u00c1TICA (COBINFO) foi criada a partir da portaria <a href=\"http:\/\/www2.unifap.br\/cobinfo\/files\/2013\/04\/portaria-451-20132.pdf\">451\/2013<\/a> e \u00e9 composta pelos servidores Jefferson da Silva Martins, Rhyan Wad Pantoja de Carvalho e Jos\u00e9 Lu\u00eds Soares Batista.<\/p>\n<p style=\"text-align: justify\">A COBINFO tem por objetivo classificar os equipamentos de inform\u00e1tica quanto a sua situa\u00e7\u00e3o (serv\u00edvel ou inserv\u00edvel) e posteriormente destin\u00e1-los a novas lota\u00e7\u00f5es ou descarte.<\/p>\n<p style=\"text-align: justify\">&nbsp;<\/p>\n","protected":false},"excerpt":{"rendered":"<p>A COMISS\u00c3O DE BAIXA DE EQUIPAMENTOS DE INFORM\u00c1TICA (COBINFO) foi criada a partir da portaria 451\/2013 e \u00e9 composta pelos servidores Jefferson da Silva Martins, Rhyan Wad Pantoja de Carvalho e Jos\u00e9 Lu\u00eds Soares Batista. A COBINFO tem por objetivo&hellip; <\/p>\n<p><a href=\"http:\/\/www2.unifap.br\/cobinfo\/sobre\/\" class=\"readmore-button\">Continue Reading<\/a><\/p>\n","protected":false},"author":167,"featured_media":0,"parent":0,"menu_order":1,"comment_status":"closed","ping_status":"closed","template":"template-twocolumns-left.php","meta":{"inline_featured_image":false,"ngg_post_thumbnail":0,"footnotes":""},"class_list":["post-57","page","type-page","status-publish","hentry"],"_links":{"self":[{"href":"http:\/\/www2.unifap.br\/cobinfo\/wp-json\/wp\/v2\/pages\/57","targetHints":{"allow":["GET"]}}],"collection":[{"href":"http:\/\/www2.unifap.br\/cobinfo\/wp-json\/wp\/v2\/pages"}],"about":[{"href":"http:\/\/www2.unifap.br\/cobinfo\/wp-json\/wp\/v2\/types\/page"}],"author":[{"embeddable":true,"href":"http:\/\/www2.unifap.br\/cobinfo\/wp-json\/wp\/v2\/users\/167"}],"replies":[{"embeddable":true,"href":"http:\/\/www2.unifap.br\/cobinfo\/wp-json\/wp\/v2\/comments?post=57"}],"version-history":[{"count":15,"href":"http:\/\/www2.unifap.br\/cobinfo\/wp-json\/wp\/v2\/pages\/57\/revisions"}],"predecessor-version":[{"id":102,"href":"http:\/\/www2.unifap.br\/cobinfo\/wp-json\/wp\/v2\/pages\/57\/revisions\/102"}],"wp:attachment":[{"href":"http:\/\/www2.unifap.br\/cobinfo\/wp-json\/wp\/v2\/media?parent=57"}],"curies":[{"name":"wp","href":"https:\/\/api.w.org\/{rel}","templated":true}]}}