{"id":59,"date":"2013-04-04T19:47:59","date_gmt":"2013-04-04T19:47:59","guid":{"rendered":"http:\/\/www2.unifap.br\/cobinfo\/?page_id=59"},"modified":"2013-07-04T17:53:00","modified_gmt":"2013-07-04T17:53:00","slug":"documentos","status":"publish","type":"page","link":"http:\/\/www2.unifap.br\/cobinfo\/documentos\/","title":{"rendered":"DOCUMENTOS"},"content":{"rendered":"<p><a href=\"http:\/\/www2.unifap.br\/cobinfo\/files\/2013\/04\/portaria-451-20132.pdf\">Portaria 451-2013<\/a><\/p>\n<p><a href=\"http:\/\/www2.unifap.br\/cobinfo\/files\/2013\/04\/FORMULARIO-BAIXA.xls\">Formul\u00e1rio de Solicita\u00e7\u00e3o de Baixa<\/a><\/p>\n","protected":false},"excerpt":{"rendered":"<p>Portaria 451-2013 Formul\u00e1rio de Solicita\u00e7\u00e3o de Baixa<\/p>\n","protected":false},"author":167,"featured_media":0,"parent":0,"menu_order":2,"comment_status":"closed","ping_status":"closed","template":"template-twocolumns-left.php","meta":{"inline_featured_image":false,"ngg_post_thumbnail":0,"footnotes":""},"class_list":["post-59","page","type-page","status-publish","hentry"],"_links":{"self":[{"href":"http:\/\/www2.unifap.br\/cobinfo\/wp-json\/wp\/v2\/pages\/59","targetHints":{"allow":["GET"]}}],"collection":[{"href":"http:\/\/www2.unifap.br\/cobinfo\/wp-json\/wp\/v2\/pages"}],"about":[{"href":"http:\/\/www2.unifap.br\/cobinfo\/wp-json\/wp\/v2\/types\/page"}],"author":[{"embeddable":true,"href":"http:\/\/www2.unifap.br\/cobinfo\/wp-json\/wp\/v2\/users\/167"}],"replies":[{"embeddable":true,"href":"http:\/\/www2.unifap.br\/cobinfo\/wp-json\/wp\/v2\/comments?post=59"}],"version-history":[{"count":7,"href":"http:\/\/www2.unifap.br\/cobinfo\/wp-json\/wp\/v2\/pages\/59\/revisions"}],"predecessor-version":[{"id":103,"href":"http:\/\/www2.unifap.br\/cobinfo\/wp-json\/wp\/v2\/pages\/59\/revisions\/103"}],"wp:attachment":[{"href":"http:\/\/www2.unifap.br\/cobinfo\/wp-json\/wp\/v2\/media?parent=59"}],"curies":[{"name":"wp","href":"https:\/\/api.w.org\/{rel}","templated":true}]}}