{"id":10,"date":"2015-12-04T21:52:20","date_gmt":"2015-12-04T21:52:20","guid":{"rendered":"http:\/\/www2.unifap.br\/coflex\/?page_id=10"},"modified":"2016-09-14T17:48:48","modified_gmt":"2016-09-14T17:48:48","slug":"comissao","status":"publish","type":"page","link":"http:\/\/www2.unifap.br\/coflex\/comissao\/","title":{"rendered":"A comiss\u00e3o"},"content":{"rendered":"<p>&nbsp;<\/p>\n<p><strong><a href=\"http:\/\/www.unifap.br\/public\/index\/viewarquivo\/id\/145342\">Conhe\u00e7a a Portaria n\u00ba 1288\/2015 (institui a COFLEX)<\/a>\u00a0<\/strong><\/p>\n<p><strong style=\"line-height: 1.5em\">Jos\u00e9 Pery Jr<\/strong><span style=\"line-height: 1.5em\">. <\/span><strong style=\"line-height: 1.5em\">(<\/strong><em style=\"line-height: 1.5em\"><strong style=\"line-height: 1.5em\">PRESIDENTE DA COMISS\u00c3O)<\/strong><\/em><\/p>\n<p><em>Economista da Pr\u00f3-reitoria de Planejamento<\/em><\/p>\n<p><strong style=\"line-height: 1.5em\">Camila Rocha<\/strong><\/p>\n<p>Secret\u00e1ria Executiva do\u00a0<em>Campus\u00a0<\/em>Binacional<\/p>\n<p><strong style=\"line-height: 1.5em\">Diego Belo<\/strong><\/p>\n<p><em>Assistente Administrativo da Pr\u00f3-reitoria de Administra\u00e7\u00e3o<\/em><\/p>\n<p><strong style=\"line-height: 1.5em\">Diego Pinto<\/strong><\/p>\n<p><em>Assistente Administrativo da Pr\u00f3-reitoria de Administra\u00e7\u00e3o<\/em><\/p>\n<p><strong>\u00c9dico Ren\u00ea<\/strong><\/p>\n<p><em>Assistente Social da Pr\u00f3-reitoria de extens\u00e3o e assuntos comunit\u00e1rios\u00a0<\/em><\/p>\n<p><strong style=\"line-height: 1.5em\">Dorivaldo Santos<\/strong><\/p>\n<p><em>Pr\u00f3-reitor de gest\u00e3o de pessoas<\/em><\/p>\n<p><strong style=\"line-height: 1.5em\">Huana Furtado<\/strong><\/p>\n<p><em>T\u00e9cnica em Assuntos Educacionais da Pr\u00f3-reitoria de gradua\u00e7\u00e3o\u00a0<\/em><\/p>\n<p><strong style=\"line-height: 1.5em\">Jess\u00e9 Maciel<\/strong><\/p>\n<p><em>Assistente Administrativo da coordena\u00e7\u00e3o do curso de Medicina<\/em><\/p>\n<p><strong style=\"line-height: 1.5em\">Lorena Souza<\/strong><\/p>\n<p><em>Secret\u00e1ria Executiva da Pr\u00f3-reitoria de planejamento<\/em><\/p>\n<p><strong style=\"line-height: 1.5em\">Paulo\u00a0Pinheiro<\/strong><\/p>\n<p><em>Estat\u00edstico da Pr\u00f3-reitoria de planejamento<\/em><\/p>\n<p><strong style=\"line-height: 1.5em\">Rafael Saldanha<\/strong><\/p>\n<p><em>T\u00e9cnico em Assuntos Educacionais do Departamento de desenvolvimento e meio ambiente\u00a0<\/em><\/p>\n<p><strong style=\"line-height: 1.5em\">Raildo Machado<\/strong><\/p>\n<p>Bibliotec\u00e1rio do\u00a0<em>Campus\u00a0<\/em>Binacional<\/p>\n<p><strong style=\"line-height: 1.5em\">Socorro Mota<\/strong><\/p>\n<p><em>T\u00e9cnica em Assuntos Educacionais da coordena\u00e7\u00e3o do curso de Direito<\/em><\/p>\n<p><strong style=\"line-height: 1.5em\">Wellen Souza<\/strong><\/p>\n<p><em>Assistente Administrativo da coordena\u00e7\u00e3o do curso de Artes Visuais<\/em><\/p>\n","protected":false},"excerpt":{"rendered":"<p>&nbsp; Conhe\u00e7a a Portaria n\u00ba 1288\/2015 (institui a COFLEX)\u00a0 Jos\u00e9 Pery Jr. (PRESIDENTE DA COMISS\u00c3O) Economista da Pr\u00f3-reitoria de Planejamento Camila Rocha Secret\u00e1ria Executiva do\u00a0Campus\u00a0Binacional Diego Belo Assistente Administrativo da Pr\u00f3-reitoria de Administra\u00e7\u00e3o Diego Pinto Assistente Administrativo da Pr\u00f3-reitoria de&hellip; <\/p>\n<p><a href=\"http:\/\/www2.unifap.br\/coflex\/comissao\/\" class=\"readmore-button\">Continue Reading<\/a><\/p>\n","protected":false},"author":838,"featured_media":0,"parent":0,"menu_order":0,"comment_status":"open","ping_status":"open","template":"","meta":{"inline_featured_image":false,"ngg_post_thumbnail":0,"footnotes":""},"class_list":["post-10","page","type-page","status-publish","hentry"],"_links":{"self":[{"href":"http:\/\/www2.unifap.br\/coflex\/wp-json\/wp\/v2\/pages\/10","targetHints":{"allow":["GET"]}}],"collection":[{"href":"http:\/\/www2.unifap.br\/coflex\/wp-json\/wp\/v2\/pages"}],"about":[{"href":"http:\/\/www2.unifap.br\/coflex\/wp-json\/wp\/v2\/types\/page"}],"author":[{"embeddable":true,"href":"http:\/\/www2.unifap.br\/coflex\/wp-json\/wp\/v2\/users\/838"}],"replies":[{"embeddable":true,"href":"http:\/\/www2.unifap.br\/coflex\/wp-json\/wp\/v2\/comments?post=10"}],"version-history":[{"count":13,"href":"http:\/\/www2.unifap.br\/coflex\/wp-json\/wp\/v2\/pages\/10\/revisions"}],"predecessor-version":[{"id":110,"href":"http:\/\/www2.unifap.br\/coflex\/wp-json\/wp\/v2\/pages\/10\/revisions\/110"}],"wp:attachment":[{"href":"http:\/\/www2.unifap.br\/coflex\/wp-json\/wp\/v2\/media?parent=10"}],"curies":[{"name":"wp","href":"https:\/\/api.w.org\/{rel}","templated":true}]}}