{"id":111,"date":"2016-09-14T19:28:29","date_gmt":"2016-09-14T19:28:29","guid":{"rendered":"http:\/\/www2.unifap.br\/coflex\/?page_id=111"},"modified":"2016-09-14T20:27:07","modified_gmt":"2016-09-14T20:27:07","slug":"relatorio-final-coflex","status":"publish","type":"page","link":"http:\/\/www2.unifap.br\/coflex\/relatorio-final-coflex\/","title":{"rendered":"Relat\u00f3rio Final COFLEX"},"content":{"rendered":"<p>Conhe\u00e7a o relat\u00f3rio final elaborado pela COFLEX acerca da implanta\u00e7\u00e3o da jornada de trabalho flexibilizada \u00a0em turnos cont\u00ednuos para os servidores t\u00e9cnico-administrativos em educa\u00e7\u00e3o da UNIFAP. Ap\u00f3s a entrega do presente relat\u00f3rio, o processo ser\u00e1 encaminhado ao Conselho Superior Universit\u00e1rio (CONSU) para aprecia\u00e7\u00e3o.<\/p>\n<p><strong><a href=\"http:\/\/www2.unifap.br\/coflex\/files\/2016\/09\/Relat\u00f3rio-Final-COFLEX.pdf\">Relat\u00f3rio Final COFLEX<\/a><\/strong><\/p>\n<p><strong><a href=\"http:\/\/www2.unifap.br\/coflex\/files\/2016\/09\/Parecer-da-Reitoria-UNIFAP.pdf\">Parecer da Reitoria UNIFAP sobre o Relat\u00f3rio Final COFLEX<\/a><\/strong><\/p>\n","protected":false},"excerpt":{"rendered":"<p>Conhe\u00e7a o relat\u00f3rio final elaborado pela COFLEX acerca da implanta\u00e7\u00e3o da jornada de trabalho flexibilizada \u00a0em turnos cont\u00ednuos para os servidores t\u00e9cnico-administrativos em educa\u00e7\u00e3o da UNIFAP. Ap\u00f3s a entrega do presente relat\u00f3rio, o processo ser\u00e1 encaminhado ao Conselho Superior Universit\u00e1rio&hellip; <\/p>\n<p><a href=\"http:\/\/www2.unifap.br\/coflex\/relatorio-final-coflex\/\" class=\"readmore-button\">Continue Reading<\/a><\/p>\n","protected":false},"author":838,"featured_media":0,"parent":0,"menu_order":0,"comment_status":"open","ping_status":"open","template":"","meta":{"inline_featured_image":false,"ngg_post_thumbnail":0,"footnotes":""},"class_list":["post-111","page","type-page","status-publish","hentry"],"_links":{"self":[{"href":"http:\/\/www2.unifap.br\/coflex\/wp-json\/wp\/v2\/pages\/111","targetHints":{"allow":["GET"]}}],"collection":[{"href":"http:\/\/www2.unifap.br\/coflex\/wp-json\/wp\/v2\/pages"}],"about":[{"href":"http:\/\/www2.unifap.br\/coflex\/wp-json\/wp\/v2\/types\/page"}],"author":[{"embeddable":true,"href":"http:\/\/www2.unifap.br\/coflex\/wp-json\/wp\/v2\/users\/838"}],"replies":[{"embeddable":true,"href":"http:\/\/www2.unifap.br\/coflex\/wp-json\/wp\/v2\/comments?post=111"}],"version-history":[{"count":3,"href":"http:\/\/www2.unifap.br\/coflex\/wp-json\/wp\/v2\/pages\/111\/revisions"}],"predecessor-version":[{"id":116,"href":"http:\/\/www2.unifap.br\/coflex\/wp-json\/wp\/v2\/pages\/111\/revisions\/116"}],"wp:attachment":[{"href":"http:\/\/www2.unifap.br\/coflex\/wp-json\/wp\/v2\/media?parent=111"}],"curies":[{"name":"wp","href":"https:\/\/api.w.org\/{rel}","templated":true}]}}