{"id":65,"date":"2015-12-15T20:58:45","date_gmt":"2015-12-15T20:58:45","guid":{"rendered":"http:\/\/www2.unifap.br\/coflex\/?page_id=65"},"modified":"2015-12-15T20:59:11","modified_gmt":"2015-12-15T20:59:11","slug":"as-analise-dos-resultados","status":"publish","type":"page","link":"http:\/\/www2.unifap.br\/coflex\/as-analise-dos-resultados\/","title":{"rendered":"As an\u00e1lises dos resultados"},"content":{"rendered":"<blockquote><p><strong><em>Em an\u00e1lise. Logo dispon\u00edvel\u00a0<\/em><\/strong><\/p><\/blockquote>\n","protected":false},"excerpt":{"rendered":"<p>Em an\u00e1lise. Logo dispon\u00edvel\u00a0<\/p>\n","protected":false},"author":838,"featured_media":0,"parent":0,"menu_order":0,"comment_status":"open","ping_status":"open","template":"","meta":{"inline_featured_image":false,"ngg_post_thumbnail":0,"footnotes":""},"class_list":["post-65","page","type-page","status-publish","hentry"],"_links":{"self":[{"href":"http:\/\/www2.unifap.br\/coflex\/wp-json\/wp\/v2\/pages\/65","targetHints":{"allow":["GET"]}}],"collection":[{"href":"http:\/\/www2.unifap.br\/coflex\/wp-json\/wp\/v2\/pages"}],"about":[{"href":"http:\/\/www2.unifap.br\/coflex\/wp-json\/wp\/v2\/types\/page"}],"author":[{"embeddable":true,"href":"http:\/\/www2.unifap.br\/coflex\/wp-json\/wp\/v2\/users\/838"}],"replies":[{"embeddable":true,"href":"http:\/\/www2.unifap.br\/coflex\/wp-json\/wp\/v2\/comments?post=65"}],"version-history":[{"count":2,"href":"http:\/\/www2.unifap.br\/coflex\/wp-json\/wp\/v2\/pages\/65\/revisions"}],"predecessor-version":[{"id":67,"href":"http:\/\/www2.unifap.br\/coflex\/wp-json\/wp\/v2\/pages\/65\/revisions\/67"}],"wp:attachment":[{"href":"http:\/\/www2.unifap.br\/coflex\/wp-json\/wp\/v2\/media?parent=65"}],"curies":[{"name":"wp","href":"https:\/\/api.w.org\/{rel}","templated":true}]}}