{"id":13,"date":"2020-06-03T18:41:04","date_gmt":"2020-06-03T18:41:04","guid":{"rendered":"http:\/\/pororoca.unifap.br\/comite\/"},"modified":"2023-11-21T19:27:44","modified_gmt":"2023-11-21T19:27:44","slug":"calendario-de-reunioes","status":"publish","type":"page","link":"http:\/\/www2.unifap.br\/comite\/calendario-de-reunioes-e-recebimento-de-projetos\/calendario-de-reunioes\/","title":{"rendered":"Calend\u00e1rio 2023"},"content":{"rendered":"<h1><b>Reuni\u00f5es e Recebimento de Projetos 2023<\/b><\/h1>\n<table style=\"height: 846px\" width=\"1359\">\n<tbody>\n<tr>\n<td><b>M\u00eas<\/b><\/td>\n<td><b>Dia<\/b><\/td>\n<td><b>Per\u00edodo de recebimento de projetos do CEP<\/b><\/td>\n<\/tr>\n<tr>\n<td><span style=\"font-weight: 400\">Janeiro<\/span><\/td>\n<td><span style=\"font-weight: 400\">19<\/span><\/td>\n<td><span style=\"font-weight: 400\">02 de janeiro at\u00e9 dia 12 de janeiro<\/span><\/td>\n<\/tr>\n<tr>\n<td><span style=\"font-weight: 400\">Fevereiro<\/span><\/td>\n<td><span style=\"font-weight: 400\">09<\/span><\/td>\n<td><span style=\"font-weight: 400\">20 de janeiro at\u00e9 o dia 01 de fevereiro<\/span><\/td>\n<\/tr>\n<tr>\n<td><span style=\"font-weight: 400\">Mar\u00e7o<\/span><\/td>\n<td><span style=\"font-weight: 400\">09<\/span><\/td>\n<td><span style=\"font-weight: 400\">10 de fevereiro at\u00e9 dia 25 de fevereiro<\/span><\/td>\n<\/tr>\n<tr>\n<td><span style=\"font-weight: 400\">Abril<\/span><\/td>\n<td><span style=\"font-weight: 400\">13<\/span><\/td>\n<td><span style=\"font-weight: 400\">10 de mar\u00e7o at\u00e9 dia 01 de abril<\/span><\/td>\n<\/tr>\n<tr>\n<td><span style=\"font-weight: 400\">Maio<\/span><\/td>\n<td><span style=\"font-weight: 400\">11<\/span><\/td>\n<td><span style=\"font-weight: 400\">14 de abril a 30 de abril<\/span><\/td>\n<\/tr>\n<tr>\n<td><span style=\"font-weight: 400\">Junho<\/span><\/td>\n<td><span style=\"font-weight: 400\">21<\/span><\/td>\n<td><span style=\"font-weight: 400\">12 de maio a 06 de junho<\/span><\/td>\n<\/tr>\n<tr>\n<td><span style=\"font-weight: 400\">Julho<\/span><\/td>\n<td><span style=\"font-weight: 400\">19<\/span><\/td>\n<td><span style=\"font-weight: 400\">22 de junho a 05 de julho<\/span><\/td>\n<\/tr>\n<tr>\n<td><span style=\"font-weight: 400\">Agosto<\/span><\/td>\n<td><span style=\"font-weight: 400\">23<\/span><\/td>\n<td><span style=\"font-weight: 400\">20 de julho a 07 de agosto<\/span><\/td>\n<\/tr>\n<tr>\n<td><span style=\"font-weight: 400\">Setembro<\/span><\/td>\n<td><span style=\"font-weight: 400\">20<\/span><\/td>\n<td><span style=\"font-weight: 400\">24 de agosto a 05 de setembro<\/span><\/td>\n<\/tr>\n<tr>\n<td><span style=\"font-weight: 400\">Outubro<\/span><\/td>\n<td><span style=\"font-weight: 400\">18<\/span><\/td>\n<td><span style=\"font-weight: 400\">19 de setembro a 03 de outubro<\/span><\/td>\n<\/tr>\n<tr>\n<td><span style=\"font-weight: 400\">Novembro<\/span><\/td>\n<td><span style=\"font-weight: 400\">16<\/span><\/td>\n<td><span style=\"font-weight: 400\">19 de outubro a 02 de novembro<\/span><\/td>\n<\/tr>\n<tr>\n<td><span style=\"font-weight: 400\">Dezembro<\/span><\/td>\n<td><span style=\"font-weight: 400\">14<\/span><\/td>\n<td><span style=\"font-weight: 400\">29 de novembro a 07 de dezembro<\/span><\/td>\n<\/tr>\n<\/tbody>\n<\/table>\n","protected":false},"excerpt":{"rendered":"<p>Reuni\u00f5es e Recebimento de Projetos 2023 M\u00eas Dia Per\u00edodo de recebimento de projetos do CEP Janeiro 19 02 de janeiro at\u00e9 dia 12 de janeiro Fevereiro 09 20 de janeiro at\u00e9 o dia 01 de fevereiro Mar\u00e7o 09 10 de fevereiro at\u00e9 dia 25 de fevereiro Abril 13 10 de mar\u00e7o at\u00e9 dia 01 de&#8230;<\/p>\n","protected":false},"author":40,"featured_media":0,"parent":375,"menu_order":0,"comment_status":"open","ping_status":"open","template":"","meta":{"inline_featured_image":false,"ngg_post_thumbnail":0,"footnotes":""},"class_list":["post-13","page","type-page","status-publish","hentry"],"_links":{"self":[{"href":"http:\/\/www2.unifap.br\/comite\/wp-json\/wp\/v2\/pages\/13","targetHints":{"allow":["GET"]}}],"collection":[{"href":"http:\/\/www2.unifap.br\/comite\/wp-json\/wp\/v2\/pages"}],"about":[{"href":"http:\/\/www2.unifap.br\/comite\/wp-json\/wp\/v2\/types\/page"}],"author":[{"embeddable":true,"href":"http:\/\/www2.unifap.br\/comite\/wp-json\/wp\/v2\/users\/40"}],"replies":[{"embeddable":true,"href":"http:\/\/www2.unifap.br\/comite\/wp-json\/wp\/v2\/comments?post=13"}],"version-history":[{"count":51,"href":"http:\/\/www2.unifap.br\/comite\/wp-json\/wp\/v2\/pages\/13\/revisions"}],"predecessor-version":[{"id":382,"href":"http:\/\/www2.unifap.br\/comite\/wp-json\/wp\/v2\/pages\/13\/revisions\/382"}],"up":[{"embeddable":true,"href":"http:\/\/www2.unifap.br\/comite\/wp-json\/wp\/v2\/pages\/375"}],"wp:attachment":[{"href":"http:\/\/www2.unifap.br\/comite\/wp-json\/wp\/v2\/media?parent=13"}],"curies":[{"name":"wp","href":"https:\/\/api.w.org\/{rel}","templated":true}]}}