{"id":4,"date":"2011-02-15T15:29:55","date_gmt":"2011-02-15T15:29:55","guid":{"rendered":"http:\/\/pororoca.unifap.br\/comite\/?page_id=2"},"modified":"2026-02-24T22:39:04","modified_gmt":"2026-02-24T22:39:04","slug":"sobre","status":"publish","type":"page","link":"http:\/\/www2.unifap.br\/comite\/","title":{"rendered":"Comit\u00ea de \u00c9tica em Pesquisa \u2013 CEP\/UNIFAP"},"content":{"rendered":"<p data-start=\"172\" data-end=\"458\">O Comit\u00ea de \u00c9tica em Pesquisa da Universidade Federal do Amap\u00e1 (CEP-UNIFAP) \u00e9 um colegiado independente, de natureza p\u00fablica, multi e transdisciplinar, com car\u00e1ter consultivo, deliberativo e educativo, respons\u00e1vel pela avalia\u00e7\u00e3o \u00e9tica de projetos de pesquisa que envolvam seres humanos.<\/p>\n<p data-start=\"460\" data-end=\"633\">Sua atua\u00e7\u00e3o est\u00e1 fundamentada na <span class=\"hover:entity-accent entity-underline inline cursor-pointer align-baseline\"><span class=\"whitespace-normal\">Resolu\u00e7\u00e3o n\u00ba 466\/2012<\/span><\/span> do Conselho Nacional de Sa\u00fade, bem como nas demais normas do Sistema CEP\/Conep, tendo como finalidade:<\/p>\n<ul data-start=\"635\" data-end=\"945\">\n<li data-start=\"635\" data-end=\"728\">\n<p data-start=\"637\" data-end=\"728\">proteger a dignidade, os direitos, a seguran\u00e7a e o bem-estar dos participantes de pesquisa;<\/p>\n<\/li>\n<li data-start=\"729\" data-end=\"847\">\n<p data-start=\"731\" data-end=\"847\">assegurar que os projetos estejam em conformidade com os princ\u00edpios \u00e9ticos e cient\u00edficos reconhecidos nacionalmente;<\/p>\n<\/li>\n<li data-start=\"848\" data-end=\"945\">\n<p data-start=\"850\" data-end=\"945\">contribuir para o desenvolvimento da pesquisa com responsabilidade social e rigor metodol\u00f3gico.<\/p>\n<\/li>\n<\/ul>\n<p data-start=\"947\" data-end=\"1162\">O CEP-UNIFAP atua na an\u00e1lise \u00e9tica dos protocolos submetidos por pesquisadores da UNIFAP e de institui\u00e7\u00f5es vinculadas, observando as diretrizes nacionais vigentes e zelando pela integridade do processo de avalia\u00e7\u00e3o.<\/p>\n<hr data-start=\"1164\" data-end=\"1167\">\n<h3 data-start=\"1169\" data-end=\"1184\">Coordena\u00e7\u00e3o<\/h3>\n<p data-start=\"1186\" data-end=\"1257\"><strong data-start=\"1186\" data-end=\"1202\">Coordenador:<\/strong> Prof. Dr. Rafael Lima Resque<br data-start=\"1231\" data-end=\"1234\">Portaria n\u00ba 0647\/2024<\/p>\n<p data-start=\"1259\" data-end=\"1335\"><strong data-start=\"1259\" data-end=\"1281\">Vice-Coordenadora:<\/strong> Prof\u00aa Dr\u00aa Elda Gomes Ara\u00fajo<br data-start=\"1309\" data-end=\"1312\">Portaria n\u00ba 0649\/2024<\/p>\n<p>&nbsp;<\/p>\n<hr data-start=\"1337\" data-end=\"1340\">\n<h3 data-start=\"1342\" data-end=\"1366\">Secretaria Executiva<\/h3>\n<p data-start=\"1368\" data-end=\"1451\"><strong data-start=\"1368\" data-end=\"1397\">Luiz Fernando Brito Rocha<\/strong><br data-start=\"1397\" data-end=\"1400\">WhatsApp: (96) 98132-3047<br data-start=\"1425\" data-end=\"1428\">Portaria n\u00ba 0491\/2024<\/p>\n<p data-start=\"1453\" data-end=\"1541\"><strong data-start=\"1453\" data-end=\"1487\">A\u00e9lisson Hermes Viana da Costa<\/strong><br data-start=\"1487\" data-end=\"1490\">WhatsApp: (96) 99118-9717<br data-start=\"1515\" data-end=\"1518\">Portaria n\u00ba 0613\/2019<\/p>\n<p data-start=\"1543\" data-end=\"1570\"><strong data-start=\"1543\" data-end=\"1554\">E-mail:<\/strong> <a class=\"decorated-link cursor-pointer\" rel=\"noopener\" data-start=\"1555\" data-end=\"1568\">cep@unifap.br<\/a><\/p>\n<p data-start=\"1543\" data-end=\"1570\"><a style=\"font-size: 16px;font-style: normal;font-weight: bold;color: #3a3a3a\" href=\"https:\/\/plataformabrasil.saude.gov.br\/login.jsf\" target=\"_blank\" rel=\"noopener\"><img decoding=\"async\" class=\"wp-image-445 alignleft\" src=\"http:\/\/www2.unifap.br\/comite\/files\/2026\/02\/plataforma-brasil-300x126.png\" alt=\"\" width=\"140\" height=\"59\" srcset=\"http:\/\/www2.unifap.br\/comite\/files\/2026\/02\/plataforma-brasil-300x126.png 300w, http:\/\/www2.unifap.br\/comite\/files\/2026\/02\/plataforma-brasil.png 500w\" sizes=\"(max-width: 140px) 100vw, 140px\" \/><\/a><a href=\"https:\/\/www.gov.br\/conselho-nacional-de-saude\/pt-br\/camaras-tecnicas-e-comissoes\/conep\/conep\" target=\"_blank\" rel=\"noopener\"><img decoding=\"async\" class=\"wp-image-444 alignleft\" src=\"http:\/\/www2.unifap.br\/comite\/files\/2026\/02\/Conep.png\" alt=\"\" width=\"143\" height=\"48\"><\/a><a style=\"font-size: 16px;background-color: #ffffff\" href=\"https:\/\/www.unifap.br\/\" target=\"_blank\" rel=\"noopener\"><img decoding=\"async\" class=\"wp-image-437 alignleft\" src=\"http:\/\/www2.unifap.br\/comite\/files\/2014\/03\/cropped-logo_oficial_COMITE.png\" alt=\"\" width=\"134\" height=\"60\"><\/a><\/p>\n<p style=\"text-align: center\">&nbsp;<\/p>\n<p data-start=\"1543\" data-end=\"1570\">&nbsp;<\/p>\n<p data-start=\"1543\" data-end=\"1570\">&nbsp;<\/p>\n<p data-start=\"1543\" data-end=\"1570\">&nbsp;<\/p>\n<p data-start=\"1543\" data-end=\"1570\">&nbsp;<\/p>\n","protected":false},"excerpt":{"rendered":"<p>O Comit\u00ea de \u00c9tica em Pesquisa da Universidade Federal do Amap\u00e1 (CEP-UNIFAP) \u00e9 um colegiado independente, de natureza p\u00fablica, multi e transdisciplinar, com car\u00e1ter consultivo, deliberativo e educativo, respons\u00e1vel pela avalia\u00e7\u00e3o \u00e9tica de projetos de pesquisa que envolvam seres humanos. Sua atua\u00e7\u00e3o est\u00e1 fundamentada na Resolu\u00e7\u00e3o n\u00ba 466\/2012 do Conselho Nacional de Sa\u00fade, bem como&#8230;<\/p>\n","protected":false},"author":40,"featured_media":0,"parent":0,"menu_order":4,"comment_status":"open","ping_status":"open","template":"","meta":{"inline_featured_image":false,"ngg_post_thumbnail":0,"footnotes":""},"class_list":["post-4","page","type-page","status-publish","hentry"],"_links":{"self":[{"href":"http:\/\/www2.unifap.br\/comite\/wp-json\/wp\/v2\/pages\/4","targetHints":{"allow":["GET"]}}],"collection":[{"href":"http:\/\/www2.unifap.br\/comite\/wp-json\/wp\/v2\/pages"}],"about":[{"href":"http:\/\/www2.unifap.br\/comite\/wp-json\/wp\/v2\/types\/page"}],"author":[{"embeddable":true,"href":"http:\/\/www2.unifap.br\/comite\/wp-json\/wp\/v2\/users\/40"}],"replies":[{"embeddable":true,"href":"http:\/\/www2.unifap.br\/comite\/wp-json\/wp\/v2\/comments?post=4"}],"version-history":[{"count":19,"href":"http:\/\/www2.unifap.br\/comite\/wp-json\/wp\/v2\/pages\/4\/revisions"}],"predecessor-version":[{"id":454,"href":"http:\/\/www2.unifap.br\/comite\/wp-json\/wp\/v2\/pages\/4\/revisions\/454"}],"wp:attachment":[{"href":"http:\/\/www2.unifap.br\/comite\/wp-json\/wp\/v2\/media?parent=4"}],"curies":[{"name":"wp","href":"https:\/\/api.w.org\/{rel}","templated":true}]}}