{"id":2,"date":"2015-12-15T13:45:09","date_gmt":"2015-12-15T13:45:09","guid":{"rendered":"http:\/\/www2.unifap.br\/copea\/?page_id=2"},"modified":"2023-02-08T12:31:45","modified_gmt":"2023-02-08T12:31:45","slug":"dicri","status":"publish","type":"page","link":"http:\/\/www2.unifap.br\/copea\/dicri\/","title":{"rendered":"DICRI"},"content":{"rendered":"<p>Divis\u00e3o de Coopera\u00e7\u00e3o e Rela\u00e7\u00f5es interinstitucional<\/p>\n","protected":false},"excerpt":{"rendered":"<p>Divis\u00e3o de Coopera\u00e7\u00e3o e Rela\u00e7\u00f5es interinstitucional<\/p>\n","protected":false},"author":527,"featured_media":0,"parent":0,"menu_order":0,"comment_status":"open","ping_status":"closed","template":"","meta":{"inline_featured_image":false,"ngg_post_thumbnail":0,"footnotes":""},"class_list":["post-2","page","type-page","status-publish","hentry"],"_links":{"self":[{"href":"http:\/\/www2.unifap.br\/copea\/wp-json\/wp\/v2\/pages\/2","targetHints":{"allow":["GET"]}}],"collection":[{"href":"http:\/\/www2.unifap.br\/copea\/wp-json\/wp\/v2\/pages"}],"about":[{"href":"http:\/\/www2.unifap.br\/copea\/wp-json\/wp\/v2\/types\/page"}],"author":[{"embeddable":true,"href":"http:\/\/www2.unifap.br\/copea\/wp-json\/wp\/v2\/users\/527"}],"replies":[{"embeddable":true,"href":"http:\/\/www2.unifap.br\/copea\/wp-json\/wp\/v2\/comments?post=2"}],"version-history":[{"count":4,"href":"http:\/\/www2.unifap.br\/copea\/wp-json\/wp\/v2\/pages\/2\/revisions"}],"predecessor-version":[{"id":116,"href":"http:\/\/www2.unifap.br\/copea\/wp-json\/wp\/v2\/pages\/2\/revisions\/116"}],"wp:attachment":[{"href":"http:\/\/www2.unifap.br\/copea\/wp-json\/wp\/v2\/media?parent=2"}],"curies":[{"name":"wp","href":"https:\/\/api.w.org\/{rel}","templated":true}]}}